{"id":10126,"date":"2013-02-06T17:55:57","date_gmt":"2013-02-06T17:55:57","guid":{"rendered":"https:\/\/mastermedurgencias.umh.es\/presentacion\/"},"modified":"2022-10-04T13:43:16","modified_gmt":"2022-10-04T13:43:16","slug":"presentacion","status":"publish","type":"page","link":"https:\/\/mastermedurgencias.umh.es\/ca\/presentacion\/","title":{"rendered":"PRESENTACI\u00d3"},"content":{"rendered":"<h4>NOT\u00cdCIES 1r CURS<\/h4>\n<p><strong>INICI D&#8217;ASSIGNATURA<\/strong><\/p>\n<ul>\n<li style=\"list-style-type: none;\">\n<ul>\n<li style=\"list-style-type: none;\">\n<ul>\n<li style=\"list-style-type: none;\">\n<ul>\n<li>Ha comen\u00e7at l&#8217;assignatura <a title=\"Accedeix a la primera assignatura del m\u00e0ster MUE\" href=\"https:\/\/umh3646.edu.umh.es\"><strong>\u00c1CTUACI\u00d3 PSICOL\u00d2GICA EN MEDICINA D&#8217;EMERG\u00c8NCIES (3646)<\/strong><\/a> dirigida per la professora responsable <i>Purificaci\u00f3 Bernabeu<\/i>.L&#8217;assignatura estar\u00e0 disponible <strong>del 14 d&#8217;octubre al 20 de novembre de 2019<\/strong><br \/>\n<h4><a title=\"Ho veur\u00e0s en una nova finestra\" href=\"http:\/\/umh3646.edu.umh.es\/material\/\" target=\"_blank\" rel=\"noopener\"><strong>PODEU DESCARREGAR TOTS ELS CONTINGUTS DE L&#8217;ASSIGNATURA EN LA SECCI\u00d3 MATERIAL<\/strong><\/a><\/h4>\n<p><strong>PR\u00c0CTIQUES OBLIGAT\u00d2RIES.<\/strong><\/p>\n<h3>DATA DE LLIURAMENT DE PR\u00c0CTIQUES OBLIGAT\u00d2RIES: 19 de novembre de 2019<\/h3>\n<p><strong>Descarrega-les i envia-les a la secretaria o deixa-les en la carpeta compartida amb el teu nom (nom\u00e9s tu tens perm\u00eds)<\/strong><\/p>\n<p><a title=\"Accedeix amb el teu compte Goumh en una nova finestra\" href=\"https:\/\/drive.google.com\/drive\/folders\/1bPCbLVqFj3UbdkSimGKaTvjk_wVmMGtj?usp=sharing\" target=\"_blank\" rel=\"noopener\"><strong>PR\u00c0CTICA 1<\/strong><\/a><\/p>\n<p><a title=\" Accedeix amb el teu compte en una nova finestra\" href=\"https:\/\/drive.google.com\/drive\/folders\/11kP906VR_x-Ioir8dWkyBOTc_GNUE9Ad?usp=sharing\" target=\"_blank\" rel=\"noopener\"><strong>PR\u00c0CTICA 2<\/strong><\/a><\/p>\n<p><a title=\" Accedeix amb el teu compte en una nova finestra\" href=\"https:\/\/drive.google.com\/drive\/folders\/1N3A3MQqpu-nKT7nILX9wwSRT-B_dO2XJ?usp=sharing\" target=\"_blank\" rel=\"noopener\"><strong>PR\u00c0CTICA 3<\/strong><\/a><\/li>\n<\/ul>\n<ul>\n<li>Ha comen\u00e7at l&#8217;assignatura <a title=\"Accedeix a la primera assignatura del m\u00e0ster MUE\" href=\"https:\/\/umh3645.edu.umh.es\"><strong>\u00c0MBITS I BASES BIO\u00c8TIQUES I SEGURETAT DEL PACIENT (3645)<\/strong><\/a> dirigida per la professora responsable <i>Concepci\u00f3n Carratal\u00e1<\/i>.L&#8217;assignatura estar\u00e0 disponible <strong>de l&#8217;1 d&#8217;octubre al 6 de novembre de 2019<\/strong>\n<p>&nbsp;<\/p>\n<h5><a title=\"Ho veur\u00e0s en una nova finestra\" href=\"http:\/\/umh3645.edu.umh.es\/material\/\" target=\"_blank\" rel=\"noopener\"><strong>PODEU DESCARREGAR TOTS ELS CONTINGUTS DE L&#8217;ASSIGNATURA EN LA SECCI\u00d3 MATERIAL<\/strong><\/a><\/h5>\n<\/li>\n<\/ul>\n<\/li>\n<\/ul>\n<\/li>\n<\/ul>\n<\/li>\n<\/ul>\n<h4>NOT\u00cdCIES 2n CURS<\/h4>\n<p><strong>INICI D&#8217;ASSIGNATURA<\/strong><\/p>\n<ul>\n<li style=\"list-style-type: none;\">\n<ul>\n<li style=\"list-style-type: none;\">\n<ul>\n<li style=\"list-style-type: none;\">\n<ul>\n<li>Ha comen\u00e7at l&#8217;assignatura <a title=\"Accedeix a la primera assignatura del m\u00e0ster MUE\" href=\"https:\/\/umh3658.edu.umh.es\"><strong>URG\u00c8NCIES I EMERG\u00c8NCIES EN EL SISTEMA LOCOMOTOR (3658)<\/strong><\/a> dirigida pel professor responsable <i>Fernando L\u00f3pez Prats<\/i>.L&#8217;assignatura estar\u00e0 disponible <strong>de l&#8217;1 d&#8217;octubre al 6 de novembre de 2019<\/strong>.\n<p>&nbsp;<\/p>\n<h5><a title=\"Ho veur\u00e0s en una nova finestra\" href=\"http:\/\/umh3658.edu.umh.es\/material\/\" target=\"_blank\" rel=\"noopener\"><strong>PODEU DESCARREGAR TOTS ELS CONTINGUTS DE L&#8217;ASSIGNATURA EN LA SECCI\u00d3 MATERIAL<\/strong><\/a><\/h5>\n<\/li>\n<\/ul>\n<\/li>\n<\/ul>\n<\/li>\n<\/ul>\n<\/li>\n<\/ul>\n<p><strong>INICI D&#8217;ASSIGNATURA<\/strong><\/p>\n<ul>\n<li style=\"list-style-type: none;\">\n<ul>\n<li style=\"list-style-type: none;\">\n<ul>\n<li style=\"list-style-type: none;\">\n<ul>\n<li>Ha comen\u00e7at l&#8217;assignatura <a title=\"Ho veur\u00e0s en una nova finestra\" href=\"http:\/\/umh3666.edu.umh.es\" target=\"_blank\" rel=\"noopener\"><strong>TREBALL FI DE M\u00c0STER (3666)<\/strong><\/a> dirigida pel professor responsable <em>Javier Fern\u00e1ndez<\/em>. L&#8217;assignatura estar\u00e0 disponible <strong>de l&#8217;1 d&#8217;octubre de 2019 al 30 de juny de 2020<\/strong>.<a title=\"Ho veur\u00e0s en una nova finestra\" href=\"http:\/\/umh3666.edu.umh.es\/material-y-documentacion\/\" target=\"_blank\" rel=\"noopener\"><strong>PODEU DESCARREGAR LA DOCUMENTACI\u00d3 NECESS\u00c0RIA A PRESENTAR EN EL TFM<\/strong><\/a>\n<p><a title=\"Ho veur\u00e0s en una nova finestra\" href=\"http:\/\/umh3666.edu.umh.es\/tutores-especialidad\/\" target=\"_blank\" rel=\"noopener\"><strong>TAMB\u00c9 HEU DE CONTACTAR AMB EL TUTOR D&#8217;ESPECIALITAT RELACIONADA AMB EL VOSTRE TFM I COMPROVAR DISPONIBILITAT<\/strong><\/a><\/li>\n<\/ul>\n<\/li>\n<\/ul>\n<\/li>\n<\/ul>\n<\/li>\n<\/ul>\n<h3>ACTIVA EL TEU COMPTE GOUMH DEL M\u00c0STER MUE 2019-20<\/h3>\n<p><iframe loading=\"lazy\" src=\"https:\/\/www.youtube.com\/embed\/LNQdnOJur4w\" width=\"520\" height=\"415\" frameborder=\"0\" allowfullscreen=\"allowfullscreen\"><\/iframe><\/p>\n<p>Accedeix a altres <strong>TUTORIALS<\/strong> del m\u00e0ster <a title=\"Ho veur\u00e0s en una nova finestra\" href=\"http:\/\/mastermedurgencias.umh.es\/presentacion\/tutoriales-para-el-seguimiento-del-master\/\" target=\"_blank\" rel=\"noopener\"><strong>AC\u00cd<\/strong><\/a><\/p>\n<h3>ACCEDEIX A TOTS ELS TUTORIALS PER Al CORRECTE SEGUIMENT DEL M\u00c0STER<\/h3>\n<p>Benvinguts al <strong>M\u00e0ster Universitari en Medicina d&#8217;Urg\u00e8ncies i Emerg\u00e8ncies 2019\/2020<\/strong><\/p>\n<p>Per a poder accedir als continguts, f\u00f2rums, ex\u00e0mens i comunicacions del m\u00e0ster, <a title=\"Ho veur\u00e0s en una nova finestra\" href=\"http:\/\/youtu.be\/LNQdnOJur4w\" target=\"_blank\" rel=\"noopener\"><strong> abans HAUR\u00c0S DE CONFIGURAR EL TEU COMPTE Goumh<\/strong><\/a>.<\/p>\n<h3>CALENDARI 1ER I 2n CURS M\u00c0STER MUE 2019-20<\/h3>\n<p>Descarrega-ho en PDF <a title=\"Ho veur\u00e0s en una nova finestra\" href=\"http:\/\/mastermedurgencias.umh.es\/calendario-curso-2019-20\/\" target=\"_blank\" rel=\"noopener\"><strong>AC\u00cd<\/strong><\/a><\/p>\n<p><iframe loading=\"lazy\" src=\"http:\/\/www.umh.es\/contenido\/pas\/:tit_m_239\/datos_val.html?destino=frame\" width=\"100%\" height=\"2000\" frameborder=\"0\"><\/iframe><\/p>\n<p>&nbsp;<\/p>\n","protected":false},"excerpt":{"rendered":"<p>NOT\u00cdCIES 1r CURS INICI D&#8217;ASSIGNATURA Ha comen\u00e7at l&#8217;assignatura \u00c1CTUACI\u00d3 PSICOL\u00d2GICA EN MEDICINA D&#8217;EMERG\u00c8NCIES (3646) dirigida per la professora responsable Purificaci\u00f3 Bernabeu.L&#8217;assignatura estar\u00e0 disponible del 14 d&#8217;octubre al 20 de novembre de 2019 PODEU DESCARREGAR TOTS ELS CONTINGUTS DE L&#8217;ASSIGNATURA EN LA SECCI\u00d3 MATERIAL PR\u00c0CTIQUES OBLIGAT\u00d2RIES. DATA DE LLIURAMENT DE PR\u00c0CTIQUES OBLIGAT\u00d2RIES: 19 de novembre de [&hellip;]<\/p>\n","protected":false},"author":1103,"featured_media":0,"parent":0,"menu_order":0,"comment_status":"closed","ping_status":"closed","template":"","meta":{"_et_pb_use_builder":"","_et_pb_old_content":"","_et_gb_content_width":"","_links_to":"","_links_to_target":""},"yoast_head":"<!-- This site is optimized with the Yoast SEO plugin v17.5 - https:\/\/yoast.com\/wordpress\/plugins\/seo\/ -->\n<title>PRESENTACI\u00d3 - M\u00e1ster en Medicina de Urgencias y Emergencias<\/title>\n<meta name=\"robots\" content=\"index, follow, max-snippet:-1, max-image-preview:large, max-video-preview:-1\" \/>\n<link rel=\"canonical\" href=\"https:\/\/mastermedurgencias.umh.es\/ca\/presentacion\/\" \/>\n<meta property=\"og:locale\" content=\"ca_ES\" \/>\n<meta property=\"og:type\" content=\"article\" \/>\n<meta property=\"og:title\" content=\"PRESENTACI\u00d3 - M\u00e1ster en Medicina de Urgencias y Emergencias\" \/>\n<meta property=\"og:description\" content=\"NOT\u00cdCIES 1r CURS INICI D&#8217;ASSIGNATURA Ha comen\u00e7at l&#8217;assignatura \u00c1CTUACI\u00d3 PSICOL\u00d2GICA EN MEDICINA D&#8217;EMERG\u00c8NCIES (3646) dirigida per la professora responsable Purificaci\u00f3 Bernabeu.L&#8217;assignatura estar\u00e0 disponible del 14 d&#8217;octubre al 20 de novembre de 2019 PODEU DESCARREGAR TOTS ELS CONTINGUTS DE L&#8217;ASSIGNATURA EN LA SECCI\u00d3 MATERIAL PR\u00c0CTIQUES OBLIGAT\u00d2RIES. DATA DE LLIURAMENT DE PR\u00c0CTIQUES OBLIGAT\u00d2RIES: 19 de novembre de [&hellip;]\" \/>\n<meta property=\"og:url\" content=\"https:\/\/mastermedurgencias.umh.es\/ca\/presentacion\/\" \/>\n<meta property=\"og:site_name\" content=\"M\u00e1ster en Medicina de Urgencias y Emergencias\" \/>\n<meta property=\"article:modified_time\" content=\"2022-10-04T13:43:16+00:00\" \/>\n<meta name=\"twitter:card\" content=\"summary\" \/>\n<meta name=\"twitter:label1\" content=\"Temps estimat de lectura\" \/>\n\t<meta name=\"twitter:data1\" content=\"2 minuts\" \/>\n<script type=\"application\/ld+json\" class=\"yoast-schema-graph\">{\"@context\":\"https:\/\/schema.org\",\"@graph\":[{\"@type\":\"WebSite\",\"@id\":\"https:\/\/mastermedurgencias.umh.es\/#website\",\"url\":\"https:\/\/mastermedurgencias.umh.es\/\",\"name\":\"M\\u00e1ster en Medicina de Urgencias y Emergencias\",\"description\":\"Universidad Miguel Hern\\u00e1ndez de Elche\",\"potentialAction\":[{\"@type\":\"SearchAction\",\"target\":{\"@type\":\"EntryPoint\",\"urlTemplate\":\"https:\/\/mastermedurgencias.umh.es\/?s={search_term_string}\"},\"query-input\":\"required name=search_term_string\"}],\"inLanguage\":\"ca\"},{\"@type\":\"WebPage\",\"@id\":\"https:\/\/mastermedurgencias.umh.es\/ca\/presentacion\/#webpage\",\"url\":\"https:\/\/mastermedurgencias.umh.es\/ca\/presentacion\/\",\"name\":\"PRESENTACI\\u00d3 - M\\u00e1ster en Medicina de Urgencias y Emergencias\",\"isPartOf\":{\"@id\":\"https:\/\/mastermedurgencias.umh.es\/#website\"},\"datePublished\":\"2013-02-06T17:55:57+00:00\",\"dateModified\":\"2022-10-04T13:43:16+00:00\",\"breadcrumb\":{\"@id\":\"https:\/\/mastermedurgencias.umh.es\/ca\/presentacion\/#breadcrumb\"},\"inLanguage\":\"ca\",\"potentialAction\":[{\"@type\":\"ReadAction\",\"target\":[\"https:\/\/mastermedurgencias.umh.es\/ca\/presentacion\/\"]}]},{\"@type\":\"BreadcrumbList\",\"@id\":\"https:\/\/mastermedurgencias.umh.es\/ca\/presentacion\/#breadcrumb\",\"itemListElement\":[{\"@type\":\"ListItem\",\"position\":1,\"name\":\"Inici\",\"item\":\"https:\/\/mastermedurgencias.umh.es\/ca\/\"},{\"@type\":\"ListItem\",\"position\":2,\"name\":\"PRESENTACI\\u00d3\"}]}]}<\/script>\n<!-- \/ Yoast SEO plugin. -->","yoast_head_json":{"title":"PRESENTACI\u00d3 - M\u00e1ster en Medicina de Urgencias y Emergencias","robots":{"index":"index","follow":"follow","max-snippet":"max-snippet:-1","max-image-preview":"max-image-preview:large","max-video-preview":"max-video-preview:-1"},"canonical":"https:\/\/mastermedurgencias.umh.es\/ca\/presentacion\/","og_locale":"ca_ES","og_type":"article","og_title":"PRESENTACI\u00d3 - M\u00e1ster en Medicina de Urgencias y Emergencias","og_description":"NOT\u00cdCIES 1r CURS INICI D&#8217;ASSIGNATURA Ha comen\u00e7at l&#8217;assignatura \u00c1CTUACI\u00d3 PSICOL\u00d2GICA EN MEDICINA D&#8217;EMERG\u00c8NCIES (3646) dirigida per la professora responsable Purificaci\u00f3 Bernabeu.L&#8217;assignatura estar\u00e0 disponible del 14 d&#8217;octubre al 20 de novembre de 2019 PODEU DESCARREGAR TOTS ELS CONTINGUTS DE L&#8217;ASSIGNATURA EN LA SECCI\u00d3 MATERIAL PR\u00c0CTIQUES OBLIGAT\u00d2RIES. DATA DE LLIURAMENT DE PR\u00c0CTIQUES OBLIGAT\u00d2RIES: 19 de novembre de [&hellip;]","og_url":"https:\/\/mastermedurgencias.umh.es\/ca\/presentacion\/","og_site_name":"M\u00e1ster en Medicina de Urgencias y Emergencias","article_modified_time":"2022-10-04T13:43:16+00:00","twitter_card":"summary","twitter_misc":{"Temps estimat de lectura":"2 minuts"},"schema":{"@context":"https:\/\/schema.org","@graph":[{"@type":"WebSite","@id":"https:\/\/mastermedurgencias.umh.es\/#website","url":"https:\/\/mastermedurgencias.umh.es\/","name":"M\u00e1ster en Medicina de Urgencias y Emergencias","description":"Universidad Miguel Hern\u00e1ndez de Elche","potentialAction":[{"@type":"SearchAction","target":{"@type":"EntryPoint","urlTemplate":"https:\/\/mastermedurgencias.umh.es\/?s={search_term_string}"},"query-input":"required name=search_term_string"}],"inLanguage":"ca"},{"@type":"WebPage","@id":"https:\/\/mastermedurgencias.umh.es\/ca\/presentacion\/#webpage","url":"https:\/\/mastermedurgencias.umh.es\/ca\/presentacion\/","name":"PRESENTACI\u00d3 - M\u00e1ster en Medicina de Urgencias y Emergencias","isPartOf":{"@id":"https:\/\/mastermedurgencias.umh.es\/#website"},"datePublished":"2013-02-06T17:55:57+00:00","dateModified":"2022-10-04T13:43:16+00:00","breadcrumb":{"@id":"https:\/\/mastermedurgencias.umh.es\/ca\/presentacion\/#breadcrumb"},"inLanguage":"ca","potentialAction":[{"@type":"ReadAction","target":["https:\/\/mastermedurgencias.umh.es\/ca\/presentacion\/"]}]},{"@type":"BreadcrumbList","@id":"https:\/\/mastermedurgencias.umh.es\/ca\/presentacion\/#breadcrumb","itemListElement":[{"@type":"ListItem","position":1,"name":"Inici","item":"https:\/\/mastermedurgencias.umh.es\/ca\/"},{"@type":"ListItem","position":2,"name":"PRESENTACI\u00d3"}]}]}},"_links":{"self":[{"href":"https:\/\/mastermedurgencias.umh.es\/ca\/wp-json\/wp\/v2\/pages\/10126"}],"collection":[{"href":"https:\/\/mastermedurgencias.umh.es\/ca\/wp-json\/wp\/v2\/pages"}],"about":[{"href":"https:\/\/mastermedurgencias.umh.es\/ca\/wp-json\/wp\/v2\/types\/page"}],"author":[{"embeddable":true,"href":"https:\/\/mastermedurgencias.umh.es\/ca\/wp-json\/wp\/v2\/users\/1103"}],"replies":[{"embeddable":true,"href":"https:\/\/mastermedurgencias.umh.es\/ca\/wp-json\/wp\/v2\/comments?post=10126"}],"version-history":[{"count":0,"href":"https:\/\/mastermedurgencias.umh.es\/ca\/wp-json\/wp\/v2\/pages\/10126\/revisions"}],"wp:attachment":[{"href":"https:\/\/mastermedurgencias.umh.es\/ca\/wp-json\/wp\/v2\/media?parent=10126"}],"curies":[{"name":"wp","href":"https:\/\/api.w.org\/{rel}","templated":true}]}}