{"id":10150,"date":"2014-10-06T15:00:36","date_gmt":"2014-10-06T15:00:36","guid":{"rendered":"https:\/\/mastermedurgencias.umh.es\/presentacion\/tutoriales-para-el-seguimiento-del-master\/"},"modified":"2022-10-04T14:01:48","modified_gmt":"2022-10-04T14:01:48","slug":"tutoriales-para-el-seguimiento-del-master","status":"publish","type":"page","link":"https:\/\/mastermedurgencias.umh.es\/ca\/presentacion\/tutoriales-para-el-seguimiento-del-master\/","title":{"rendered":"Tutorials per al seguiment del M\u00e0ster"},"content":{"rendered":"<p dir=\"ltr\">Per al seguiment del m\u00e0ster utilitzarem una plataforma online basada en GoUmh. Com a alumne de la UMH tindr\u00e0s un compte GoUmh que has d&#8217;activar. A continuaci\u00f3 tens uns v\u00eddeos per a con\u00e8ixer com funcionen cadascuna de les eines que et resultaran d&#8217;inter\u00e8s durant el curs.<\/p>\n<p dir=\"ltr\">Visualitza&#8217;ls i consulta&#8217;ls quan els necessites.<\/p>\n<p>&nbsp;<\/p>\n<ol>\n<li dir=\"ltr\"><strong><a href=\"http:\/\/youtu.be\/LNQdnOJur4w\" target=\"_blank\" rel=\"noopener\">COM ACTIVAR EL TEU COMPTE GOUMH<\/a><\/strong><\/li>\n<p>        <iframe loading=\"lazy\" src=\"https:\/\/www.youtube.com\/embed\/LNQdnOJur4w\" width=\"320\" height=\"180\" frameborder=\"0\" allowfullscreen=\"allowfullscreen\"><\/iframe><\/p>\n<p>&nbsp;<\/p>\n<li dir=\"ltr\"><strong><a href=\"http:\/\/youtu.be\/IKmSvpstlcI\" target=\"_blank\" rel=\"noopener\">ACC\u00c9S A LA WEB DEL M\u00c0STER I DE LES SEUES ASSIGNATURES<\/a><\/strong><\/li>\n<p>        <iframe loading=\"lazy\" src=\"https:\/\/www.youtube.com\/embed\/IKmSvpstlcI\" width=\"320\" height=\"180\" frameborder=\"0\" allowfullscreen=\"allowfullscreen\"><\/iframe><br \/>\n&nbsp;<\/p>\n<li dir=\"ltr\"><strong><a href=\"http:\/\/youtu.be\/vIC6RRTXAH4\">INICI DE SESSI\u00d3 EN GOUMH I ACC\u00c9S ALS MATERIALS D&#8217;ESTUDI<\/a><\/strong><\/li>\n<p>        <iframe loading=\"lazy\" src=\"https:\/\/www.youtube.com\/embed\/vIC6RRTXAH4\" width=\"320\" height=\"180\" frameborder=\"0\" allowfullscreen=\"allowfullscreen\"><\/iframe><br \/>\n&nbsp;<\/p>\n<li dir=\"ltr\"><strong><a href=\"http:\/\/youtu.be\/rAFCgtvSYl4\">ACC\u00c9S I PARTICIPACI\u00d3 EN ELS F\u00d2RUMS<\/a><\/strong><\/li>\n<p>        <iframe loading=\"lazy\" src=\"https:\/\/www.youtube.com\/embed\/rAFCgtvSYl4\" width=\"320\" height=\"180\" frameborder=\"0\" allowfullscreen=\"allowfullscreen\"><\/iframe>\n<\/ol>\n<p>&nbsp;<br \/>\n&nbsp;<\/p>\n","protected":false},"excerpt":{"rendered":"<p>Per al seguiment del m\u00e0ster utilitzarem una plataforma online basada en GoUmh. Com a alumne de la UMH tindr\u00e0s un compte GoUmh que has d&#8217;activar. A continuaci\u00f3 tens uns v\u00eddeos per a con\u00e8ixer com funcionen cadascuna de les eines que et resultaran d&#8217;inter\u00e8s durant el curs. Visualitza&#8217;ls i consulta&#8217;ls quan els necessites. &nbsp; COM ACTIVAR [&hellip;]<\/p>\n","protected":false},"author":1147,"featured_media":0,"parent":10126,"menu_order":0,"comment_status":"closed","ping_status":"closed","template":"","meta":{"_et_pb_use_builder":"","_et_pb_old_content":"","_et_gb_content_width":"","_links_to":"","_links_to_target":""},"yoast_head":"<!-- This site is optimized with the Yoast SEO plugin v17.5 - https:\/\/yoast.com\/wordpress\/plugins\/seo\/ -->\n<title>Tutorials per al seguiment del M\u00e0ster - M\u00e1ster en Medicina de Urgencias y Emergencias<\/title>\n<meta name=\"robots\" content=\"index, follow, max-snippet:-1, max-image-preview:large, max-video-preview:-1\" \/>\n<link rel=\"canonical\" href=\"https:\/\/mastermedurgencias.umh.es\/ca\/presentacion\/tutoriales-para-el-seguimiento-del-master\/\" \/>\n<meta property=\"og:locale\" content=\"ca_ES\" \/>\n<meta property=\"og:type\" content=\"article\" \/>\n<meta property=\"og:title\" content=\"Tutorials per al seguiment del M\u00e0ster - M\u00e1ster en Medicina de Urgencias y Emergencias\" \/>\n<meta property=\"og:description\" content=\"Per al seguiment del m\u00e0ster utilitzarem una plataforma online basada en GoUmh. Com a alumne de la UMH tindr\u00e0s un compte GoUmh que has d&#8217;activar. A continuaci\u00f3 tens uns v\u00eddeos per a con\u00e8ixer com funcionen cadascuna de les eines que et resultaran d&#8217;inter\u00e8s durant el curs. Visualitza&#8217;ls i consulta&#8217;ls quan els necessites. &nbsp; COM ACTIVAR [&hellip;]\" \/>\n<meta property=\"og:url\" content=\"https:\/\/mastermedurgencias.umh.es\/ca\/presentacion\/tutoriales-para-el-seguimiento-del-master\/\" \/>\n<meta property=\"og:site_name\" content=\"M\u00e1ster en Medicina de Urgencias y Emergencias\" \/>\n<meta property=\"article:modified_time\" content=\"2022-10-04T14:01:48+00:00\" \/>\n<meta name=\"twitter:card\" content=\"summary\" \/>\n<meta name=\"twitter:label1\" content=\"Temps estimat de lectura\" \/>\n\t<meta name=\"twitter:data1\" content=\"1 minut\" \/>\n<script type=\"application\/ld+json\" class=\"yoast-schema-graph\">{\"@context\":\"https:\/\/schema.org\",\"@graph\":[{\"@type\":\"WebSite\",\"@id\":\"https:\/\/mastermedurgencias.umh.es\/#website\",\"url\":\"https:\/\/mastermedurgencias.umh.es\/\",\"name\":\"M\\u00e1ster en Medicina de Urgencias y Emergencias\",\"description\":\"Universidad Miguel Hern\\u00e1ndez de Elche\",\"potentialAction\":[{\"@type\":\"SearchAction\",\"target\":{\"@type\":\"EntryPoint\",\"urlTemplate\":\"https:\/\/mastermedurgencias.umh.es\/?s={search_term_string}\"},\"query-input\":\"required name=search_term_string\"}],\"inLanguage\":\"ca\"},{\"@type\":\"WebPage\",\"@id\":\"https:\/\/mastermedurgencias.umh.es\/ca\/presentacion\/tutoriales-para-el-seguimiento-del-master\/#webpage\",\"url\":\"https:\/\/mastermedurgencias.umh.es\/ca\/presentacion\/tutoriales-para-el-seguimiento-del-master\/\",\"name\":\"Tutorials per al seguiment del M\\u00e0ster - M\\u00e1ster en Medicina de Urgencias y Emergencias\",\"isPartOf\":{\"@id\":\"https:\/\/mastermedurgencias.umh.es\/#website\"},\"datePublished\":\"2014-10-06T15:00:36+00:00\",\"dateModified\":\"2022-10-04T14:01:48+00:00\",\"breadcrumb\":{\"@id\":\"https:\/\/mastermedurgencias.umh.es\/ca\/presentacion\/tutoriales-para-el-seguimiento-del-master\/#breadcrumb\"},\"inLanguage\":\"ca\",\"potentialAction\":[{\"@type\":\"ReadAction\",\"target\":[\"https:\/\/mastermedurgencias.umh.es\/ca\/presentacion\/tutoriales-para-el-seguimiento-del-master\/\"]}]},{\"@type\":\"BreadcrumbList\",\"@id\":\"https:\/\/mastermedurgencias.umh.es\/ca\/presentacion\/tutoriales-para-el-seguimiento-del-master\/#breadcrumb\",\"itemListElement\":[{\"@type\":\"ListItem\",\"position\":1,\"name\":\"Inici\",\"item\":\"https:\/\/mastermedurgencias.umh.es\/ca\/\"},{\"@type\":\"ListItem\",\"position\":2,\"name\":\"PRESENTACI\\u00d3\",\"item\":\"https:\/\/mastermedurgencias.umh.es\/ca\/presentacion\/\"},{\"@type\":\"ListItem\",\"position\":3,\"name\":\"Tutorials per al seguiment del M\\u00e0ster\"}]}]}<\/script>\n<!-- \/ Yoast SEO plugin. -->","yoast_head_json":{"title":"Tutorials per al seguiment del M\u00e0ster - M\u00e1ster en Medicina de Urgencias y Emergencias","robots":{"index":"index","follow":"follow","max-snippet":"max-snippet:-1","max-image-preview":"max-image-preview:large","max-video-preview":"max-video-preview:-1"},"canonical":"https:\/\/mastermedurgencias.umh.es\/ca\/presentacion\/tutoriales-para-el-seguimiento-del-master\/","og_locale":"ca_ES","og_type":"article","og_title":"Tutorials per al seguiment del M\u00e0ster - M\u00e1ster en Medicina de Urgencias y Emergencias","og_description":"Per al seguiment del m\u00e0ster utilitzarem una plataforma online basada en GoUmh. Com a alumne de la UMH tindr\u00e0s un compte GoUmh que has d&#8217;activar. A continuaci\u00f3 tens uns v\u00eddeos per a con\u00e8ixer com funcionen cadascuna de les eines que et resultaran d&#8217;inter\u00e8s durant el curs. Visualitza&#8217;ls i consulta&#8217;ls quan els necessites. &nbsp; COM ACTIVAR [&hellip;]","og_url":"https:\/\/mastermedurgencias.umh.es\/ca\/presentacion\/tutoriales-para-el-seguimiento-del-master\/","og_site_name":"M\u00e1ster en Medicina de Urgencias y Emergencias","article_modified_time":"2022-10-04T14:01:48+00:00","twitter_card":"summary","twitter_misc":{"Temps estimat de lectura":"1 minut"},"schema":{"@context":"https:\/\/schema.org","@graph":[{"@type":"WebSite","@id":"https:\/\/mastermedurgencias.umh.es\/#website","url":"https:\/\/mastermedurgencias.umh.es\/","name":"M\u00e1ster en Medicina de Urgencias y Emergencias","description":"Universidad Miguel Hern\u00e1ndez de Elche","potentialAction":[{"@type":"SearchAction","target":{"@type":"EntryPoint","urlTemplate":"https:\/\/mastermedurgencias.umh.es\/?s={search_term_string}"},"query-input":"required name=search_term_string"}],"inLanguage":"ca"},{"@type":"WebPage","@id":"https:\/\/mastermedurgencias.umh.es\/ca\/presentacion\/tutoriales-para-el-seguimiento-del-master\/#webpage","url":"https:\/\/mastermedurgencias.umh.es\/ca\/presentacion\/tutoriales-para-el-seguimiento-del-master\/","name":"Tutorials per al seguiment del M\u00e0ster - M\u00e1ster en Medicina de Urgencias y Emergencias","isPartOf":{"@id":"https:\/\/mastermedurgencias.umh.es\/#website"},"datePublished":"2014-10-06T15:00:36+00:00","dateModified":"2022-10-04T14:01:48+00:00","breadcrumb":{"@id":"https:\/\/mastermedurgencias.umh.es\/ca\/presentacion\/tutoriales-para-el-seguimiento-del-master\/#breadcrumb"},"inLanguage":"ca","potentialAction":[{"@type":"ReadAction","target":["https:\/\/mastermedurgencias.umh.es\/ca\/presentacion\/tutoriales-para-el-seguimiento-del-master\/"]}]},{"@type":"BreadcrumbList","@id":"https:\/\/mastermedurgencias.umh.es\/ca\/presentacion\/tutoriales-para-el-seguimiento-del-master\/#breadcrumb","itemListElement":[{"@type":"ListItem","position":1,"name":"Inici","item":"https:\/\/mastermedurgencias.umh.es\/ca\/"},{"@type":"ListItem","position":2,"name":"PRESENTACI\u00d3","item":"https:\/\/mastermedurgencias.umh.es\/ca\/presentacion\/"},{"@type":"ListItem","position":3,"name":"Tutorials per al seguiment del M\u00e0ster"}]}]}},"_links":{"self":[{"href":"https:\/\/mastermedurgencias.umh.es\/ca\/wp-json\/wp\/v2\/pages\/10150"}],"collection":[{"href":"https:\/\/mastermedurgencias.umh.es\/ca\/wp-json\/wp\/v2\/pages"}],"about":[{"href":"https:\/\/mastermedurgencias.umh.es\/ca\/wp-json\/wp\/v2\/types\/page"}],"author":[{"embeddable":true,"href":"https:\/\/mastermedurgencias.umh.es\/ca\/wp-json\/wp\/v2\/users\/1147"}],"replies":[{"embeddable":true,"href":"https:\/\/mastermedurgencias.umh.es\/ca\/wp-json\/wp\/v2\/comments?post=10150"}],"version-history":[{"count":0,"href":"https:\/\/mastermedurgencias.umh.es\/ca\/wp-json\/wp\/v2\/pages\/10150\/revisions"}],"up":[{"embeddable":true,"href":"https:\/\/mastermedurgencias.umh.es\/ca\/wp-json\/wp\/v2\/pages\/10126"}],"wp:attachment":[{"href":"https:\/\/mastermedurgencias.umh.es\/ca\/wp-json\/wp\/v2\/media?parent=10150"}],"curies":[{"name":"wp","href":"https:\/\/api.w.org\/{rel}","templated":true}]}}