{"id":10162,"date":"2018-07-11T12:07:15","date_gmt":"2018-07-11T12:07:15","guid":{"rendered":"https:\/\/mastermedurgencias.umh.es\/presentacion\/guia-de-uso-plataforma-online\/"},"modified":"2022-10-04T14:32:17","modified_gmt":"2022-10-04T14:32:17","slug":"guia-de-uso-plataforma-online","status":"publish","type":"page","link":"https:\/\/mastermedurgencias.umh.es\/ca\/presentacion\/guia-de-uso-plataforma-online\/","title":{"rendered":"GUIA D&#8217;US PLATAFORMA ONLINE"},"content":{"rendered":"<div class=\"vc_row wpb_row vc_inner vc_row-fluid\">\n<div class=\"wpb_column vc_column_container vc_col-sm-3\">\n<div class=\"vc_column-inner \">\n<div class=\"wpb_wrapper\">\n<div class=\"wpb_single_image wpb_content_element vc_align_left\">\n<figure class=\"wpb_wrapper vc_figure\">\n<div class=\"vc_single_image-wrapper vc_box_border_grey\"><img loading=\"lazy\" class=\"vc_single_image-img \" title=\"video-tutorial\" src=\"http:\/\/masterprofumh.es\/wp-content\/uploads\/2016\/03\/Video-tutorial-90x90.jpg\" alt=\"video-tutorial\" width=\"90\" height=\"90\" \/><\/div>\n<\/figure>\n<\/div>\n<\/div>\n<\/div>\n<\/div>\n<div class=\"wpb_column vc_column_container vc_col-sm-9\">\n<div class=\"vc_column-inner \">\n<div class=\"wpb_wrapper\">\n<div class=\"wpb_text_column wpb_content_element \">\n<div class=\"wpb_wrapper\">\n<p>En <strong>el M\u00e0ster Universitari en Medicina d&#8217;Urg\u00e8ncies i Emerg\u00e8ncies de la UMH<\/strong> emprem com a plataforma docent els recursos que ofereix <strong>Google Apps<\/strong>, integrats en el <strong>domini GoUmh<\/strong>, propi de la Universitat Miguel Hern\u00e1ndez. <strong>Per a accedir a ells has d&#8217;utilitzar sempre el teu compte GoUmh<\/strong>, un compte Gmail amb el mateix usuari i contrasenya que el compte d&#8217;alumne\/al fet que reps en matricular-te (usuario@alu.umh.es). La teua adre\u00e7a de correu electr\u00f2nic com a alumne de la UMH pots consultar-la en la web, <strong><a title=\"Lo ver\u00e1s en una nueva ventana\" href=\"http:\/\/www.umh.es\/\" target=\"_blank\" rel=\"noopener\">www.umh.es<\/a><\/strong>, accedint a trav\u00e9s del bot\u00f3 situat a la dreta de \u201cAcc\u00e9s <strong>identificat\u201d<\/strong> (<strong>usuari:<\/strong> DNI sense lletra i <strong>contrasenya:<\/strong> PIN de matr\u00edcula). Clica en WebMail Estudiants i en el men\u00fa de Contacte \u2013> Contactes de nombre.apellido@alu.umh.es. A continuaci\u00f3 et donem diverses recomanacions per a utilitzar els diferents recursos:<\/p>\n<div class=\"vc_row wpb_row vc_inner vc_row-fluid\">\n<div class=\"wpb_column vc_column_container vc_col-sm-3\">\n<div class=\"vc_column-inner \">\n<div class=\"wpb_wrapper\">\n<div class=\"wpb_single_image wpb_content_element vc_align_left\">\n<figure class=\"wpb_wrapper vc_figure\"><a class=\"vc_single_image-wrapper vc_box_border_grey\" href=\"https:\/\/www.youtube.com\/watch?v=8w6lKQ2ZLXc&#038;feature=youtu.be\" target=\"_self\" rel=\"noopener\"><img loading=\"lazy\" class=\"vc_single_image-img \" title=\"gmail\" src=\"http:\/\/masterprofumh.es\/wp-content\/uploads\/2016\/03\/gmail-90x90.jpg\" alt=\"gmail\" width=\"90\" height=\"90\" \/><\/a><\/figure>\n<\/div>\n<\/div>\n<\/div>\n<\/div>\n<div class=\"wpb_column vc_column_container vc_col-sm-9\">\n<div class=\"vc_column-inner \">\n<div class=\"wpb_wrapper\">\n<div class=\"wpb_text_column wpb_content_element \">\n<div class=\"wpb_wrapper\">\n<p><strong>CONSELL 1.<\/strong> Redirigeix el teu compte alu.umh.es (amb una b\u00fastia molt redu\u00efda) al teu compte GoUmh (amb una b\u00fastia il\u00b7limitada, per sempre i amb tots els avantatges d&#8217;un correu Gmail). Consulta aquesta <strong><a href=\"http:\/\/portal.goumh.umh.es\/estudiante\/dosenuno\">p\u00e0gina<\/a><\/strong>.<\/p>\n<\/div>\n<\/div>\n<\/div>\n<\/div>\n<\/div>\n<\/div>\n<div class=\"vc_row wpb_row vc_inner vc_row-fluid\">\n<div class=\"wpb_column vc_column_container vc_col-sm-3\">\n<div class=\"vc_column-inner \">\n<div class=\"wpb_wrapper\">\n<div class=\"wpb_single_image wpb_content_element vc_align_left\">\n<figure class=\"wpb_wrapper vc_figure\">\n<div class=\"vc_single_image-wrapper vc_box_border_grey\"><img loading=\"lazy\" class=\"vc_single_image-img \" title=\"chrome\" src=\"http:\/\/masterprofumh.es\/wp-content\/uploads\/2016\/03\/chrome-90x90.jpg\" alt=\"chrome\" width=\"90\" height=\"90\" \/><\/div>\n<\/figure>\n<\/div>\n<\/div>\n<\/div>\n<\/div>\n<div class=\"wpb_column vc_column_container vc_col-sm-9\">\n<div class=\"vc_column-inner \">\n<div class=\"wpb_wrapper\">\n<div class=\"wpb_text_column wpb_content_element \">\n<div class=\"wpb_wrapper\">\n<p><strong>CONSELL 2.<\/strong> Utilitza el navegador Chrome per a accedir als recursos del m\u00e0ster. Internet Explorer no funcionar\u00e0.<\/p>\n<\/div>\n<\/div>\n<\/div>\n<\/div>\n<\/div>\n<\/div>\n<div class=\"vc_row wpb_row vc_inner vc_row-fluid\">\n<div class=\"wpb_column vc_column_container vc_col-sm-3\">\n<div class=\"vc_column-inner \">\n<div class=\"wpb_wrapper\">\n<div class=\"wpb_single_image wpb_content_element vc_align_left\">\n<figure class=\"wpb_wrapper vc_figure\"><a class=\"vc_single_image-wrapper vc_box_border_grey\" href=\"https:\/\/www.youtube.com\/watch?v=Q7B9xedvqVk&#038;feature=youtu.be\" target=\"_self\" rel=\"noopener\"><img loading=\"lazy\" class=\"vc_single_image-img \" title=\"goumh\" src=\"http:\/\/masterprofumh.es\/wp-content\/uploads\/2016\/03\/goumh-90x90.jpg\" alt=\"goumh\" width=\"90\" height=\"90\" \/><\/a><\/figure>\n<\/div>\n<\/div>\n<\/div>\n<\/div>\n<div class=\"wpb_column vc_column_container vc_col-sm-9\">\n<div class=\"vc_column-inner \">\n<div class=\"wpb_wrapper\">\n<div class=\"wpb_text_column wpb_content_element \">\n<div class=\"wpb_wrapper\">\n<p><strong>CONSELL 3.<\/strong> Inicia sessi\u00f3 en Chrome amb el teu compte GoUmh. Recorda que pots utilitzar dos usuaris Gmail en paral\u00b7lel en el teu navegador Chrome. Consulta aquest <a href=\"https:\/\/youtu.be\/Q7B9xedvqVk\" target=\"_blank\" rel=\"noopener\">tutorial<\/a>. Per a accedir directament al teu correu GoUmh utilitza la ruta <a href=\"http:\/\/gmail.goumh.es\/\" target=\"_blank\" rel=\"noopener\">gmail.goumh.es<\/a> i identifica&#8217;t en l&#8217;acc\u00e9s UMH amb el teu usuari o dni (sense lletra) i el pin que vas rebre despr\u00e9s de la matr\u00edcula. <em><strong>Totes les notificacions del m\u00e0ster arribaran al teu compte GoUmh. Consulta-la amb regularitat.<\/strong><\/em><\/p>\n<\/div>\n<\/div>\n<\/div>\n<\/div>\n<\/div>\n<\/div>\n<div class=\"vc_row wpb_row vc_inner vc_row-fluid\">\n<div class=\"wpb_column vc_column_container vc_col-sm-3\">\n<div class=\"vc_column-inner \">\n<div class=\"wpb_wrapper\">\n<div class=\"wpb_single_image wpb_content_element vc_align_left\">\n<figure class=\"wpb_wrapper vc_figure\"><a class=\"vc_single_image-wrapper vc_box_border_grey\" href=\"http:\/\/drive.goumh.es\/\" target=\"_self\" rel=\"noopener\"><img loading=\"lazy\" class=\"vc_single_image-img \" title=\"drive\" src=\"http:\/\/masterprofumh.es\/wp-content\/uploads\/2016\/03\/drive-90x90.jpg\" alt=\"drive\" width=\"90\" height=\"90\" \/><\/a><\/figure>\n<\/div>\n<\/div>\n<\/div>\n<\/div>\n<div class=\"wpb_column vc_column_container vc_col-sm-9\">\n<div class=\"vc_column-inner \">\n<div class=\"wpb_wrapper\">\n<div class=\"wpb_text_column wpb_content_element \">\n<div class=\"wpb_wrapper\">\n<p><strong>CONSELL 4. <\/strong>Utilitza Google Drive (<a href=\"http:\/\/drive.goumh.es\/\" target=\"_blank\" rel=\"noopener\">drive.goumh.es<\/a>) per a emmagatzemar i editar els teus documents. \u00c9s una magn\u00edfica eina col\u00b7laborativa a tenir molt en compte per a la teua pr\u00e0ctica professional.<\/p>\n<\/div>\n<\/div>\n<\/div>\n<\/div>\n<\/div>\n<\/div>\n<div class=\"vc_row wpb_row vc_inner vc_row-fluid\">\n<div class=\"wpb_column vc_column_container vc_col-sm-3\">\n<div class=\"vc_column-inner \">\n<div class=\"wpb_wrapper\">\n<div class=\"wpb_single_image wpb_content_element vc_align_left\">\n<figure class=\"wpb_wrapper vc_figure\">\n<div class=\"vc_single_image-wrapper vc_box_border_grey\"><img loading=\"lazy\" class=\"vc_single_image-img \" title=\"information\" src=\"http:\/\/masterprofumh.es\/wp-content\/uploads\/2016\/03\/Information-90x90.jpg\" alt=\"information\" width=\"90\" height=\"90\" \/><\/div>\n<\/figure>\n<\/div>\n<p>Davant qualsevol dubte posa&#8217;t en contacte amb la Secretaria del M\u00e0ster MUE a trav\u00e9s del correu electr\u00f2nic <strong><a class=\"email\" title=\"Lo ver\u00e1s en una nueva ventana\" href=\"mailto:secretaria_master_medurgencias@goumh.umh.es\" target=\"_blank\" rel=\"noopener\">secret\u00e0ria_master_medurgencias@goumh.umh.es<\/a><\/strong><\/p>\n<\/div>\n<\/div>\n<\/div>\n<\/div>\n<\/div>\n<\/div>\n<\/div>\n<\/div>\n<\/div>\n<\/div>\n","protected":false},"excerpt":{"rendered":"<p>En el M\u00e0ster Universitari en Medicina d&#8217;Urg\u00e8ncies i Emerg\u00e8ncies de la UMH emprem com a plataforma docent els recursos que ofereix Google Apps, integrats en el domini GoUmh, propi de la Universitat Miguel Hern\u00e1ndez. Per a accedir a ells has d&#8217;utilitzar sempre el teu compte GoUmh, un compte Gmail amb el mateix usuari i contrasenya [&hellip;]<\/p>\n","protected":false},"author":6375,"featured_media":0,"parent":10126,"menu_order":0,"comment_status":"closed","ping_status":"closed","template":"","meta":{"_et_pb_use_builder":"","_et_pb_old_content":"","_et_gb_content_width":"","_links_to":"","_links_to_target":""},"yoast_head":"<!-- This site is optimized with the Yoast SEO plugin v17.5 - https:\/\/yoast.com\/wordpress\/plugins\/seo\/ -->\n<title>GUIA D&#039;US PLATAFORMA ONLINE - M\u00e1ster en Medicina de Urgencias y Emergencias<\/title>\n<meta name=\"robots\" content=\"index, follow, max-snippet:-1, max-image-preview:large, max-video-preview:-1\" \/>\n<link rel=\"canonical\" href=\"https:\/\/mastermedurgencias.umh.es\/ca\/presentacion\/guia-de-uso-plataforma-online\/\" \/>\n<meta property=\"og:locale\" content=\"ca_ES\" \/>\n<meta property=\"og:type\" content=\"article\" \/>\n<meta property=\"og:title\" content=\"GUIA D&#039;US PLATAFORMA ONLINE - M\u00e1ster en Medicina de Urgencias y Emergencias\" \/>\n<meta property=\"og:description\" content=\"En el M\u00e0ster Universitari en Medicina d&#8217;Urg\u00e8ncies i Emerg\u00e8ncies de la UMH emprem com a plataforma docent els recursos que ofereix Google Apps, integrats en el domini GoUmh, propi de la Universitat Miguel Hern\u00e1ndez. Per a accedir a ells has d&#8217;utilitzar sempre el teu compte GoUmh, un compte Gmail amb el mateix usuari i contrasenya [&hellip;]\" \/>\n<meta property=\"og:url\" content=\"https:\/\/mastermedurgencias.umh.es\/ca\/presentacion\/guia-de-uso-plataforma-online\/\" \/>\n<meta property=\"og:site_name\" content=\"M\u00e1ster en Medicina de Urgencias y Emergencias\" \/>\n<meta property=\"article:modified_time\" content=\"2022-10-04T14:32:17+00:00\" \/>\n<meta property=\"og:image\" content=\"http:\/\/masterprofumh.es\/wp-content\/uploads\/2016\/03\/Video-tutorial-90x90.jpg\" \/>\n<meta name=\"twitter:card\" content=\"summary\" \/>\n<meta name=\"twitter:label1\" content=\"Temps estimat de lectura\" \/>\n\t<meta name=\"twitter:data1\" content=\"2 minuts\" \/>\n<script type=\"application\/ld+json\" class=\"yoast-schema-graph\">{\"@context\":\"https:\/\/schema.org\",\"@graph\":[{\"@type\":\"WebSite\",\"@id\":\"https:\/\/mastermedurgencias.umh.es\/#website\",\"url\":\"https:\/\/mastermedurgencias.umh.es\/\",\"name\":\"M\\u00e1ster en Medicina de Urgencias y Emergencias\",\"description\":\"Universidad Miguel Hern\\u00e1ndez de Elche\",\"potentialAction\":[{\"@type\":\"SearchAction\",\"target\":{\"@type\":\"EntryPoint\",\"urlTemplate\":\"https:\/\/mastermedurgencias.umh.es\/?s={search_term_string}\"},\"query-input\":\"required name=search_term_string\"}],\"inLanguage\":\"ca\"},{\"@type\":\"ImageObject\",\"@id\":\"https:\/\/mastermedurgencias.umh.es\/ca\/presentacion\/guia-de-uso-plataforma-online\/#primaryimage\",\"inLanguage\":\"ca\",\"url\":\"http:\/\/masterprofumh.es\/wp-content\/uploads\/2016\/03\/Video-tutorial-90x90.jpg\",\"contentUrl\":\"http:\/\/masterprofumh.es\/wp-content\/uploads\/2016\/03\/Video-tutorial-90x90.jpg\"},{\"@type\":\"WebPage\",\"@id\":\"https:\/\/mastermedurgencias.umh.es\/ca\/presentacion\/guia-de-uso-plataforma-online\/#webpage\",\"url\":\"https:\/\/mastermedurgencias.umh.es\/ca\/presentacion\/guia-de-uso-plataforma-online\/\",\"name\":\"GUIA D'US PLATAFORMA ONLINE - M\\u00e1ster en Medicina de Urgencias y Emergencias\",\"isPartOf\":{\"@id\":\"https:\/\/mastermedurgencias.umh.es\/#website\"},\"primaryImageOfPage\":{\"@id\":\"https:\/\/mastermedurgencias.umh.es\/ca\/presentacion\/guia-de-uso-plataforma-online\/#primaryimage\"},\"datePublished\":\"2018-07-11T12:07:15+00:00\",\"dateModified\":\"2022-10-04T14:32:17+00:00\",\"breadcrumb\":{\"@id\":\"https:\/\/mastermedurgencias.umh.es\/ca\/presentacion\/guia-de-uso-plataforma-online\/#breadcrumb\"},\"inLanguage\":\"ca\",\"potentialAction\":[{\"@type\":\"ReadAction\",\"target\":[\"https:\/\/mastermedurgencias.umh.es\/ca\/presentacion\/guia-de-uso-plataforma-online\/\"]}]},{\"@type\":\"BreadcrumbList\",\"@id\":\"https:\/\/mastermedurgencias.umh.es\/ca\/presentacion\/guia-de-uso-plataforma-online\/#breadcrumb\",\"itemListElement\":[{\"@type\":\"ListItem\",\"position\":1,\"name\":\"Inici\",\"item\":\"https:\/\/mastermedurgencias.umh.es\/ca\/\"},{\"@type\":\"ListItem\",\"position\":2,\"name\":\"PRESENTACI\\u00d3\",\"item\":\"https:\/\/mastermedurgencias.umh.es\/ca\/presentacion\/\"},{\"@type\":\"ListItem\",\"position\":3,\"name\":\"GUIA D&#8217;US PLATAFORMA ONLINE\"}]}]}<\/script>\n<!-- \/ Yoast SEO plugin. -->","yoast_head_json":{"title":"GUIA D'US PLATAFORMA ONLINE - M\u00e1ster en Medicina de Urgencias y Emergencias","robots":{"index":"index","follow":"follow","max-snippet":"max-snippet:-1","max-image-preview":"max-image-preview:large","max-video-preview":"max-video-preview:-1"},"canonical":"https:\/\/mastermedurgencias.umh.es\/ca\/presentacion\/guia-de-uso-plataforma-online\/","og_locale":"ca_ES","og_type":"article","og_title":"GUIA D'US PLATAFORMA ONLINE - M\u00e1ster en Medicina de Urgencias y Emergencias","og_description":"En el M\u00e0ster Universitari en Medicina d&#8217;Urg\u00e8ncies i Emerg\u00e8ncies de la UMH emprem com a plataforma docent els recursos que ofereix Google Apps, integrats en el domini GoUmh, propi de la Universitat Miguel Hern\u00e1ndez. Per a accedir a ells has d&#8217;utilitzar sempre el teu compte GoUmh, un compte Gmail amb el mateix usuari i contrasenya [&hellip;]","og_url":"https:\/\/mastermedurgencias.umh.es\/ca\/presentacion\/guia-de-uso-plataforma-online\/","og_site_name":"M\u00e1ster en Medicina de Urgencias y Emergencias","article_modified_time":"2022-10-04T14:32:17+00:00","og_image":[{"url":"http:\/\/masterprofumh.es\/wp-content\/uploads\/2016\/03\/Video-tutorial-90x90.jpg"}],"twitter_card":"summary","twitter_misc":{"Temps estimat de lectura":"2 minuts"},"schema":{"@context":"https:\/\/schema.org","@graph":[{"@type":"WebSite","@id":"https:\/\/mastermedurgencias.umh.es\/#website","url":"https:\/\/mastermedurgencias.umh.es\/","name":"M\u00e1ster en Medicina de Urgencias y Emergencias","description":"Universidad Miguel Hern\u00e1ndez de Elche","potentialAction":[{"@type":"SearchAction","target":{"@type":"EntryPoint","urlTemplate":"https:\/\/mastermedurgencias.umh.es\/?s={search_term_string}"},"query-input":"required name=search_term_string"}],"inLanguage":"ca"},{"@type":"ImageObject","@id":"https:\/\/mastermedurgencias.umh.es\/ca\/presentacion\/guia-de-uso-plataforma-online\/#primaryimage","inLanguage":"ca","url":"http:\/\/masterprofumh.es\/wp-content\/uploads\/2016\/03\/Video-tutorial-90x90.jpg","contentUrl":"http:\/\/masterprofumh.es\/wp-content\/uploads\/2016\/03\/Video-tutorial-90x90.jpg"},{"@type":"WebPage","@id":"https:\/\/mastermedurgencias.umh.es\/ca\/presentacion\/guia-de-uso-plataforma-online\/#webpage","url":"https:\/\/mastermedurgencias.umh.es\/ca\/presentacion\/guia-de-uso-plataforma-online\/","name":"GUIA D'US PLATAFORMA ONLINE - M\u00e1ster en Medicina de Urgencias y Emergencias","isPartOf":{"@id":"https:\/\/mastermedurgencias.umh.es\/#website"},"primaryImageOfPage":{"@id":"https:\/\/mastermedurgencias.umh.es\/ca\/presentacion\/guia-de-uso-plataforma-online\/#primaryimage"},"datePublished":"2018-07-11T12:07:15+00:00","dateModified":"2022-10-04T14:32:17+00:00","breadcrumb":{"@id":"https:\/\/mastermedurgencias.umh.es\/ca\/presentacion\/guia-de-uso-plataforma-online\/#breadcrumb"},"inLanguage":"ca","potentialAction":[{"@type":"ReadAction","target":["https:\/\/mastermedurgencias.umh.es\/ca\/presentacion\/guia-de-uso-plataforma-online\/"]}]},{"@type":"BreadcrumbList","@id":"https:\/\/mastermedurgencias.umh.es\/ca\/presentacion\/guia-de-uso-plataforma-online\/#breadcrumb","itemListElement":[{"@type":"ListItem","position":1,"name":"Inici","item":"https:\/\/mastermedurgencias.umh.es\/ca\/"},{"@type":"ListItem","position":2,"name":"PRESENTACI\u00d3","item":"https:\/\/mastermedurgencias.umh.es\/ca\/presentacion\/"},{"@type":"ListItem","position":3,"name":"GUIA D&#8217;US PLATAFORMA ONLINE"}]}]}},"_links":{"self":[{"href":"https:\/\/mastermedurgencias.umh.es\/ca\/wp-json\/wp\/v2\/pages\/10162"}],"collection":[{"href":"https:\/\/mastermedurgencias.umh.es\/ca\/wp-json\/wp\/v2\/pages"}],"about":[{"href":"https:\/\/mastermedurgencias.umh.es\/ca\/wp-json\/wp\/v2\/types\/page"}],"author":[{"embeddable":true,"href":"https:\/\/mastermedurgencias.umh.es\/ca\/wp-json\/wp\/v2\/users\/6375"}],"replies":[{"embeddable":true,"href":"https:\/\/mastermedurgencias.umh.es\/ca\/wp-json\/wp\/v2\/comments?post=10162"}],"version-history":[{"count":0,"href":"https:\/\/mastermedurgencias.umh.es\/ca\/wp-json\/wp\/v2\/pages\/10162\/revisions"}],"up":[{"embeddable":true,"href":"https:\/\/mastermedurgencias.umh.es\/ca\/wp-json\/wp\/v2\/pages\/10126"}],"wp:attachment":[{"href":"https:\/\/mastermedurgencias.umh.es\/ca\/wp-json\/wp\/v2\/media?parent=10162"}],"curies":[{"name":"wp","href":"https:\/\/api.w.org\/{rel}","templated":true}]}}