{"id":10174,"date":"2015-10-20T08:49:23","date_gmt":"2015-10-20T08:49:23","guid":{"rendered":"https:\/\/mastermedurgencias.umh.es\/presentacion\/informacion-del-master-mue\/"},"modified":"2022-10-04T14:55:01","modified_gmt":"2022-10-04T14:55:01","slug":"informacion-del-master-mue","status":"publish","type":"page","link":"https:\/\/mastermedurgencias.umh.es\/ca\/informacion-del-master-mue\/","title":{"rendered":"Informaci\u00f3 del m\u00e0ster MUE"},"content":{"rendered":"<p><iframe loading=\"lazy\" src=\"http:\/\/departamentomedicinaclinica.edu.umh.es\/ca\/master-universitario-en-medicina-de-urgencias-emergencias\/?destino=frame\" width=\"100%\" height=\"2000px frameborder=\"0\"><\/iframe><\/p>\n<p><a href=\"http:\/\/mastermedurgencias.umh.es\/files\/2015\/10\/URGENCIAS-SANITARIAS_D\u00edptico_page-0001.jpg\"><img loading=\"lazy\" src=\"http:\/\/mastermedurgencias.umh.es\/files\/2015\/10\/URGENCIAS-SANITARIAS_D\u00edptico_page-0001.jpg\" alt=\"URGENCIAS SANITARIAS_D\u00edptico_page-0001\" width=\"1754\" height=\"1240\" class=\"alignnone size-full wp-image-5861\" srcset=\"https:\/\/mastermedurgencias.umh.es\/files\/2015\/10\/URGENCIAS-SANITARIAS_D\u00edptico_page-0001.jpg 1754w, https:\/\/mastermedurgencias.umh.es\/files\/2015\/10\/URGENCIAS-SANITARIAS_D\u00edptico_page-0001-300x212.jpg 300w, https:\/\/mastermedurgencias.umh.es\/files\/2015\/10\/URGENCIAS-SANITARIAS_D\u00edptico_page-0001-1024x724.jpg 1024w, https:\/\/mastermedurgencias.umh.es\/files\/2015\/10\/URGENCIAS-SANITARIAS_D\u00edptico_page-0001-400x284.jpg 400w, https:\/\/mastermedurgencias.umh.es\/files\/2015\/10\/URGENCIAS-SANITARIAS_D\u00edptico_page-0001-1080x764.jpg 1080w\" sizes=\"(max-width: 1754px) 100vw, 1754px\" \/><\/a><\/p>\n<p><a href=\"http:\/\/mastermedurgencias.umh.es\/files\/2015\/10\/URGENCIAS-SANITARIAS_D\u00edptico_page-0002.jpg\"><img loading=\"lazy\" src=\"http:\/\/mastermedurgencias.umh.es\/files\/2015\/10\/URGENCIAS-SANITARIAS_D\u00edptico_page-0002.jpg\" alt=\"URGENCIAS SANITARIAS_D\u00edptico_page-0002\" width=\"1754\" height=\"1240\" class=\"alignnone size-full wp-image-5864\" srcset=\"https:\/\/mastermedurgencias.umh.es\/files\/2015\/10\/URGENCIAS-SANITARIAS_D\u00edptico_page-0002.jpg 1754w, https:\/\/mastermedurgencias.umh.es\/files\/2015\/10\/URGENCIAS-SANITARIAS_D\u00edptico_page-0002-300x212.jpg 300w, https:\/\/mastermedurgencias.umh.es\/files\/2015\/10\/URGENCIAS-SANITARIAS_D\u00edptico_page-0002-1024x724.jpg 1024w, https:\/\/mastermedurgencias.umh.es\/files\/2015\/10\/URGENCIAS-SANITARIAS_D\u00edptico_page-0002-400x284.jpg 400w, https:\/\/mastermedurgencias.umh.es\/files\/2015\/10\/URGENCIAS-SANITARIAS_D\u00edptico_page-0002-1080x764.jpg 1080w\" sizes=\"(max-width: 1754px) 100vw, 1754px\" \/><\/a><\/p>\n","protected":false},"excerpt":{"rendered":"","protected":false},"author":6375,"featured_media":0,"parent":0,"menu_order":4,"comment_status":"closed","ping_status":"closed","template":"","meta":{"_et_pb_use_builder":"","_et_pb_old_content":"","_et_gb_content_width":"","_links_to":"","_links_to_target":""},"yoast_head":"<!-- This site is optimized with the Yoast SEO plugin v17.5 - https:\/\/yoast.com\/wordpress\/plugins\/seo\/ -->\n<title>Informaci\u00f3 del m\u00e0ster MUE - M\u00e1ster en Medicina de Urgencias y Emergencias<\/title>\n<meta name=\"robots\" content=\"index, follow, max-snippet:-1, max-image-preview:large, max-video-preview:-1\" \/>\n<link rel=\"canonical\" href=\"https:\/\/mastermedurgencias.umh.es\/ca\/presentacion\/informacion-del-master-mue\/\" \/>\n<meta property=\"og:locale\" content=\"ca_ES\" \/>\n<meta property=\"og:type\" content=\"article\" \/>\n<meta property=\"og:title\" content=\"Informaci\u00f3 del m\u00e0ster MUE - M\u00e1ster en Medicina de Urgencias y Emergencias\" \/>\n<meta property=\"og:url\" content=\"https:\/\/mastermedurgencias.umh.es\/ca\/presentacion\/informacion-del-master-mue\/\" \/>\n<meta property=\"og:site_name\" content=\"M\u00e1ster en Medicina de Urgencias y Emergencias\" \/>\n<meta property=\"article:modified_time\" content=\"2022-10-04T14:55:01+00:00\" \/>\n<meta property=\"og:image\" content=\"http:\/\/mastermedurgencias.umh.es\/files\/2015\/10\/URGENCIAS-SANITARIAS_D\u00edptico_page-0001.jpg\" \/>\n<meta name=\"twitter:card\" content=\"summary\" \/>\n<script type=\"application\/ld+json\" class=\"yoast-schema-graph\">{\"@context\":\"https:\/\/schema.org\",\"@graph\":[{\"@type\":\"WebSite\",\"@id\":\"https:\/\/mastermedurgencias.umh.es\/#website\",\"url\":\"https:\/\/mastermedurgencias.umh.es\/\",\"name\":\"M\\u00e1ster en Medicina de Urgencias y Emergencias\",\"description\":\"Universidad Miguel Hern\\u00e1ndez de Elche\",\"potentialAction\":[{\"@type\":\"SearchAction\",\"target\":{\"@type\":\"EntryPoint\",\"urlTemplate\":\"https:\/\/mastermedurgencias.umh.es\/?s={search_term_string}\"},\"query-input\":\"required name=search_term_string\"}],\"inLanguage\":\"ca\"},{\"@type\":\"ImageObject\",\"@id\":\"https:\/\/mastermedurgencias.umh.es\/ca\/presentacion\/informacion-del-master-mue\/#primaryimage\",\"inLanguage\":\"ca\",\"url\":\"http:\/\/mastermedurgencias.umh.es\/files\/2015\/10\/URGENCIAS-SANITARIAS_D\\u00edptico_page-0001.jpg\",\"contentUrl\":\"http:\/\/mastermedurgencias.umh.es\/files\/2015\/10\/URGENCIAS-SANITARIAS_D\\u00edptico_page-0001.jpg\"},{\"@type\":\"WebPage\",\"@id\":\"https:\/\/mastermedurgencias.umh.es\/ca\/presentacion\/informacion-del-master-mue\/#webpage\",\"url\":\"https:\/\/mastermedurgencias.umh.es\/ca\/presentacion\/informacion-del-master-mue\/\",\"name\":\"Informaci\\u00f3 del m\\u00e0ster MUE - M\\u00e1ster en Medicina de Urgencias y Emergencias\",\"isPartOf\":{\"@id\":\"https:\/\/mastermedurgencias.umh.es\/#website\"},\"primaryImageOfPage\":{\"@id\":\"https:\/\/mastermedurgencias.umh.es\/ca\/presentacion\/informacion-del-master-mue\/#primaryimage\"},\"datePublished\":\"2015-10-20T08:49:23+00:00\",\"dateModified\":\"2022-10-04T14:55:01+00:00\",\"breadcrumb\":{\"@id\":\"https:\/\/mastermedurgencias.umh.es\/ca\/presentacion\/informacion-del-master-mue\/#breadcrumb\"},\"inLanguage\":\"ca\",\"potentialAction\":[{\"@type\":\"ReadAction\",\"target\":[\"https:\/\/mastermedurgencias.umh.es\/ca\/presentacion\/informacion-del-master-mue\/\"]}]},{\"@type\":\"BreadcrumbList\",\"@id\":\"https:\/\/mastermedurgencias.umh.es\/ca\/presentacion\/informacion-del-master-mue\/#breadcrumb\",\"itemListElement\":[{\"@type\":\"ListItem\",\"position\":1,\"name\":\"Inici\",\"item\":\"https:\/\/mastermedurgencias.umh.es\/ca\/\"},{\"@type\":\"ListItem\",\"position\":2,\"name\":\"PRESENTACI\\u00d3\",\"item\":\"https:\/\/mastermedurgencias.umh.es\/ca\/presentacion\/\"},{\"@type\":\"ListItem\",\"position\":3,\"name\":\"Informaci\\u00f3 del m\\u00e0ster MUE\"}]}]}<\/script>\n<!-- \/ Yoast SEO plugin. -->","yoast_head_json":{"title":"Informaci\u00f3 del m\u00e0ster MUE - M\u00e1ster en Medicina de Urgencias y Emergencias","robots":{"index":"index","follow":"follow","max-snippet":"max-snippet:-1","max-image-preview":"max-image-preview:large","max-video-preview":"max-video-preview:-1"},"canonical":"https:\/\/mastermedurgencias.umh.es\/ca\/presentacion\/informacion-del-master-mue\/","og_locale":"ca_ES","og_type":"article","og_title":"Informaci\u00f3 del m\u00e0ster MUE - M\u00e1ster en Medicina de Urgencias y Emergencias","og_url":"https:\/\/mastermedurgencias.umh.es\/ca\/presentacion\/informacion-del-master-mue\/","og_site_name":"M\u00e1ster en Medicina de Urgencias y Emergencias","article_modified_time":"2022-10-04T14:55:01+00:00","og_image":[{"url":"http:\/\/mastermedurgencias.umh.es\/files\/2015\/10\/URGENCIAS-SANITARIAS_D\u00edptico_page-0001.jpg"}],"twitter_card":"summary","schema":{"@context":"https:\/\/schema.org","@graph":[{"@type":"WebSite","@id":"https:\/\/mastermedurgencias.umh.es\/#website","url":"https:\/\/mastermedurgencias.umh.es\/","name":"M\u00e1ster en Medicina de Urgencias y Emergencias","description":"Universidad Miguel Hern\u00e1ndez de Elche","potentialAction":[{"@type":"SearchAction","target":{"@type":"EntryPoint","urlTemplate":"https:\/\/mastermedurgencias.umh.es\/?s={search_term_string}"},"query-input":"required name=search_term_string"}],"inLanguage":"ca"},{"@type":"ImageObject","@id":"https:\/\/mastermedurgencias.umh.es\/ca\/presentacion\/informacion-del-master-mue\/#primaryimage","inLanguage":"ca","url":"http:\/\/mastermedurgencias.umh.es\/files\/2015\/10\/URGENCIAS-SANITARIAS_D\u00edptico_page-0001.jpg","contentUrl":"http:\/\/mastermedurgencias.umh.es\/files\/2015\/10\/URGENCIAS-SANITARIAS_D\u00edptico_page-0001.jpg"},{"@type":"WebPage","@id":"https:\/\/mastermedurgencias.umh.es\/ca\/presentacion\/informacion-del-master-mue\/#webpage","url":"https:\/\/mastermedurgencias.umh.es\/ca\/presentacion\/informacion-del-master-mue\/","name":"Informaci\u00f3 del m\u00e0ster MUE - M\u00e1ster en Medicina de Urgencias y Emergencias","isPartOf":{"@id":"https:\/\/mastermedurgencias.umh.es\/#website"},"primaryImageOfPage":{"@id":"https:\/\/mastermedurgencias.umh.es\/ca\/presentacion\/informacion-del-master-mue\/#primaryimage"},"datePublished":"2015-10-20T08:49:23+00:00","dateModified":"2022-10-04T14:55:01+00:00","breadcrumb":{"@id":"https:\/\/mastermedurgencias.umh.es\/ca\/presentacion\/informacion-del-master-mue\/#breadcrumb"},"inLanguage":"ca","potentialAction":[{"@type":"ReadAction","target":["https:\/\/mastermedurgencias.umh.es\/ca\/presentacion\/informacion-del-master-mue\/"]}]},{"@type":"BreadcrumbList","@id":"https:\/\/mastermedurgencias.umh.es\/ca\/presentacion\/informacion-del-master-mue\/#breadcrumb","itemListElement":[{"@type":"ListItem","position":1,"name":"Inici","item":"https:\/\/mastermedurgencias.umh.es\/ca\/"},{"@type":"ListItem","position":2,"name":"PRESENTACI\u00d3","item":"https:\/\/mastermedurgencias.umh.es\/ca\/presentacion\/"},{"@type":"ListItem","position":3,"name":"Informaci\u00f3 del m\u00e0ster MUE"}]}]}},"_links":{"self":[{"href":"https:\/\/mastermedurgencias.umh.es\/ca\/wp-json\/wp\/v2\/pages\/10174"}],"collection":[{"href":"https:\/\/mastermedurgencias.umh.es\/ca\/wp-json\/wp\/v2\/pages"}],"about":[{"href":"https:\/\/mastermedurgencias.umh.es\/ca\/wp-json\/wp\/v2\/types\/page"}],"author":[{"embeddable":true,"href":"https:\/\/mastermedurgencias.umh.es\/ca\/wp-json\/wp\/v2\/users\/6375"}],"replies":[{"embeddable":true,"href":"https:\/\/mastermedurgencias.umh.es\/ca\/wp-json\/wp\/v2\/comments?post=10174"}],"version-history":[{"count":0,"href":"https:\/\/mastermedurgencias.umh.es\/ca\/wp-json\/wp\/v2\/pages\/10174\/revisions"}],"wp:attachment":[{"href":"https:\/\/mastermedurgencias.umh.es\/ca\/wp-json\/wp\/v2\/media?parent=10174"}],"curies":[{"name":"wp","href":"https:\/\/api.w.org\/{rel}","templated":true}]}}