{"id":10186,"date":"2013-07-26T13:06:04","date_gmt":"2013-07-26T13:06:04","guid":{"rendered":"https:\/\/mastermedurgencias.umh.es\/asignaturas\/"},"modified":"2022-10-05T06:17:01","modified_gmt":"2022-10-05T06:17:01","slug":"asignaturas","status":"publish","type":"page","link":"https:\/\/mastermedurgencias.umh.es\/ca\/asignaturas\/","title":{"rendered":"ASSIGNATURES"},"content":{"rendered":"<p dir=\"ltr\"><a href=\"http:\/\/youtu.be\/vIC6RRTXAH4\" target=\"_blank\" title=\"Ho veur\u00e0s en una nova finestra\" rel=\"noopener\"><strong>INICI DE SESSI\u00d3 EN GOUMH I ACC\u00c9S ALS MATERIALS D&#8217;ESTUDI<\/strong><\/a><\/p>\n<p>\u00a0<br \/>\n\u00a0<br \/>\n<span style=\"line-height: 13px;\">Primer curs<\/span><\/p>\n<ul>\n<li><a title=\"Primer semestre\" href=\"http:\/\/mastermedurgencias.umh.es\/asignaturas\/primer-ano\/primer-semestre\/\">Primer Semestre<\/a><\/li>\n<li><a title=\"Segon semestre\" href=\"http:\/\/mastermedurgencias.umh.es\/asignaturas\/primer-ano\/segundo-cuatrimestre\/\">Segon Semestre<\/a><\/li>\n<\/ul>\n<p><span style=\"line-height: 13px;\">Segon curs<\/span><\/p>\n<ul>\n<li><a title=\"Primer semestre\" href=\"http:\/\/mastermedurgencias.umh.es\/asignaturas\/segundo-ano\/primer-semestre\/\">Primer Semestre<\/a><\/li>\n<li><a title=\"Segon semestre\" href=\"http:\/\/mastermedurgencias.umh.es\/asignaturas\/segundo-ano\/segundo-semestre\/\">Segon Semestre<\/a><\/li>\n<\/ul>\n","protected":false},"excerpt":{"rendered":"<p>INICI DE SESSI\u00d3 EN GOUMH I ACC\u00c9S ALS MATERIALS D&#8217;ESTUDI \u00a0 \u00a0 Primer curs Primer Semestre Segon Semestre Segon curs Primer Semestre Segon Semestre<\/p>\n","protected":false},"author":3804,"featured_media":0,"parent":0,"menu_order":10,"comment_status":"closed","ping_status":"closed","template":"","meta":{"_et_pb_use_builder":"on","_et_pb_old_content":"","_et_gb_content_width":"","_links_to":"","_links_to_target":""},"yoast_head":"<!-- This site is optimized with the Yoast SEO plugin v17.5 - https:\/\/yoast.com\/wordpress\/plugins\/seo\/ -->\n<title>ASSIGNATURES - M\u00e1ster en Medicina de Urgencias y Emergencias<\/title>\n<meta name=\"robots\" content=\"index, follow, max-snippet:-1, max-image-preview:large, max-video-preview:-1\" \/>\n<link rel=\"canonical\" href=\"https:\/\/mastermedurgencias.umh.es\/ca\/asignaturas\/\" \/>\n<meta property=\"og:locale\" content=\"ca_ES\" \/>\n<meta property=\"og:type\" content=\"article\" \/>\n<meta property=\"og:title\" content=\"ASSIGNATURES - M\u00e1ster en Medicina de Urgencias y Emergencias\" \/>\n<meta property=\"og:description\" content=\"INICI DE SESSI\u00d3 EN GOUMH I ACC\u00c9S ALS MATERIALS D&#039;ESTUDI \u00a0 \u00a0 Primer curs Primer Semestre Segon Semestre Segon curs Primer Semestre Segon Semestre\" \/>\n<meta property=\"og:url\" content=\"https:\/\/mastermedurgencias.umh.es\/ca\/asignaturas\/\" \/>\n<meta property=\"og:site_name\" content=\"M\u00e1ster en Medicina de Urgencias y Emergencias\" \/>\n<meta property=\"article:modified_time\" content=\"2022-10-05T06:17:01+00:00\" \/>\n<meta name=\"twitter:card\" content=\"summary\" \/>\n<script type=\"application\/ld+json\" class=\"yoast-schema-graph\">{\"@context\":\"https:\/\/schema.org\",\"@graph\":[{\"@type\":\"WebSite\",\"@id\":\"https:\/\/mastermedurgencias.umh.es\/#website\",\"url\":\"https:\/\/mastermedurgencias.umh.es\/\",\"name\":\"M\\u00e1ster en Medicina de Urgencias y Emergencias\",\"description\":\"Universidad Miguel Hern\\u00e1ndez de Elche\",\"potentialAction\":[{\"@type\":\"SearchAction\",\"target\":{\"@type\":\"EntryPoint\",\"urlTemplate\":\"https:\/\/mastermedurgencias.umh.es\/?s={search_term_string}\"},\"query-input\":\"required name=search_term_string\"}],\"inLanguage\":\"ca\"},{\"@type\":\"WebPage\",\"@id\":\"https:\/\/mastermedurgencias.umh.es\/ca\/asignaturas\/#webpage\",\"url\":\"https:\/\/mastermedurgencias.umh.es\/ca\/asignaturas\/\",\"name\":\"ASSIGNATURES - M\\u00e1ster en Medicina de Urgencias y Emergencias\",\"isPartOf\":{\"@id\":\"https:\/\/mastermedurgencias.umh.es\/#website\"},\"datePublished\":\"2013-07-26T13:06:04+00:00\",\"dateModified\":\"2022-10-05T06:17:01+00:00\",\"breadcrumb\":{\"@id\":\"https:\/\/mastermedurgencias.umh.es\/ca\/asignaturas\/#breadcrumb\"},\"inLanguage\":\"ca\",\"potentialAction\":[{\"@type\":\"ReadAction\",\"target\":[\"https:\/\/mastermedurgencias.umh.es\/ca\/asignaturas\/\"]}]},{\"@type\":\"BreadcrumbList\",\"@id\":\"https:\/\/mastermedurgencias.umh.es\/ca\/asignaturas\/#breadcrumb\",\"itemListElement\":[{\"@type\":\"ListItem\",\"position\":1,\"name\":\"Inici\",\"item\":\"https:\/\/mastermedurgencias.umh.es\/ca\/\"},{\"@type\":\"ListItem\",\"position\":2,\"name\":\"ASSIGNATURES\"}]}]}<\/script>\n<!-- \/ Yoast SEO plugin. -->","yoast_head_json":{"title":"ASSIGNATURES - M\u00e1ster en Medicina de Urgencias y Emergencias","robots":{"index":"index","follow":"follow","max-snippet":"max-snippet:-1","max-image-preview":"max-image-preview:large","max-video-preview":"max-video-preview:-1"},"canonical":"https:\/\/mastermedurgencias.umh.es\/ca\/asignaturas\/","og_locale":"ca_ES","og_type":"article","og_title":"ASSIGNATURES - M\u00e1ster en Medicina de Urgencias y Emergencias","og_description":"INICI DE SESSI\u00d3 EN GOUMH I ACC\u00c9S ALS MATERIALS D'ESTUDI \u00a0 \u00a0 Primer curs Primer Semestre Segon Semestre Segon curs Primer Semestre Segon Semestre","og_url":"https:\/\/mastermedurgencias.umh.es\/ca\/asignaturas\/","og_site_name":"M\u00e1ster en Medicina de Urgencias y Emergencias","article_modified_time":"2022-10-05T06:17:01+00:00","twitter_card":"summary","schema":{"@context":"https:\/\/schema.org","@graph":[{"@type":"WebSite","@id":"https:\/\/mastermedurgencias.umh.es\/#website","url":"https:\/\/mastermedurgencias.umh.es\/","name":"M\u00e1ster en Medicina de Urgencias y Emergencias","description":"Universidad Miguel Hern\u00e1ndez de Elche","potentialAction":[{"@type":"SearchAction","target":{"@type":"EntryPoint","urlTemplate":"https:\/\/mastermedurgencias.umh.es\/?s={search_term_string}"},"query-input":"required name=search_term_string"}],"inLanguage":"ca"},{"@type":"WebPage","@id":"https:\/\/mastermedurgencias.umh.es\/ca\/asignaturas\/#webpage","url":"https:\/\/mastermedurgencias.umh.es\/ca\/asignaturas\/","name":"ASSIGNATURES - M\u00e1ster en Medicina de Urgencias y Emergencias","isPartOf":{"@id":"https:\/\/mastermedurgencias.umh.es\/#website"},"datePublished":"2013-07-26T13:06:04+00:00","dateModified":"2022-10-05T06:17:01+00:00","breadcrumb":{"@id":"https:\/\/mastermedurgencias.umh.es\/ca\/asignaturas\/#breadcrumb"},"inLanguage":"ca","potentialAction":[{"@type":"ReadAction","target":["https:\/\/mastermedurgencias.umh.es\/ca\/asignaturas\/"]}]},{"@type":"BreadcrumbList","@id":"https:\/\/mastermedurgencias.umh.es\/ca\/asignaturas\/#breadcrumb","itemListElement":[{"@type":"ListItem","position":1,"name":"Inici","item":"https:\/\/mastermedurgencias.umh.es\/ca\/"},{"@type":"ListItem","position":2,"name":"ASSIGNATURES"}]}]}},"_links":{"self":[{"href":"https:\/\/mastermedurgencias.umh.es\/ca\/wp-json\/wp\/v2\/pages\/10186"}],"collection":[{"href":"https:\/\/mastermedurgencias.umh.es\/ca\/wp-json\/wp\/v2\/pages"}],"about":[{"href":"https:\/\/mastermedurgencias.umh.es\/ca\/wp-json\/wp\/v2\/types\/page"}],"author":[{"embeddable":true,"href":"https:\/\/mastermedurgencias.umh.es\/ca\/wp-json\/wp\/v2\/users\/3804"}],"replies":[{"embeddable":true,"href":"https:\/\/mastermedurgencias.umh.es\/ca\/wp-json\/wp\/v2\/comments?post=10186"}],"version-history":[{"count":0,"href":"https:\/\/mastermedurgencias.umh.es\/ca\/wp-json\/wp\/v2\/pages\/10186\/revisions"}],"wp:attachment":[{"href":"https:\/\/mastermedurgencias.umh.es\/ca\/wp-json\/wp\/v2\/media?parent=10186"}],"curies":[{"name":"wp","href":"https:\/\/api.w.org\/{rel}","templated":true}]}}