{"id":10258,"date":"2015-11-03T13:57:54","date_gmt":"2015-11-03T13:57:54","guid":{"rendered":"https:\/\/mastermedurgencias.umh.es\/reconocimiento-de-practicas\/"},"modified":"2022-10-05T07:11:44","modified_gmt":"2022-10-05T07:11:44","slug":"reconocimiento-de-practicas","status":"publish","type":"page","link":"https:\/\/mastermedurgencias.umh.es\/ca\/reconocimiento-de-practicas\/","title":{"rendered":"RECONEIXEMENT DE PR\u00c0CTIQUES"},"content":{"rendered":"<p><!-- [:es]<strong>1er Curso<\/strong> M\u00e1ster MUE\n<strong><a href=\"http:\/\/mastermedurgencias.umh.es\/files\/2015\/11\/CONVALIDACIONES-LISTA-ALUMNOS-1er-A\u00d1O_2021-2022.pdf\" rel=\"noopener\" target=\"_blank\">DESCARGA el documento de RECONOCIMIENTO DE PR\u00c1CTICAS\u00a0de asignaturas de 1er curso del M\u00e1ster Universitario en Medicina de Urgencias y Emergencias 2021\/2022<\/a><\/strong>\n\n<strong>2\u00ba Curso<\/strong> M\u00e1ster MUE\n<strong><a href=\"http:\/\/mastermedurgencias.umh.es\/files\/2015\/11\/CONVALIDACIONES-LISTA-ALUMNOS-2\u00ba-A\u00d1O_2021-2022.pdf\" rel=\"noopener\" target=\"_blank\">DESCARGA el documento de RECONOCIMIENTO DE PR\u00c1CTICAS\u00a0de asignaturas de 2\u00ba curso del M\u00e1ster Universitario en Medicina de Urgencias y Emergencias 2021\/2022<\/a><\/strong>\n\nEl reconocimiento de pr\u00e1cticas (<strong>CP, Cr\u00e9ditos Pr\u00e1cticos<\/strong>) en el m\u00e1ster se realiza de forma interna en base al criterio del profesor responsable y el director del m\u00e1ster. Los periodos de pr\u00e1cticas vienen descritos en el <strong><a href=\"http:\/\/mastermedurgencias.umh.es\/files\/2015\/11\/CRONOGRAMA-1-y-2-curso-Descriptores-M\u00e1ster-MUE-21-22.pdf\" rel=\"noopener\" target=\"_blank\">Calendario o Cronograma<\/a><\/strong><\/a> del curso y publicados en esta web. Las pr\u00e1cticas (CP, Cr\u00e9ditos Pr\u00e1cticos) de <strong>*todas las asignaturas del M\u00e1ster MUE pueden ser reconocidas atendiendo a diversos criterios:<\/strong>\n\n- Curr\u00edculum Vitae y experiencia profesional\n- Situaci\u00f3n profesional actual y cargo desempe\u00f1ado.\n- Cursos homologados y oficiales realizados.\n\nEn principio se reconocer\u00edan todas las pr\u00e1cticas de asignatura <strong>excepto las correspondientes a SIMULACI\u00d3N ADULTA Y PEDI\u00c1TRICA<\/strong>.\n\nPara que puedan reconocerse las pr\u00e1cticas de <strong>SIMULACI\u00d3N<\/strong> de:\n\n<strong>- Emergencias M\u00e9dicas Cardiovasculares Fuera del Hospital<\/strong>\n\n<strong>- Medicina en el Paciente Cr\u00edtico Adulto I<\/strong>\n\n<strong>- Medicina en el Paciente Cr\u00edtico Adulto II<\/strong>\n\n<strong>- Paciente Cr\u00edtico Pedi\u00e1trico<\/strong>\n\ndeber\u00e1n aportarse <strong>CURSOS OFICIALES Y HOMOLOGADOS DE RCP DE ADULTO Y PEDI\u00c1TRICO<\/strong> a lo largo del curso acad\u00e9mico. A continuaci\u00f3n se expone una relaci\u00f3n de los cursos que se han aceptado.\n\n\n<ul>\n\t\n\n<li>Curso de Reanimaci\u00f3n Cardiopulmonar y Soporte Vital Avanzado avalado por la SEMICYUC<\/li>\n\n\n\t\n\n<li>M\u00f3dulo de Soporte Vital Avanzado (PFCE) SPN Consejer\u00eda de Salud de Andaluc\u00eda<\/li>\n\n\n\t\n\n<li>Curso de Reanimaci\u00f3n Cardiopulmonar Instrumental (RCP) y DESA en adultos y en poblaci\u00f3n pedi\u00e1trica.<\/li>\n\n\n\t\n\n<li>Semicyuc y grupo espa\u00f1ol de RCP pedi\u00e1trica y neonatal.<\/li>\n\n\n\t\n\n<li>Curso de Soporte Vital instrumentalizado adaptado al PTCR. Programa PERS\u00c9FONE.<\/li>\n\n\n\t\n\n<li>Cursos del EVES<\/li>\n\n\n\t\n\n<li>Cursos del H.U. M. Valdecillas<\/li>\n\n\n\t\n\n<li>Cursos de ITLS y ATLS<\/li>\n\n\n\t\n\n<li>Cursos de SCVA y AHA<\/li>\n\n\n\t\n\n<li>Plan Nacional\u00a0de RCP<\/li>\n\n\n\t\n\n<li>Cursos de RCP de Centros Hospitalarios expedidos por las Comunidades Aut\u00f3nomas.<\/li>\n\n\n<\/ul>\n\n\n<strong> *<\/strong> Las asignaturas que presentan SIMULACI\u00d3N en sus pr\u00e1cticas tendr\u00e1n que reconocerse a trav\u00e9s de lo descrito arriba.\n\n<strong>*Nota:<\/strong> <strong>EN CASO DE NO APORTAR LOS CURSOS DE RCP ADULTO O PEDI\u00c1TRICO<\/strong>, <strong>EL ALUMNO TENDR\u00c1 QUE REALIZAR LAS PR\u00c1CTICAS OBLIGATORIAS DE SIMULACI\u00d3N<\/strong> DESCRITAS EN EL <strong>CALENDARIO ACAD\u00c9MICO<\/strong>, SEG\u00daN LAS FECHAS ESTABLECIDAS, YA QUE FORMAN PARTE DE LA <strong>EVALUACI\u00d3N FINAL<\/strong> DE ESAS ASIGNATURAS.\n\n<strong>PR\u00c1CTICAS SIMULACI\u00d3N CL\u00cdNICA:<\/strong> <a title=\"Lo ver\u00e1s en una nueva ventana\" href=\"https:\/\/goo.gl\/maps\/FSJsJ1TufjL2\" target=\"_blank\" rel=\"noopener\">\u00c1rea de Simulaci\u00f3n - Edificio Severo Ochoa. Campus de San Juan de Alicante UMH<\/a>\n\n\n<div style=\"width: 810px;\">\n\n\n<div style=\"float: left; width: 400px;\"><img loading=\"lazy\" class=\"alignnone size-medium wp-image-298\" src=\"http:\/\/umh3656.edu.umh.es\/wp-content\/uploads\/sites\/743\/2013\/02\/Sala-Urgencias-Simulacion-UMH-Edificio-Severo-Ochoa1-300x169.jpg\" alt=\"Sala Urgencias Edificio Severo Ochoa UMH\" width=\"400\" height=\"225\" \/>\n<img loading=\"lazy\" class=\"alignnone size-medium wp-image-300\" src=\"http:\/\/umh3656.edu.umh.es\/wp-content\/uploads\/sites\/743\/2013\/02\/Sala-Urgencias-2-UMH-Edificio-Severo-Ochoa1-300x169.jpg\" alt=\"Sala Urgencias Severo Ochoa UMH\" width=\"400\" height=\"225\" \/><\/div>\n\n\n\n\n<div style=\"float: right; width: 400px;\"><img loading=\"lazy\" class=\"alignnone size-medium wp-image-284\" src=\"http:\/\/umh3656.edu.umh.es\/wp-content\/uploads\/sites\/743\/2013\/02\/Sala-Simulacion-UMH-Laerdal-300x169.jpg\" alt=\"Sala-Simulacion-UMH-Laerdal\" width=\"400\" height=\"225\" \/>\n<img loading=\"lazy\" class=\"alignnone size-medium wp-image-290\" src=\"http:\/\/umh3656.edu.umh.es\/wp-content\/uploads\/sites\/743\/2013\/02\/Sala-Urgencias-3-UMH-Edificio-Severo-Ochoa-300x217.jpg\" alt=\"Sala Urgencias UMH Severo Ochoa\" width=\"400\" height=\"225\" \/><\/div>\n\n\n<\/div>\n\n[:en]<strong>1st Course<\/strong> Master's Degree MUE\n<a title=\"Visit your Goumh account in a new window\" href=\"#\" target=\"_blank\" rel=\"noopener\"><strong>DOWNLOAD the document of RECOGNITION OF PRACTICES\u00a0of subjects of 1st course<\/strong><\/a> of the Master's degree in Accident and Emergency Medicine 2017\/2018.\n\u00a0\n\u00a0\n<strong>2nd Course<\/strong> Master's Degree MUE\n<a title=\"Visit your  Goumh in a new window\" href=\"#\" target=\"_blank\" rel=\"noopener\"><strong>DOWNLOAD the document of RECOGNITION OF PRACTICES of subjects of 2nd course<\/strong><\/a> of the Master's Degree in Accident and Emergency Medicine 2017\/2018.\n\u00a0\n\u00a0\n\u00a0\nThe recognition of practices (<strong>CP, Practical credits<\/strong>) in the master's degree held internally on the basis of the criterion of the professor staff and the director. The traineeships are described in the <a title=\"You can access with your Goumh account in a new window\" href=\"http:\/\/mastermedurgencias.umh.es\/en\/convalidaciones-practicas\/\" target=\"_blank\" rel=\"noopener\"><strong>Calendar or Schedule<\/strong><\/a> of the course and published on this website. Practices (CP, Practical Credits) de <strong>*all subjects of the Master's degree MUE can be validated according to different criteria:<\/strong>\n\n- Curriculum Vitae and professional experience\n- Current professional situation and function developed.\n- Official courses reported.\n\nAt the beginning, all practices of subjects will be convalidated <strong>except those for ADULT AND PEDIATRIC SIMULATION<\/strong>.\n\nThe practices of <strong>SIMULACI\u00d3N<\/strong> can be validated of these subjects:\n\n<strong>- Cardiovascular Medical Emergencies Uutside the Hospital<\/strong>\n\n<strong>- Medicine in the Critical Adult Patient I<\/strong>\n\n<strong>- Pediatric Critical Patient<\/strong>\n\nwill provide <strong>OFFICIAL AND CERTIFIED ADULT AND PEDIATRIC CPR COURSES<\/strong> throughout the academic year. A relation of courses that have been authorized are as follows:\n\n\n<ul>\n\t\n\n<li>Course of Cardiopulmonary Resuscitation and Advanced Vital Support endorsed by the SEMICYUC<\/li>\n\n\n\t\n\n<li>Advanced Life Support Module (PFCE) SPN Consejer\u00eda de Salud de Andaluc\u00eda<\/li>\n\n\n\t\n\n<li>Instrumental CPR Course (RCP) and DESA in adults and pediatric population.<\/li>\n\n\n\t\n\n<li>Semicyuc and Spanish group of Pediatric and Neonatal CPR.<\/li>\n\n\n\t\n\n<li>Course of Instrumentalized Life Support adapted to PTCR. PERS\u00c9FONE Program.<\/li>\n\n\n\t\n\n<li>Courses of the EVES<\/li>\n\n\n\t\n\n<li>Courses of the H.U. M. Valdecillas<\/li>\n\n\n\t\n\n<li>Courses of ITLS and ATLS<\/li>\n\n\n\t\n\n<li>Courses of SCVA and AHA<\/li>\n\n\n\t\n\n<li>RCP National Plan<\/li>\n\n\n\t\n\n<li>Courses of CPR's hospitals issued by the comunidades aut\u00f3nomas.<\/li>\n\n\n<\/ul>\n\n\n<strong> *<\/strong> The subjects with SIMULATION PRACTICES will be validated through as described above.\n\u00a0\n<strong>*Notice:<\/strong> <strong>IN CASE OF NOT SENDING ADULT OR PEDIATRIC CPR COURSES<\/strong>, <strong>THE STUDENT MUST MAKE THE MANDATORY PRACTICES OF CLINICAL SIMULATION<\/strong> DESCRITAS EN EL <strong>ACADEMIC CALENDAR<\/strong>, ACCORDING TO THE ESTABLISHED DATES, DUE TO THEY ARE PART OF THE <strong>FINAL ASSESSMENT<\/strong> OF THOSE SUBJECTS.\n\n<strong>PRACTICES CLINICAL SIMULATION:<\/strong> <a title=\"You'll see it in a new window\" href=\"https:\/\/goo.gl\/maps\/FSJsJ1TufjL2\" target=\"_blank\" rel=\"noopener\">Area of Simulation - Severo Ochoa Building. Campus of San Juan de Alicante UMH (Spain)<\/a>\n\n\n<div style=\"width: 810px;\">\n\n\n<div style=\"float: left; width: 400px;\"><img loading=\"lazy\" class=\"alignnone size-medium wp-image-298\" src=\"http:\/\/umh3656.edu.umh.es\/wp-content\/uploads\/sites\/743\/2013\/02\/Sala-Urgencias-Simulacion-UMH-Edificio-Severo-Ochoa1-300x169.jpg\" alt=\"Emergency Room UMH Severo Ochoa Building\" width=\"400\" height=\"225\" \/>\n<img loading=\"lazy\" class=\"alignnone size-medium wp-image-300\" src=\"http:\/\/umh3656.edu.umh.es\/wp-content\/uploads\/sites\/743\/2013\/02\/Sala-Urgencias-2-UMH-Edificio-Severo-Ochoa1-300x169.jpg\" alt=\"Emergency Room UMH Severo Ochoa Building\" width=\"400\" height=\"225\" \/><\/div>\n\n\n\n\n<div style=\"float: right; width: 400px;\"><img loading=\"lazy\" class=\"alignnone size-medium wp-image-284\" src=\"http:\/\/umh3656.edu.umh.es\/wp-content\/uploads\/sites\/743\/2013\/02\/Sala-Simulacion-UMH-Laerdal-300x169.jpg\" alt=\"Simulation-Room-UMH-Laerdal\" width=\"400\" height=\"225\" \/>\n<img loading=\"lazy\" class=\"alignnone size-medium wp-image-290\" src=\"http:\/\/umh3656.edu.umh.es\/wp-content\/uploads\/sites\/743\/2013\/02\/Sala-Urgencias-3-UMH-Edificio-Severo-Ochoa-300x217.jpg\" alt=\"Emergency Room UMH Severo Ochoa Building\" width=\"400\" height=\"225\" \/><\/div>\n\n\n<\/div>\n\n\n\u00a0\n\u00a0\n\u00a0[:ca] --><br \/>\n<strong>1er Curs<\/strong>\u00a0M\u00e0ster MUE<br \/>\n<a title=\"Accedeix amb el teu compte Goumh en una nova finestra\" href=\"#\" target=\"_blank\" rel=\"noopener\"><strong>DESCARREGA el document de RECONEIXEMENT DE PR\u00c0CTIQUES\u00a0d&#8217;assignatures de 1er curs<\/strong><\/a>\u00a0del M\u00e0ster Universitari en Medicina d&#8217;Urg\u00e8ncies i Emerg\u00e8ncies 2020\/2021.<br \/>\n\u00a0<br \/>\n\u00a0<br \/>\n<strong>2n Curs<\/strong>\u00a0M\u00e0ster MUE<br \/>\n<a title=\"Accedeix amb el teu compte Goumh en una nova finestra\" href=\"#\" target=\"_blank\" rel=\"noopener\"><strong>DESCARREGA el document de RECONEIXEMENT DE PR\u00c0CTIQUES\u00a0d&#8217;assignatures de 2n curs<\/strong><\/a>\u00a0del M\u00e0ster Universitari en Medicina d&#8217;Urg\u00e8ncies i Emerg\u00e8ncies 2020\/2021.<br \/>\n\u00a0\u00a0<br \/>\n\u00a0\u00a0<br \/>\n\u00a0<br \/>\n\u00a0<br \/>\nEl reconeixement de pr\u00e0ctiques <strong>(CP, Cr\u00e8dits Pr\u00e0ctics)<\/strong> en el m\u00e0ster es realitza de forma interna sobre la base del criteri del professor responsable i el director del m\u00e0ster. Els per\u00edodes de pr\u00e0ctiques v\u00e9nen descrits en el <a title=\"Accedeix amb el teu compte Goumh en una nova finestra\" href=\"http:\/\/mastermedurgencias.umh.es\/ca\/convalidaciones-practicas\/\" target=\"_blank\" rel=\"noopener\"><strong>Calendari o\u00a0Cronograma<\/strong><\/a>\u00a0del curs i publicats en aquesta web. Les pr\u00e0ctiques (CP, Cr\u00e8dits Pr\u00e0ctics) de\u00a0totes\u00a0les assignatures del M\u00e0ster\u00a0MUE <strong>*poden ser reconegudes atenent a diversos criteris:<\/strong><\/p>\n<p><strong>\u2013 Curr\u00edculum vitae i experi\u00e8ncia professional<\/strong><br \/>\n<strong>\u2013 Situaci\u00f3 professional actual i c\u00e0rrec exercit.<\/strong><br \/>\n<strong>\u2013 Cursos homologats i oficials realitzats.<\/strong><\/p>\n<p>En principi es reconeixerien totes les pr\u00e0ctiques d&#8217;assignatura <strong>excepte les corresponents a SIMULACI\u00d3 ADULTA I PEDI\u00c0TRICA<\/strong>.<\/p>\n<p>Perqu\u00e8 puguen recon\u00e8ixer-se les pr\u00e0ctiques de<strong> SIMULACI\u00d3 de:<\/strong><\/p>\n<p><strong>&#8211; Emerg\u00e8ncies M\u00e8diques Cardiovasculars F\u00f3ra de l&#8217;Hospital<\/strong><br \/>\n<strong>&#8211; Medicina en el pacient Cr\u00edtic Adult I<\/strong><br \/>\n<strong>&#8211; Pacient Cr\u00edtic Pedi\u00e0tric<\/strong><\/p>\n<p>hauran d&#8217;aportar-se <strong>CURSOS OFICIALS I HOMOLOGATS DE\u00a0RCP\u00a0D&#8217;ADULT I PEDI\u00c0TRIC<\/strong>\u00a0durant el curs acad\u00e8mic. A continuaci\u00f3 s&#8217;exposa una relaci\u00f3 dels cursos que s&#8217;han acceptat.<\/p>\n<ul>\n<li>Curs de Reanimaci\u00f3\u00a0Cardiopulmonar\u00a0i Suport Vital Avan\u00e7at avalat per la\u00a0SEMICYUC<\/li>\n<li>M\u00f2dul de Suport Vital Avan\u00e7at (PFCE)\u00a0SPNConselleria de Salut d&#8217;Andalusia<\/li>\n<li>Curs de Reanimaci\u00f3\u00a0CardiopulmonarInstrumental (RCP)\u00a0i\u00a0DESA\u00a0en adults i en poblaci\u00f3 pedi\u00e0trica.<\/li>\n<li>Semicyuc\u00a0i grup espanyol de\u00a0RCP\u00a0pedi\u00e0trica i neonatal.<\/li>\n<li>Curs de Suport Vital instrumentalitzat adaptat al\u00a0PTCR. Programa PERS\u00c8FONE.<\/li>\n<li>Cursos del\u00a0EVES<\/li>\n<li>Cursos de l&#8217;H.O. M.\u00a0Valdecillas<\/li>\n<li>Cursos de\u00a0ITLS\u00a0i\u00a0ATLS<\/li>\n<li>Cursos de\u00a0SCVA\u00a0i\u00a0AHA<\/li>\n<li>Pla Nacional de\u00a0RCP<\/li>\n<li>Cursos de\u00a0RCP\u00a0de Centres Hospitalaris expedits per les Comunitats Aut\u00f2nomes.<\/li>\n<\/ul>\n<p><strong>*<\/strong> Les assignatures que presenten SIMULACI\u00d3 en les seues pr\u00e0ctiques hauran de recon\u00e8ixer-se a trav\u00e9s del descrit a dalt.<\/p>\n<p><strong>*Nota:<\/strong> <strong>EN CAS DE NO APORTAR ELS CURSOS DE RCP ADULT O PEDI\u00c0TRIC<\/strong>, <strong>L&#8217;ALUMNE HAUR\u00c0 DE REALITZAR LES PR\u00c0CTIQUES OBLIGAT\u00d2RIES DE SIMULACI\u00d3<\/strong> DESCRITES EN EL <strong>CALENDARI ACAD\u00c8MIC<\/strong>, SEGONS LES DATES ESTABLIDES, JA QUE FORMEN PART DE LA <strong>AVALUACI\u00d3 FINAL<\/strong> D&#8217;AQUEIXES ASSIGNATURES.<\/p>\n<p><strong>PR\u00c0CTIQUES SIMULACI\u00d3 CL\u00cdNICA:<\/strong> <a title=\"Ho veur\u00e0s en una nova finestra\" href=\"https:\/\/goo.gl\/maps\/FSJsJ1TufjL2\" target=\"_blank\" rel=\"noopener\">\u00c0rea de Simulaci\u00f3 &#8211; Edifici Sever Ochoa. Campus de Sant Joan d&#8217;Alacant UMH<\/a><\/p>\n<div style=\"width: 810px;\">\n<div style=\"float: left; width: 400px;\"><img loading=\"lazy\" class=\"alignnone size-medium wp-image-298\" src=\"http:\/\/umh3656.edu.umh.es\/wp-content\/uploads\/sites\/743\/2013\/02\/Sala-Urgencias-Simulacion-UMH-Edificio-Severo-Ochoa1-300x169.jpg\" alt=\"Sala Urg\u00e8ncies Edifici Sever Ochoa UMH\" width=\"400\" height=\"225\" \/><br \/>\n<img loading=\"lazy\" class=\"alignnone size-medium wp-image-300\" src=\"http:\/\/umh3656.edu.umh.es\/wp-content\/uploads\/sites\/743\/2013\/02\/Sala-Urgencias-2-UMH-Edificio-Severo-Ochoa1-300x169.jpg\" alt=\"Sala Urg\u00e8ncies Edifici Sever Ochoa UMH\" width=\"400\" height=\"225\" \/><\/div>\n<div style=\"float: right; width: 400px;\"><img loading=\"lazy\" class=\"alignnone size-medium wp-image-284\" src=\"http:\/\/umh3656.edu.umh.es\/wp-content\/uploads\/sites\/743\/2013\/02\/Sala-Simulacion-UMH-Laerdal-300x169.jpg\" alt=\"Sala-Simulaci\u00f3-UMH-Laerdal\" width=\"400\" height=\"225\" \/><br \/>\n<img loading=\"lazy\" class=\"alignnone size-medium wp-image-290\" src=\"http:\/\/umh3656.edu.umh.es\/wp-content\/uploads\/sites\/743\/2013\/02\/Sala-Urgencias-3-UMH-Edificio-Severo-Ochoa-300x217.jpg\" alt=\"Sala Urg\u00e8ncies UMH Sever Ochoa\" width=\"400\" height=\"225\" \/><\/div>\n<\/div>\n<p>[:]<\/p>\n","protected":false},"excerpt":{"rendered":"<p>1er Curs\u00a0M\u00e0ster MUE DESCARREGA el document de RECONEIXEMENT DE PR\u00c0CTIQUES\u00a0d&#8217;assignatures de 1er curs\u00a0del M\u00e0ster Universitari en Medicina d&#8217;Urg\u00e8ncies i Emerg\u00e8ncies 2020\/2021. \u00a0 \u00a0 2n Curs\u00a0M\u00e0ster MUE DESCARREGA el document de RECONEIXEMENT DE PR\u00c0CTIQUES\u00a0d&#8217;assignatures de 2n curs\u00a0del M\u00e0ster Universitari en Medicina d&#8217;Urg\u00e8ncies i Emerg\u00e8ncies 2020\/2021. \u00a0\u00a0 \u00a0\u00a0 \u00a0 \u00a0 El reconeixement de pr\u00e0ctiques (CP, Cr\u00e8dits Pr\u00e0ctics) [&hellip;]<\/p>\n","protected":false},"author":6375,"featured_media":0,"parent":0,"menu_order":20,"comment_status":"closed","ping_status":"closed","template":"","meta":{"_et_pb_use_builder":"","_et_pb_old_content":"","_et_gb_content_width":"","_links_to":"","_links_to_target":""},"yoast_head":"<!-- This site is optimized with the Yoast SEO plugin v17.5 - https:\/\/yoast.com\/wordpress\/plugins\/seo\/ -->\n<title>RECONEIXEMENT DE PR\u00c0CTIQUES - M\u00e1ster en Medicina de Urgencias y Emergencias<\/title>\n<meta name=\"robots\" content=\"index, follow, max-snippet:-1, max-image-preview:large, max-video-preview:-1\" \/>\n<link rel=\"canonical\" href=\"https:\/\/mastermedurgencias.umh.es\/ca\/reconocimiento-de-practicas\/\" \/>\n<meta property=\"og:locale\" content=\"ca_ES\" \/>\n<meta property=\"og:type\" content=\"article\" \/>\n<meta property=\"og:title\" content=\"RECONEIXEMENT DE PR\u00c0CTIQUES - M\u00e1ster en Medicina de Urgencias y Emergencias\" \/>\n<meta property=\"og:description\" content=\"1er Curs\u00a0M\u00e0ster MUE DESCARREGA el document de RECONEIXEMENT DE PR\u00c0CTIQUES\u00a0d&#8217;assignatures de 1er curs\u00a0del M\u00e0ster Universitari en Medicina d&#8217;Urg\u00e8ncies i Emerg\u00e8ncies 2020\/2021. \u00a0 \u00a0 2n Curs\u00a0M\u00e0ster MUE DESCARREGA el document de RECONEIXEMENT DE PR\u00c0CTIQUES\u00a0d&#8217;assignatures de 2n curs\u00a0del M\u00e0ster Universitari en Medicina d&#8217;Urg\u00e8ncies i Emerg\u00e8ncies 2020\/2021. \u00a0\u00a0 \u00a0\u00a0 \u00a0 \u00a0 El reconeixement de pr\u00e0ctiques (CP, Cr\u00e8dits Pr\u00e0ctics) [&hellip;]\" \/>\n<meta property=\"og:url\" content=\"https:\/\/mastermedurgencias.umh.es\/ca\/reconocimiento-de-practicas\/\" \/>\n<meta property=\"og:site_name\" content=\"M\u00e1ster en Medicina de Urgencias y Emergencias\" \/>\n<meta property=\"article:modified_time\" content=\"2022-10-05T07:11:44+00:00\" \/>\n<meta property=\"og:image\" content=\"http:\/\/umh3656.edu.umh.es\/wp-content\/uploads\/sites\/743\/2013\/02\/Sala-Urgencias-Simulacion-UMH-Edificio-Severo-Ochoa1-300x169.jpg\" \/>\n<meta name=\"twitter:card\" content=\"summary\" \/>\n<meta name=\"twitter:label1\" content=\"Temps estimat de lectura\" \/>\n\t<meta name=\"twitter:data1\" content=\"2 minuts\" \/>\n<script type=\"application\/ld+json\" class=\"yoast-schema-graph\">{\"@context\":\"https:\/\/schema.org\",\"@graph\":[{\"@type\":\"WebSite\",\"@id\":\"https:\/\/mastermedurgencias.umh.es\/#website\",\"url\":\"https:\/\/mastermedurgencias.umh.es\/\",\"name\":\"M\\u00e1ster en Medicina de Urgencias y Emergencias\",\"description\":\"Universidad Miguel Hern\\u00e1ndez de Elche\",\"potentialAction\":[{\"@type\":\"SearchAction\",\"target\":{\"@type\":\"EntryPoint\",\"urlTemplate\":\"https:\/\/mastermedurgencias.umh.es\/?s={search_term_string}\"},\"query-input\":\"required name=search_term_string\"}],\"inLanguage\":\"ca\"},{\"@type\":\"ImageObject\",\"@id\":\"https:\/\/mastermedurgencias.umh.es\/ca\/reconocimiento-de-practicas\/#primaryimage\",\"inLanguage\":\"ca\",\"url\":\"http:\/\/umh3656.edu.umh.es\/wp-content\/uploads\/sites\/743\/2013\/02\/Sala-Urgencias-Simulacion-UMH-Edificio-Severo-Ochoa1-300x169.jpg\",\"contentUrl\":\"http:\/\/umh3656.edu.umh.es\/wp-content\/uploads\/sites\/743\/2013\/02\/Sala-Urgencias-Simulacion-UMH-Edificio-Severo-Ochoa1-300x169.jpg\"},{\"@type\":\"WebPage\",\"@id\":\"https:\/\/mastermedurgencias.umh.es\/ca\/reconocimiento-de-practicas\/#webpage\",\"url\":\"https:\/\/mastermedurgencias.umh.es\/ca\/reconocimiento-de-practicas\/\",\"name\":\"RECONEIXEMENT DE PR\\u00c0CTIQUES - M\\u00e1ster en Medicina de Urgencias y Emergencias\",\"isPartOf\":{\"@id\":\"https:\/\/mastermedurgencias.umh.es\/#website\"},\"primaryImageOfPage\":{\"@id\":\"https:\/\/mastermedurgencias.umh.es\/ca\/reconocimiento-de-practicas\/#primaryimage\"},\"datePublished\":\"2015-11-03T13:57:54+00:00\",\"dateModified\":\"2022-10-05T07:11:44+00:00\",\"breadcrumb\":{\"@id\":\"https:\/\/mastermedurgencias.umh.es\/ca\/reconocimiento-de-practicas\/#breadcrumb\"},\"inLanguage\":\"ca\",\"potentialAction\":[{\"@type\":\"ReadAction\",\"target\":[\"https:\/\/mastermedurgencias.umh.es\/ca\/reconocimiento-de-practicas\/\"]}]},{\"@type\":\"BreadcrumbList\",\"@id\":\"https:\/\/mastermedurgencias.umh.es\/ca\/reconocimiento-de-practicas\/#breadcrumb\",\"itemListElement\":[{\"@type\":\"ListItem\",\"position\":1,\"name\":\"Inici\",\"item\":\"https:\/\/mastermedurgencias.umh.es\/ca\/\"},{\"@type\":\"ListItem\",\"position\":2,\"name\":\"RECONEIXEMENT DE PR\\u00c0CTIQUES\"}]}]}<\/script>\n<!-- \/ Yoast SEO plugin. -->","yoast_head_json":{"title":"RECONEIXEMENT DE PR\u00c0CTIQUES - M\u00e1ster en Medicina de Urgencias y Emergencias","robots":{"index":"index","follow":"follow","max-snippet":"max-snippet:-1","max-image-preview":"max-image-preview:large","max-video-preview":"max-video-preview:-1"},"canonical":"https:\/\/mastermedurgencias.umh.es\/ca\/reconocimiento-de-practicas\/","og_locale":"ca_ES","og_type":"article","og_title":"RECONEIXEMENT DE PR\u00c0CTIQUES - M\u00e1ster en Medicina de Urgencias y Emergencias","og_description":"1er Curs\u00a0M\u00e0ster MUE DESCARREGA el document de RECONEIXEMENT DE PR\u00c0CTIQUES\u00a0d&#8217;assignatures de 1er curs\u00a0del M\u00e0ster Universitari en Medicina d&#8217;Urg\u00e8ncies i Emerg\u00e8ncies 2020\/2021. \u00a0 \u00a0 2n Curs\u00a0M\u00e0ster MUE DESCARREGA el document de RECONEIXEMENT DE PR\u00c0CTIQUES\u00a0d&#8217;assignatures de 2n curs\u00a0del M\u00e0ster Universitari en Medicina d&#8217;Urg\u00e8ncies i Emerg\u00e8ncies 2020\/2021. \u00a0\u00a0 \u00a0\u00a0 \u00a0 \u00a0 El reconeixement de pr\u00e0ctiques (CP, Cr\u00e8dits Pr\u00e0ctics) [&hellip;]","og_url":"https:\/\/mastermedurgencias.umh.es\/ca\/reconocimiento-de-practicas\/","og_site_name":"M\u00e1ster en Medicina de Urgencias y Emergencias","article_modified_time":"2022-10-05T07:11:44+00:00","og_image":[{"url":"http:\/\/umh3656.edu.umh.es\/wp-content\/uploads\/sites\/743\/2013\/02\/Sala-Urgencias-Simulacion-UMH-Edificio-Severo-Ochoa1-300x169.jpg"}],"twitter_card":"summary","twitter_misc":{"Temps estimat de lectura":"2 minuts"},"schema":{"@context":"https:\/\/schema.org","@graph":[{"@type":"WebSite","@id":"https:\/\/mastermedurgencias.umh.es\/#website","url":"https:\/\/mastermedurgencias.umh.es\/","name":"M\u00e1ster en Medicina de Urgencias y Emergencias","description":"Universidad Miguel Hern\u00e1ndez de Elche","potentialAction":[{"@type":"SearchAction","target":{"@type":"EntryPoint","urlTemplate":"https:\/\/mastermedurgencias.umh.es\/?s={search_term_string}"},"query-input":"required name=search_term_string"}],"inLanguage":"ca"},{"@type":"ImageObject","@id":"https:\/\/mastermedurgencias.umh.es\/ca\/reconocimiento-de-practicas\/#primaryimage","inLanguage":"ca","url":"http:\/\/umh3656.edu.umh.es\/wp-content\/uploads\/sites\/743\/2013\/02\/Sala-Urgencias-Simulacion-UMH-Edificio-Severo-Ochoa1-300x169.jpg","contentUrl":"http:\/\/umh3656.edu.umh.es\/wp-content\/uploads\/sites\/743\/2013\/02\/Sala-Urgencias-Simulacion-UMH-Edificio-Severo-Ochoa1-300x169.jpg"},{"@type":"WebPage","@id":"https:\/\/mastermedurgencias.umh.es\/ca\/reconocimiento-de-practicas\/#webpage","url":"https:\/\/mastermedurgencias.umh.es\/ca\/reconocimiento-de-practicas\/","name":"RECONEIXEMENT DE PR\u00c0CTIQUES - M\u00e1ster en Medicina de Urgencias y Emergencias","isPartOf":{"@id":"https:\/\/mastermedurgencias.umh.es\/#website"},"primaryImageOfPage":{"@id":"https:\/\/mastermedurgencias.umh.es\/ca\/reconocimiento-de-practicas\/#primaryimage"},"datePublished":"2015-11-03T13:57:54+00:00","dateModified":"2022-10-05T07:11:44+00:00","breadcrumb":{"@id":"https:\/\/mastermedurgencias.umh.es\/ca\/reconocimiento-de-practicas\/#breadcrumb"},"inLanguage":"ca","potentialAction":[{"@type":"ReadAction","target":["https:\/\/mastermedurgencias.umh.es\/ca\/reconocimiento-de-practicas\/"]}]},{"@type":"BreadcrumbList","@id":"https:\/\/mastermedurgencias.umh.es\/ca\/reconocimiento-de-practicas\/#breadcrumb","itemListElement":[{"@type":"ListItem","position":1,"name":"Inici","item":"https:\/\/mastermedurgencias.umh.es\/ca\/"},{"@type":"ListItem","position":2,"name":"RECONEIXEMENT DE PR\u00c0CTIQUES"}]}]}},"_links":{"self":[{"href":"https:\/\/mastermedurgencias.umh.es\/ca\/wp-json\/wp\/v2\/pages\/10258"}],"collection":[{"href":"https:\/\/mastermedurgencias.umh.es\/ca\/wp-json\/wp\/v2\/pages"}],"about":[{"href":"https:\/\/mastermedurgencias.umh.es\/ca\/wp-json\/wp\/v2\/types\/page"}],"author":[{"embeddable":true,"href":"https:\/\/mastermedurgencias.umh.es\/ca\/wp-json\/wp\/v2\/users\/6375"}],"replies":[{"embeddable":true,"href":"https:\/\/mastermedurgencias.umh.es\/ca\/wp-json\/wp\/v2\/comments?post=10258"}],"version-history":[{"count":0,"href":"https:\/\/mastermedurgencias.umh.es\/ca\/wp-json\/wp\/v2\/pages\/10258\/revisions"}],"wp:attachment":[{"href":"https:\/\/mastermedurgencias.umh.es\/ca\/wp-json\/wp\/v2\/media?parent=10258"}],"curies":[{"name":"wp","href":"https:\/\/api.w.org\/{rel}","templated":true}]}}