{"id":10267,"date":"2017-07-11T13:38:27","date_gmt":"2017-07-11T13:38:27","guid":{"rendered":"https:\/\/mastermedurgencias.umh.es\/talleres\/"},"modified":"2022-10-05T07:15:17","modified_gmt":"2022-10-05T07:15:17","slug":"talleres","status":"publish","type":"page","link":"https:\/\/mastermedurgencias.umh.es\/ca\/talleres\/","title":{"rendered":"TALLERS"},"content":{"rendered":"<p>&nbsp;<\/p>\n<h3><strong>JORNADES ACTUALITZACIONS EN MEDICINA D&#8217;URG\u00c8NCIES-EMERG\u00c8NCIES<\/strong><\/p>\n<h3>\n&nbsp;<\/p>\n<h4><a title=\"Ho veur\u00e0s en una nova finestra\" href=\"https:\/\/drive.google.com\/a\/goumh.umh.es\/file\/d\/0B1iHDSgN1u5_V1VSVm9CLTFWOVE\/view?usp=sharing\" target=\"_blank\" rel=\"noopener\">Descarrega el programa de les jornades en format pdf<\/a><\/h4>\n<p>&nbsp;<br \/>\n<strong>Objectius:<\/strong><br \/>\n&nbsp;<br \/>\nPresentar novetats i actualitzacions en medicina d&#8217;urg\u00e8ncies-emerg\u00e8ncies.<br \/>\n&nbsp;<br \/>\n&nbsp;<br \/>\n<strong>Dirigit: <\/strong><\/p>\n<ul>\n<li>Alumnes del M\u00e0ster Universitari en Medicina d&#8217;Urg\u00e8ncies i Emerg\u00e8ncies UMH (1er i 2on)<\/li>\n<\/ul>\n<p>&nbsp;<br \/>\n<strong>Hora:\u00a0<\/strong>de 16:00 a 20:00 h.<br \/>\n&nbsp;<br \/>\n<strong>Lloc:<\/strong> <a title=\"Ho veur\u00e0s en una nova finestra\" href=\"http:\/\/in.umh.es\" target=\"_blank\" rel=\"noopener\">Sal\u00f3 de Graus de l&#8217;Institut de Neuroci\u00e8ncies<\/a><br \/>\nCampus de Sant Joan d\u2019Alacant, <a title=\"Accedeix en una nova finestra\" href=\"http:\/\/www.departamentomedicinaclinicaumh.es\/contacte\/\" target=\"_blank\" rel=\"noopener\"><strong>Universitat Miguel Hern\u00e0ndez<\/strong><\/a><br \/>\n&nbsp;<br \/>\n<strong>Data:<\/strong> dimarts <strong> 16 de maig<\/strong>  2017<br \/>\n&nbsp;<br \/>\n<strong>Confirma assist\u00e8ncia a trav\u00e9s de la secretaria del m\u00e0ster MUE<\/strong><br \/>\n&nbsp;<br \/>\n&nbsp;<br \/>\n&nbsp;<\/p>\n<h3>PROGRAMA:<\/h3>\n<p>&nbsp;<br \/>\n<strong>16:00 16:10 h.<\/strong><br \/>\nPresentaci\u00f3.<br \/>\nProf. J. Caturla. Departament de Medicina Cl\u00ednica. Facultat de Medicina UMH.<br \/>\n&nbsp;<br \/>\n<strong>Pon\u00e8ncies \u2013 Col\u00b7loqui-Tallers<\/strong><br \/>\n&nbsp;<br \/>\n<strong>16:15 \u2013 17:00 h. <\/strong><br \/>\nRevisi\u00f3 cr\u00edtica dels criteris de S\u00e8psies i Xoc S\u00e8ptic.<br \/>\nProf. Ricardo Serrano. Departament de Medicina Cl\u00ednica. Facultat de Medicina UMH.<br \/>\n            Servei Medicina Intensiva. HGU Alacant.<br \/>\n&nbsp;<br \/>\n<strong>17:01 \u2013 18:00 h.<\/strong><br \/>\nNoves evid\u00e8ncies en reanimaci\u00f3 Neuro-Cardio-Pulmonar.<br \/>\nProf\u00aa Lidia Plumed. Servei Medicina Intensiva. HGU Alacant.<br \/>\n&nbsp;<br \/>\n<strong>18:01 &#8211; 18:30 h.<\/strong><br \/>\nPausa. Caf\u00e8.<br \/>\n&nbsp;<br \/>\n<strong>18:31 \u2013 19:15 h.<\/strong><br \/>\nS\u00edndrome Coron\u00e0ria Aguda. Lectura cr\u00edtica sobre un cas.<br \/>\nProf. Jose C\u00e1novas. Departament de Medicina Cl\u00ednica. Facultat de Medicina UMH.<br \/>\n                                    Servei Medicina Intensiva. HGU Alacant.<br \/>\n&nbsp;<br \/>\n<strong>19:16 \u2013 20:00 h.<\/strong><br \/>\nTaller pr\u00e0ctic del maneig de la ventilaci\u00f3 mec\u00e0nica invasiva en el transport sanitari.Prof. Jose Miguel Mataix. Servei Medicina Intensiva. HGU Alacant.<br \/>\n&nbsp;<br \/>\n&nbsp;<\/p>\n","protected":false},"excerpt":{"rendered":"<p>&nbsp; JORNADES ACTUALITZACIONS EN MEDICINA D&#8217;URG\u00c8NCIES-EMERG\u00c8NCIES &nbsp; Descarrega el programa de les jornades en format pdf &nbsp; Objectius: &nbsp; Presentar novetats i actualitzacions en medicina d&#8217;urg\u00e8ncies-emerg\u00e8ncies. &nbsp; &nbsp; Dirigit: Alumnes del M\u00e0ster Universitari en Medicina d&#8217;Urg\u00e8ncies i Emerg\u00e8ncies UMH (1er i 2on) &nbsp; Hora:\u00a0de 16:00 a 20:00 h. &nbsp; Lloc: Sal\u00f3 de Graus de l&#8217;Institut [&hellip;]<\/p>\n","protected":false},"author":6375,"featured_media":0,"parent":0,"menu_order":12,"comment_status":"closed","ping_status":"closed","template":"","meta":{"_et_pb_use_builder":"","_et_pb_old_content":"","_et_gb_content_width":"","_links_to":"","_links_to_target":""},"yoast_head":"<!-- This site is optimized with the Yoast SEO plugin v17.5 - https:\/\/yoast.com\/wordpress\/plugins\/seo\/ -->\n<title>TALLERS - M\u00e1ster en Medicina de Urgencias y Emergencias<\/title>\n<meta name=\"robots\" content=\"index, follow, max-snippet:-1, max-image-preview:large, max-video-preview:-1\" \/>\n<link rel=\"canonical\" href=\"https:\/\/mastermedurgencias.umh.es\/ca\/talleres\/\" \/>\n<meta property=\"og:locale\" content=\"ca_ES\" \/>\n<meta property=\"og:type\" content=\"article\" \/>\n<meta property=\"og:title\" content=\"TALLERS - M\u00e1ster en Medicina de Urgencias y Emergencias\" \/>\n<meta property=\"og:description\" content=\"&nbsp; JORNADES ACTUALITZACIONS EN MEDICINA D&#8217;URG\u00c8NCIES-EMERG\u00c8NCIES &nbsp; Descarrega el programa de les jornades en format pdf &nbsp; Objectius: &nbsp; Presentar novetats i actualitzacions en medicina d&#8217;urg\u00e8ncies-emerg\u00e8ncies. &nbsp; &nbsp; Dirigit: Alumnes del M\u00e0ster Universitari en Medicina d&#8217;Urg\u00e8ncies i Emerg\u00e8ncies UMH (1er i 2on) &nbsp; Hora:\u00a0de 16:00 a 20:00 h. &nbsp; Lloc: Sal\u00f3 de Graus de l&#8217;Institut [&hellip;]\" \/>\n<meta property=\"og:url\" content=\"https:\/\/mastermedurgencias.umh.es\/ca\/talleres\/\" \/>\n<meta property=\"og:site_name\" content=\"M\u00e1ster en Medicina de Urgencias y Emergencias\" \/>\n<meta property=\"article:modified_time\" content=\"2022-10-05T07:15:17+00:00\" \/>\n<meta name=\"twitter:card\" content=\"summary\" \/>\n<meta name=\"twitter:label1\" content=\"Temps estimat de lectura\" \/>\n\t<meta name=\"twitter:data1\" content=\"1 minut\" \/>\n<script type=\"application\/ld+json\" class=\"yoast-schema-graph\">{\"@context\":\"https:\/\/schema.org\",\"@graph\":[{\"@type\":\"WebSite\",\"@id\":\"https:\/\/mastermedurgencias.umh.es\/#website\",\"url\":\"https:\/\/mastermedurgencias.umh.es\/\",\"name\":\"M\\u00e1ster en Medicina de Urgencias y Emergencias\",\"description\":\"Universidad Miguel Hern\\u00e1ndez de Elche\",\"potentialAction\":[{\"@type\":\"SearchAction\",\"target\":{\"@type\":\"EntryPoint\",\"urlTemplate\":\"https:\/\/mastermedurgencias.umh.es\/?s={search_term_string}\"},\"query-input\":\"required name=search_term_string\"}],\"inLanguage\":\"ca\"},{\"@type\":\"WebPage\",\"@id\":\"https:\/\/mastermedurgencias.umh.es\/ca\/talleres\/#webpage\",\"url\":\"https:\/\/mastermedurgencias.umh.es\/ca\/talleres\/\",\"name\":\"TALLERS - M\\u00e1ster en Medicina de Urgencias y Emergencias\",\"isPartOf\":{\"@id\":\"https:\/\/mastermedurgencias.umh.es\/#website\"},\"datePublished\":\"2017-07-11T13:38:27+00:00\",\"dateModified\":\"2022-10-05T07:15:17+00:00\",\"breadcrumb\":{\"@id\":\"https:\/\/mastermedurgencias.umh.es\/ca\/talleres\/#breadcrumb\"},\"inLanguage\":\"ca\",\"potentialAction\":[{\"@type\":\"ReadAction\",\"target\":[\"https:\/\/mastermedurgencias.umh.es\/ca\/talleres\/\"]}]},{\"@type\":\"BreadcrumbList\",\"@id\":\"https:\/\/mastermedurgencias.umh.es\/ca\/talleres\/#breadcrumb\",\"itemListElement\":[{\"@type\":\"ListItem\",\"position\":1,\"name\":\"Inici\",\"item\":\"https:\/\/mastermedurgencias.umh.es\/ca\/\"},{\"@type\":\"ListItem\",\"position\":2,\"name\":\"TALLERS\"}]}]}<\/script>\n<!-- \/ Yoast SEO plugin. -->","yoast_head_json":{"title":"TALLERS - M\u00e1ster en Medicina de Urgencias y Emergencias","robots":{"index":"index","follow":"follow","max-snippet":"max-snippet:-1","max-image-preview":"max-image-preview:large","max-video-preview":"max-video-preview:-1"},"canonical":"https:\/\/mastermedurgencias.umh.es\/ca\/talleres\/","og_locale":"ca_ES","og_type":"article","og_title":"TALLERS - M\u00e1ster en Medicina de Urgencias y Emergencias","og_description":"&nbsp; JORNADES ACTUALITZACIONS EN MEDICINA D&#8217;URG\u00c8NCIES-EMERG\u00c8NCIES &nbsp; Descarrega el programa de les jornades en format pdf &nbsp; Objectius: &nbsp; Presentar novetats i actualitzacions en medicina d&#8217;urg\u00e8ncies-emerg\u00e8ncies. &nbsp; &nbsp; Dirigit: Alumnes del M\u00e0ster Universitari en Medicina d&#8217;Urg\u00e8ncies i Emerg\u00e8ncies UMH (1er i 2on) &nbsp; Hora:\u00a0de 16:00 a 20:00 h. &nbsp; Lloc: Sal\u00f3 de Graus de l&#8217;Institut [&hellip;]","og_url":"https:\/\/mastermedurgencias.umh.es\/ca\/talleres\/","og_site_name":"M\u00e1ster en Medicina de Urgencias y Emergencias","article_modified_time":"2022-10-05T07:15:17+00:00","twitter_card":"summary","twitter_misc":{"Temps estimat de lectura":"1 minut"},"schema":{"@context":"https:\/\/schema.org","@graph":[{"@type":"WebSite","@id":"https:\/\/mastermedurgencias.umh.es\/#website","url":"https:\/\/mastermedurgencias.umh.es\/","name":"M\u00e1ster en Medicina de Urgencias y Emergencias","description":"Universidad Miguel Hern\u00e1ndez de Elche","potentialAction":[{"@type":"SearchAction","target":{"@type":"EntryPoint","urlTemplate":"https:\/\/mastermedurgencias.umh.es\/?s={search_term_string}"},"query-input":"required name=search_term_string"}],"inLanguage":"ca"},{"@type":"WebPage","@id":"https:\/\/mastermedurgencias.umh.es\/ca\/talleres\/#webpage","url":"https:\/\/mastermedurgencias.umh.es\/ca\/talleres\/","name":"TALLERS - M\u00e1ster en Medicina de Urgencias y Emergencias","isPartOf":{"@id":"https:\/\/mastermedurgencias.umh.es\/#website"},"datePublished":"2017-07-11T13:38:27+00:00","dateModified":"2022-10-05T07:15:17+00:00","breadcrumb":{"@id":"https:\/\/mastermedurgencias.umh.es\/ca\/talleres\/#breadcrumb"},"inLanguage":"ca","potentialAction":[{"@type":"ReadAction","target":["https:\/\/mastermedurgencias.umh.es\/ca\/talleres\/"]}]},{"@type":"BreadcrumbList","@id":"https:\/\/mastermedurgencias.umh.es\/ca\/talleres\/#breadcrumb","itemListElement":[{"@type":"ListItem","position":1,"name":"Inici","item":"https:\/\/mastermedurgencias.umh.es\/ca\/"},{"@type":"ListItem","position":2,"name":"TALLERS"}]}]}},"_links":{"self":[{"href":"https:\/\/mastermedurgencias.umh.es\/ca\/wp-json\/wp\/v2\/pages\/10267"}],"collection":[{"href":"https:\/\/mastermedurgencias.umh.es\/ca\/wp-json\/wp\/v2\/pages"}],"about":[{"href":"https:\/\/mastermedurgencias.umh.es\/ca\/wp-json\/wp\/v2\/types\/page"}],"author":[{"embeddable":true,"href":"https:\/\/mastermedurgencias.umh.es\/ca\/wp-json\/wp\/v2\/users\/6375"}],"replies":[{"embeddable":true,"href":"https:\/\/mastermedurgencias.umh.es\/ca\/wp-json\/wp\/v2\/comments?post=10267"}],"version-history":[{"count":0,"href":"https:\/\/mastermedurgencias.umh.es\/ca\/wp-json\/wp\/v2\/pages\/10267\/revisions"}],"wp:attachment":[{"href":"https:\/\/mastermedurgencias.umh.es\/ca\/wp-json\/wp\/v2\/media?parent=10267"}],"curies":[{"name":"wp","href":"https:\/\/api.w.org\/{rel}","templated":true}]}}