{"id":10282,"date":"2016-11-23T08:21:21","date_gmt":"2016-11-23T08:21:21","guid":{"rendered":"https:\/\/mastermedurgencias.umh.es\/encuestas-de-calidad\/"},"modified":"2022-10-05T07:23:36","modified_gmt":"2022-10-05T07:23:36","slug":"encuestas-de-calidad","status":"publish","type":"page","link":"https:\/\/mastermedurgencias.umh.es\/ca\/encuestas-de-calidad\/","title":{"rendered":"ENQUESTES DE QUALITAT"},"content":{"rendered":"<p>Des d&#8217;el <strong>Servei de Qualitat de la UMH<\/strong> ens informen les enquestes corresponents a les assignatures estarann disponibles <strong> en els vostres accessos identificats <\/strong> a mesura que finalitzen:<br \/>\n&nbsp;<br \/>\n<strong><a title=\"Accedeix amb el teu compte Goumh\" href=\"https:\/\/universite.umh.es\/Cuestionarios\/login.aspx\" target=\"_blank\" rel=\"noopener\">REALITZA LES ENQUESTES DE SATISFACCI\u00d3 D&#8217;ASSIGNATURES DEL M\u00c0STER MUE<\/a><\/strong><br \/>\n&nbsp;<br \/>\n&nbsp;<br \/>\n<strong>1ER CURS<\/strong><br \/>\n&nbsp;<br \/>\n<strong><a title=\"Accedeix amb el teu compte Goumh\" href=\"https:\/\/universite.umh.es\/Cuestionarios\/login.aspx\" target=\"_blank\" rel=\"noopener\">\u00c0mbits i bases bio\u00e8tiques i Seguretat del Pacient en Medicina d&#8217;Urg\u00e8ncies-Emerg\u00e8ncies (3645)<\/a><\/strong><br \/>\n&nbsp;<br \/>\n<strong><a title=\"Accedeix amb el teu compte Goumh\" href=\"https:\/\/universite.umh.es\/Cuestionarios\/login.aspx\" target=\"_blank\" rel=\"noopener\">Actuaci\u00f3 Psicol\u00f2gica en Medicina d&#8217;Emerg\u00e8ncies (3646)<\/a><\/strong><br \/>\n&nbsp;<br \/>\n<strong><a title=\"Accedeix amb el teu compte Goumh\" href=\"https:\/\/universite.umh.es\/Cuestionarios\/login.aspx\" target=\"_blank\" rel=\"noopener\">Farmacologia Cl\u00ednica (3647)<\/a><\/strong><br \/>\n&nbsp;<br \/>\n<strong><a title=\"Accedeix amb el teu compte Goumh\" href=\"https:\/\/universite.umh.es\/Cuestionarios\/login.aspx\" target=\"_blank\" rel=\"noopener\">Diagn\u00f2stic per imatge (3648)<\/a><\/strong><br \/>\n&nbsp;<br \/>\n<strong><a title=\"Accedeix amb el teu compte Goumh\" href=\"https:\/\/universite.umh.es\/Cuestionarios\/login.aspx\" target=\"_blank\" rel=\"noopener\">Urg\u00e8ncies M\u00e8diques Fora de l&#8217;Hospital (3649)<\/a><\/strong><br \/>\n&nbsp;<br \/>\n<strong><a title=\"Accedeix amb el teu compte Goumh\" href=\"https:\/\/universite.umh.es\/Cuestionarios\/login.aspx\" target=\"_blank\" rel=\"noopener\">Emerg\u00e8ncies M\u00e8diques Hospital\u00e0ries (3654)<\/a><\/strong><br \/>\n&nbsp;<br \/>\n<strong><a title=\"Accedeix amb el teu compte Goumh\" href=\"https:\/\/universite.umh.es\/Cuestionarios\/login.aspx\" target=\"_blank\" rel=\"noopener\">Emerg\u00e8ncies M\u00e8diques Respirat\u00f2ries Fora de l&#8217;Hospital (3655)<\/a><\/strong><br \/>\n&nbsp;<br \/>\n<strong><a title=\"Accedeix amb el teu compte Goumh\" href=\"https:\/\/universite.umh.es\/Cuestionarios\/login.aspx\" target=\"_blank\" rel=\"noopener\">Emerg\u00e8ncies M\u00e8diques Neurol\u00f2giques\u00a0Fora de l&#8217;Hospital (3657)<\/a><\/strong><br \/>\n&nbsp;<br \/>\n<strong><a title=\"Accedeix amb el teu compte Goumh\" href=\"https:\/\/universite.umh.es\/Cuestionarios\/login.aspx\" target=\"_blank\" rel=\"noopener\">Urg\u00e8ncies M\u00e8diques en l&#8217;\u00c0rea de la Urg\u00e8ncia Hospital\u00e0ria I (3650)<\/a><\/strong><br \/>\n&nbsp;<br \/>\n<strong><a title=\"Accedeix amb el teu compte Goumh\" href=\"https:\/\/universite.umh.es\/Cuestionarios\/login.aspx\" target=\"_blank\" rel=\"noopener\">Urg\u00e8ncies M\u00e8diques en l&#8217;\u00c0rea de la Urgencia Hospital\u00e0ria II (3651)<\/a><\/strong><br \/>\n&nbsp;<br \/>\n<strong><a title=\"Accede con tu cuenta Goumh\" href=\"https:\/\/universite.umh.es\/Cuestionarios\/login.aspx\" target=\"_blank\" rel=\"noopener\">Emerg\u00e8ncies M\u00e8diques Cardiovasculars (in-out of hospital) (3656)<\/a><br \/>\n&nbsp;<br \/>\n&nbsp;<br \/>\n<strong>2n CURS<\/strong><br \/>\n&nbsp;<br \/>\n<strong><a title=\"Accedeix amb el teu compte Goumh\" href=\"https:\/\/universite.umh.es\/Cuestionarios\/login.aspx\" target=\"_blank\" rel=\"noopener\">Medicina d&#8217;Urg\u00e8ncies i Emerg\u00e8ncies en Pediatria (3663)<\/a><\/strong><br \/>\n&nbsp;<br \/>\n<strong><a title=\"Accedeix amb el teu compte Goumh\" href=\"https:\/\/universite.umh.es\/Cuestionarios\/login.aspx\" target=\"_blank\" rel=\"noopener\">Urg\u00e8ncies i Emerg\u00e8ncies en l&#8217;Aparell Locomotor (3658)<\/a><\/strong><br \/>\n&nbsp;<br \/>\n<strong><a title=\"Accedeix amb el teu compte Goumh\" href=\"https:\/\/universite.umh.es\/Cuestionarios\/login.aspx\" target=\"_blank\" rel=\"noopener\">Urg\u00e8ncies i Emerg\u00e8ncies Musculoesquel\u00e9tiques (3659)<\/a><\/strong><br \/>\n&nbsp;<br \/>\n<strong><a title=\"Accedeix amb el teu compte Goumh\" href=\"https:\/\/universite.umh.es\/Cuestionarios\/login.aspx\" target=\"_blank\" rel=\"noopener\">Urg\u00e8ncies i Emerg\u00e8ncies Psiqui\u00e0triques (3662)<\/a><\/strong><br \/>\n&nbsp;<br \/>\n<strong><a title=\"Accedeix amb el teu compte Goumh\" href=\"https:\/\/universite.umh.es\/Cuestionarios\/login.aspx\" target=\"_blank\" rel=\"noopener\">Cirurgia en la Urg\u00e8ncia i Emerg\u00e8ncia M\u00e8dica I (3652)<\/a><\/strong><br \/>\n&nbsp;<br \/>\n<strong><a title=\"Accedeix amb el teu compte Goumh\" href=\"https:\/\/universite.umh.es\/Cuestionarios\/login.aspx\" target=\"_blank\" rel=\"noopener\">Cirurgia en la Urg\u00e8ncia i Emerg\u00e8ncia M\u00e8dica II (3653)<\/a><\/strong><br \/>\n&nbsp;<br \/>\n<strong><a title=\"Accedeix amb el teu compte Goumh\" href=\"https:\/\/universite.umh.es\/Cuestionarios\/login.aspx\" target=\"_blank\" rel=\"noopener\">Medicina en el Pacient Cr\u00edtic Adult I (3660)<\/a><\/strong><br \/>\n&nbsp;<br \/>\n<strong><a title=\"Accedeix amb el teu compte Goumh\" href=\"https:\/\/universite.umh.es\/Cuestionarios\/login.aspx\" target=\"_blank\" rel=\"noopener\">Medicina en el Pacient Cr\u00edtic Adult II (3661)<\/a><\/strong><br \/>\n&nbsp;<br \/>\n<strong><a title=\"Accedeix amb el teu compte Goumh\" href=\"https:\/\/universite.umh.es\/Cuestionarios\/login.aspx\" target=\"_blank\" rel=\"noopener\">Pacient Cr\u00edtic Pedi\u00e0tric (3664)<\/a><\/strong><br \/>\n&nbsp;<br \/>\n<strong><a title=\"Accedeix amb el teu compte Goumh\" href=\"https:\/\/universite.umh.es\/Cuestionarios\/login.aspx\" target=\"_blank\" rel=\"noopener\">Urg\u00e8ncies M\u00e8diques en Cures Pal\u00b7liatives (3665)<\/a><\/strong><br \/>\n&nbsp;<br \/>\n<strong><a title=\"Accede con tu cuenta Goumh\" href=\"https:\/\/universite.umh.es\/Cuestionarios\/login.aspx\" target=\"_blank\" rel=\"noopener\">Treball Fi de M\u00e0ster (3666)<\/a><\/strong><br \/>\n&nbsp;<br \/>\n&nbsp;<br \/>\nUs preguem que dediqueu uns minuts a realitzar-les. \u00c9s molt important per al seguiment del M\u00e0ster.<br \/>\n&nbsp;<\/p>\n","protected":false},"excerpt":{"rendered":"<p>Des d&#8217;el Servei de Qualitat de la UMH ens informen les enquestes corresponents a les assignatures estarann disponibles en els vostres accessos identificats a mesura que finalitzen: &nbsp; REALITZA LES ENQUESTES DE SATISFACCI\u00d3 D&#8217;ASSIGNATURES DEL M\u00c0STER MUE &nbsp; &nbsp; 1ER CURS &nbsp; \u00c0mbits i bases bio\u00e8tiques i Seguretat del Pacient en Medicina d&#8217;Urg\u00e8ncies-Emerg\u00e8ncies (3645) &nbsp; [&hellip;]<\/p>\n","protected":false},"author":6375,"featured_media":0,"parent":0,"menu_order":30,"comment_status":"closed","ping_status":"closed","template":"","meta":{"_et_pb_use_builder":"","_et_pb_old_content":"","_et_gb_content_width":"","_links_to":"","_links_to_target":""},"yoast_head":"<!-- This site is optimized with the Yoast SEO plugin v17.5 - https:\/\/yoast.com\/wordpress\/plugins\/seo\/ -->\n<title>ENQUESTES DE QUALITAT - M\u00e1ster en Medicina de Urgencias y Emergencias<\/title>\n<meta name=\"robots\" content=\"index, follow, max-snippet:-1, max-image-preview:large, max-video-preview:-1\" \/>\n<link rel=\"canonical\" href=\"https:\/\/mastermedurgencias.umh.es\/ca\/encuestas-de-calidad\/\" \/>\n<meta property=\"og:locale\" content=\"ca_ES\" \/>\n<meta property=\"og:type\" content=\"article\" \/>\n<meta property=\"og:title\" content=\"ENQUESTES DE QUALITAT - M\u00e1ster en Medicina de Urgencias y Emergencias\" \/>\n<meta property=\"og:description\" content=\"Des d&#8217;el Servei de Qualitat de la UMH ens informen les enquestes corresponents a les assignatures estarann disponibles en els vostres accessos identificats a mesura que finalitzen: &nbsp; REALITZA LES ENQUESTES DE SATISFACCI\u00d3 D&#8217;ASSIGNATURES DEL M\u00c0STER MUE &nbsp; &nbsp; 1ER CURS &nbsp; \u00c0mbits i bases bio\u00e8tiques i Seguretat del Pacient en Medicina d&#8217;Urg\u00e8ncies-Emerg\u00e8ncies (3645) &nbsp; [&hellip;]\" \/>\n<meta property=\"og:url\" content=\"https:\/\/mastermedurgencias.umh.es\/ca\/encuestas-de-calidad\/\" \/>\n<meta property=\"og:site_name\" content=\"M\u00e1ster en Medicina de Urgencias y Emergencias\" \/>\n<meta property=\"article:modified_time\" content=\"2022-10-05T07:23:36+00:00\" \/>\n<meta name=\"twitter:card\" content=\"summary\" \/>\n<meta name=\"twitter:label1\" content=\"Temps estimat de lectura\" \/>\n\t<meta name=\"twitter:data1\" content=\"1 minut\" \/>\n<script type=\"application\/ld+json\" class=\"yoast-schema-graph\">{\"@context\":\"https:\/\/schema.org\",\"@graph\":[{\"@type\":\"WebSite\",\"@id\":\"https:\/\/mastermedurgencias.umh.es\/#website\",\"url\":\"https:\/\/mastermedurgencias.umh.es\/\",\"name\":\"M\\u00e1ster en Medicina de Urgencias y Emergencias\",\"description\":\"Universidad Miguel Hern\\u00e1ndez de Elche\",\"potentialAction\":[{\"@type\":\"SearchAction\",\"target\":{\"@type\":\"EntryPoint\",\"urlTemplate\":\"https:\/\/mastermedurgencias.umh.es\/?s={search_term_string}\"},\"query-input\":\"required name=search_term_string\"}],\"inLanguage\":\"ca\"},{\"@type\":\"WebPage\",\"@id\":\"https:\/\/mastermedurgencias.umh.es\/ca\/encuestas-de-calidad\/#webpage\",\"url\":\"https:\/\/mastermedurgencias.umh.es\/ca\/encuestas-de-calidad\/\",\"name\":\"ENQUESTES DE QUALITAT - M\\u00e1ster en Medicina de Urgencias y Emergencias\",\"isPartOf\":{\"@id\":\"https:\/\/mastermedurgencias.umh.es\/#website\"},\"datePublished\":\"2016-11-23T08:21:21+00:00\",\"dateModified\":\"2022-10-05T07:23:36+00:00\",\"breadcrumb\":{\"@id\":\"https:\/\/mastermedurgencias.umh.es\/ca\/encuestas-de-calidad\/#breadcrumb\"},\"inLanguage\":\"ca\",\"potentialAction\":[{\"@type\":\"ReadAction\",\"target\":[\"https:\/\/mastermedurgencias.umh.es\/ca\/encuestas-de-calidad\/\"]}]},{\"@type\":\"BreadcrumbList\",\"@id\":\"https:\/\/mastermedurgencias.umh.es\/ca\/encuestas-de-calidad\/#breadcrumb\",\"itemListElement\":[{\"@type\":\"ListItem\",\"position\":1,\"name\":\"Inici\",\"item\":\"https:\/\/mastermedurgencias.umh.es\/ca\/\"},{\"@type\":\"ListItem\",\"position\":2,\"name\":\"ENQUESTES DE QUALITAT\"}]}]}<\/script>\n<!-- \/ Yoast SEO plugin. -->","yoast_head_json":{"title":"ENQUESTES DE QUALITAT - M\u00e1ster en Medicina de Urgencias y Emergencias","robots":{"index":"index","follow":"follow","max-snippet":"max-snippet:-1","max-image-preview":"max-image-preview:large","max-video-preview":"max-video-preview:-1"},"canonical":"https:\/\/mastermedurgencias.umh.es\/ca\/encuestas-de-calidad\/","og_locale":"ca_ES","og_type":"article","og_title":"ENQUESTES DE QUALITAT - M\u00e1ster en Medicina de Urgencias y Emergencias","og_description":"Des d&#8217;el Servei de Qualitat de la UMH ens informen les enquestes corresponents a les assignatures estarann disponibles en els vostres accessos identificats a mesura que finalitzen: &nbsp; REALITZA LES ENQUESTES DE SATISFACCI\u00d3 D&#8217;ASSIGNATURES DEL M\u00c0STER MUE &nbsp; &nbsp; 1ER CURS &nbsp; \u00c0mbits i bases bio\u00e8tiques i Seguretat del Pacient en Medicina d&#8217;Urg\u00e8ncies-Emerg\u00e8ncies (3645) &nbsp; [&hellip;]","og_url":"https:\/\/mastermedurgencias.umh.es\/ca\/encuestas-de-calidad\/","og_site_name":"M\u00e1ster en Medicina de Urgencias y Emergencias","article_modified_time":"2022-10-05T07:23:36+00:00","twitter_card":"summary","twitter_misc":{"Temps estimat de lectura":"1 minut"},"schema":{"@context":"https:\/\/schema.org","@graph":[{"@type":"WebSite","@id":"https:\/\/mastermedurgencias.umh.es\/#website","url":"https:\/\/mastermedurgencias.umh.es\/","name":"M\u00e1ster en Medicina de Urgencias y Emergencias","description":"Universidad Miguel Hern\u00e1ndez de Elche","potentialAction":[{"@type":"SearchAction","target":{"@type":"EntryPoint","urlTemplate":"https:\/\/mastermedurgencias.umh.es\/?s={search_term_string}"},"query-input":"required name=search_term_string"}],"inLanguage":"ca"},{"@type":"WebPage","@id":"https:\/\/mastermedurgencias.umh.es\/ca\/encuestas-de-calidad\/#webpage","url":"https:\/\/mastermedurgencias.umh.es\/ca\/encuestas-de-calidad\/","name":"ENQUESTES DE QUALITAT - M\u00e1ster en Medicina de Urgencias y Emergencias","isPartOf":{"@id":"https:\/\/mastermedurgencias.umh.es\/#website"},"datePublished":"2016-11-23T08:21:21+00:00","dateModified":"2022-10-05T07:23:36+00:00","breadcrumb":{"@id":"https:\/\/mastermedurgencias.umh.es\/ca\/encuestas-de-calidad\/#breadcrumb"},"inLanguage":"ca","potentialAction":[{"@type":"ReadAction","target":["https:\/\/mastermedurgencias.umh.es\/ca\/encuestas-de-calidad\/"]}]},{"@type":"BreadcrumbList","@id":"https:\/\/mastermedurgencias.umh.es\/ca\/encuestas-de-calidad\/#breadcrumb","itemListElement":[{"@type":"ListItem","position":1,"name":"Inici","item":"https:\/\/mastermedurgencias.umh.es\/ca\/"},{"@type":"ListItem","position":2,"name":"ENQUESTES DE QUALITAT"}]}]}},"_links":{"self":[{"href":"https:\/\/mastermedurgencias.umh.es\/ca\/wp-json\/wp\/v2\/pages\/10282"}],"collection":[{"href":"https:\/\/mastermedurgencias.umh.es\/ca\/wp-json\/wp\/v2\/pages"}],"about":[{"href":"https:\/\/mastermedurgencias.umh.es\/ca\/wp-json\/wp\/v2\/types\/page"}],"author":[{"embeddable":true,"href":"https:\/\/mastermedurgencias.umh.es\/ca\/wp-json\/wp\/v2\/users\/6375"}],"replies":[{"embeddable":true,"href":"https:\/\/mastermedurgencias.umh.es\/ca\/wp-json\/wp\/v2\/comments?post=10282"}],"version-history":[{"count":0,"href":"https:\/\/mastermedurgencias.umh.es\/ca\/wp-json\/wp\/v2\/pages\/10282\/revisions"}],"wp:attachment":[{"href":"https:\/\/mastermedurgencias.umh.es\/ca\/wp-json\/wp\/v2\/media?parent=10282"}],"curies":[{"name":"wp","href":"https:\/\/api.w.org\/{rel}","templated":true}]}}