{"id":10294,"date":"2013-06-06T08:22:36","date_gmt":"2013-06-06T08:22:36","guid":{"rendered":"https:\/\/mastermedurgencias.umh.es\/enlaces\/"},"modified":"2025-06-18T11:10:41","modified_gmt":"2025-06-18T11:10:41","slug":"enlaces","status":"publish","type":"page","link":"https:\/\/mastermedurgencias.umh.es\/ca\/enlaces\/","title":{"rendered":"ENLLA\u00c7OS"},"content":{"rendered":"<p>[et_pb_section fb_built=&#8221;1&#8243; admin_label=&#8221;section&#8221; _builder_version=&#8221;4.16&#8243; global_colors_info=&#8221;{}&#8221;][et_pb_row admin_label=&#8221;row&#8221; _builder_version=&#8221;4.16&#8243; background_size=&#8221;initial&#8221; background_position=&#8221;top_left&#8221; background_repeat=&#8221;repeat&#8221; global_colors_info=&#8221;{}&#8221;][et_pb_column type=&#8221;4_4&#8243; _builder_version=&#8221;4.16&#8243; custom_padding=&#8221;|||&#8221; global_colors_info=&#8221;{}&#8221; custom_padding__hover=&#8221;|||&#8221;][et_pb_text admin_label=&#8221;Text&#8221; _builder_version=&#8221;4.17.4&#8243; background_size=&#8221;initial&#8221; background_position=&#8221;top_left&#8221; background_repeat=&#8221;repeat&#8221; hover_enabled=&#8221;0&#8243; global_colors_info=&#8221;{}&#8221; text_orientation=&#8221;justified&#8221; sticky_enabled=&#8221;0&#8243;]<\/p>\n<h3>Societats cient\u00edfiques<\/h3>\n<p><a title=\"Ho veur\u00e0s en una nova finestra\" href=\"http:\/\/www.semes.org\/\" target=\"_blank\" rel=\"noopener\">Societat Espanyola de Medicina d&#8217;Urg\u00e8ncies i Emerg\u00e8ncies<\/a><\/p>\n<p><a title=\"Ho veur\u00e0s en una nova finestra\" href=\"http:\/\/www.seup.org\/\">Societat Espanyola d&#8217;Urg\u00e8ncies de Pediatria<\/a><\/p>\n<p>&nbsp;<\/p>\n<h3>Revistas<\/h3>\n<p><a title=\"Ho veur\u00e0s en una nova finestra\" href=\"http:\/\/www.semes.org\/revista_EMERGENCIAS\/\" target=\"_blank\" rel=\"noopener\">Emergencias<\/a><\/p>\n<p><a title=\"Ho veur\u00e0s en una nova finestra\" href=\"http:\/\/bvs.sld.cu\/revistas\/mie\/indice.html\" target=\"_blank\" rel=\"noopener\">Revista Cubana de Medicina de Emerg\u00e8ncies<\/a><\/p>\n<p><a title=\"Ho veur\u00e0s en una nova finestra\" href=\"http:\/\/emj.bmj.com\/\" target=\"_blank\" rel=\"noopener\">Emergency Medicine Journal\u00a0(EMJ)<\/a><\/p>\n<p><a title=\"Ho veur\u00e0s en una nova finestra\" href=\"http:\/\/www.ajemjournal.com\/\" target=\"_blank\" rel=\"noopener\">The American Journal of Emergency Medicine<\/a><\/p>\n<p><a title=\"Ho veur\u00e0s en una nova finestra\" href=\"http:\/\/www.journals.elsevier.com\/the-journal-of-emergency-medicine\/\" target=\"_blank\" rel=\"noopener\">The Journal of Emergency Medicine<\/a><\/p>\n<p><a title=\"Ho veur\u00e0s en una nova finestra\" href=\"http:\/\/www.intjem.com\/\" target=\"_blank\" rel=\"noopener\">The\u00a0International Journal of Emergency Medicine<\/a><\/p>\n<p><a title=\"Ho veur\u00e0s en una nova finestra\" href=\"http:\/\/journals.lww.com\/euro-emergencymed\/pages\/default.aspx\" target=\"_blank\" rel=\"noopener\">European Journal of Emergency<\/a><\/p>\n<p>&nbsp;<\/p>\n<h3>Departaments<\/h3>\n<p><a title=\"Ho veur\u00e0s en una nova finestra\" href=\"http:\/\/www.departamentomedicinaclinica.edu.umh.es\/ca\" target=\"_blank\" rel=\"noopener\">Departament de Medicina Cl\u00ednica de la UMH<\/a><\/p>\n<p><a title=\"Ho veur\u00e0s en una nova finestra\" href=\"http:\/\/mastermedurgencias.umh.es\" target=\"_blank\" rel=\"noopener\">El m\u00e0ster universitari en Medicina d&#8217;Urg\u00e8ncies i Emerg\u00e8ncies en 2 minuts<\/a><\/p>\n<p>&nbsp;<\/p>\n<p>[\/et_pb_text][\/et_pb_column][\/et_pb_row][\/et_pb_section]<\/p>\n","protected":false},"excerpt":{"rendered":"<p>Societats cient\u00edfiques Societat Espanyola de Medicina d&#8217;Urg\u00e8ncies i Emerg\u00e8ncies Societat Espanyola d&#8217;Urg\u00e8ncies de Pediatria &nbsp; Revistas Emergencias Revista Cubana de Medicina de Emerg\u00e8ncies Emergency Medicine Journal\u00a0(EMJ) The American Journal of Emergency Medicine The Journal of Emergency Medicine The\u00a0International Journal of Emergency Medicine European Journal of Emergency &nbsp; Departaments Departament de Medicina Cl\u00ednica de la UMH [&hellip;]<\/p>\n","protected":false},"author":6363,"featured_media":0,"parent":0,"menu_order":40,"comment_status":"closed","ping_status":"closed","template":"","meta":{"_et_pb_use_builder":"on","_et_pb_old_content":"","_et_gb_content_width":"","_links_to":"","_links_to_target":""},"yoast_head":"<!-- This site is optimized with the Yoast SEO plugin v17.5 - https:\/\/yoast.com\/wordpress\/plugins\/seo\/ -->\n<title>ENLLA\u00c7OS - M\u00e1ster en Medicina de Urgencias y Emergencias<\/title>\n<meta name=\"robots\" content=\"index, follow, max-snippet:-1, max-image-preview:large, max-video-preview:-1\" \/>\n<link rel=\"canonical\" href=\"https:\/\/mastermedurgencias.umh.es\/ca\/enlaces\/\" \/>\n<meta property=\"og:locale\" content=\"ca_ES\" \/>\n<meta property=\"og:type\" content=\"article\" \/>\n<meta property=\"og:title\" content=\"ENLLA\u00c7OS - M\u00e1ster en Medicina de Urgencias y Emergencias\" \/>\n<meta property=\"og:description\" content=\"Societats cient\u00edfiques Societat Espanyola de Medicina d&#039;Urg\u00e8ncies i Emerg\u00e8ncies Societat Espanyola d&#039;Urg\u00e8ncies de Pediatria &nbsp; Revistas Emergencias Revista Cubana de Medicina de Emerg\u00e8ncies Emergency Medicine Journal\u00a0(EMJ) The American Journal of Emergency Medicine The Journal of Emergency Medicine The\u00a0International Journal of Emergency Medicine European Journal of Emergency &nbsp; Departaments Departament de Medicina Cl\u00ednica de la UMH [&hellip;]\" \/>\n<meta property=\"og:url\" content=\"https:\/\/mastermedurgencias.umh.es\/ca\/enlaces\/\" \/>\n<meta property=\"og:site_name\" content=\"M\u00e1ster en Medicina de Urgencias y Emergencias\" \/>\n<meta property=\"article:modified_time\" content=\"2025-06-18T11:10:41+00:00\" \/>\n<meta name=\"twitter:card\" content=\"summary\" \/>\n<meta name=\"twitter:label1\" content=\"Temps estimat de lectura\" \/>\n\t<meta name=\"twitter:data1\" content=\"1 minut\" \/>\n<script type=\"application\/ld+json\" class=\"yoast-schema-graph\">{\"@context\":\"https:\/\/schema.org\",\"@graph\":[{\"@type\":\"WebSite\",\"@id\":\"https:\/\/mastermedurgencias.umh.es\/#website\",\"url\":\"https:\/\/mastermedurgencias.umh.es\/\",\"name\":\"M\\u00e1ster en Medicina de Urgencias y Emergencias\",\"description\":\"Universidad Miguel Hern\\u00e1ndez de Elche\",\"potentialAction\":[{\"@type\":\"SearchAction\",\"target\":{\"@type\":\"EntryPoint\",\"urlTemplate\":\"https:\/\/mastermedurgencias.umh.es\/?s={search_term_string}\"},\"query-input\":\"required name=search_term_string\"}],\"inLanguage\":\"ca\"},{\"@type\":\"WebPage\",\"@id\":\"https:\/\/mastermedurgencias.umh.es\/ca\/enlaces\/#webpage\",\"url\":\"https:\/\/mastermedurgencias.umh.es\/ca\/enlaces\/\",\"name\":\"ENLLA\\u00c7OS - M\\u00e1ster en Medicina de Urgencias y Emergencias\",\"isPartOf\":{\"@id\":\"https:\/\/mastermedurgencias.umh.es\/#website\"},\"datePublished\":\"2013-06-06T08:22:36+00:00\",\"dateModified\":\"2025-06-18T11:10:41+00:00\",\"breadcrumb\":{\"@id\":\"https:\/\/mastermedurgencias.umh.es\/ca\/enlaces\/#breadcrumb\"},\"inLanguage\":\"ca\",\"potentialAction\":[{\"@type\":\"ReadAction\",\"target\":[\"https:\/\/mastermedurgencias.umh.es\/ca\/enlaces\/\"]}]},{\"@type\":\"BreadcrumbList\",\"@id\":\"https:\/\/mastermedurgencias.umh.es\/ca\/enlaces\/#breadcrumb\",\"itemListElement\":[{\"@type\":\"ListItem\",\"position\":1,\"name\":\"Inici\",\"item\":\"https:\/\/mastermedurgencias.umh.es\/ca\/\"},{\"@type\":\"ListItem\",\"position\":2,\"name\":\"ENLLA\\u00c7OS\"}]}]}<\/script>\n<!-- \/ Yoast SEO plugin. -->","yoast_head_json":{"title":"ENLLA\u00c7OS - M\u00e1ster en Medicina de Urgencias y Emergencias","robots":{"index":"index","follow":"follow","max-snippet":"max-snippet:-1","max-image-preview":"max-image-preview:large","max-video-preview":"max-video-preview:-1"},"canonical":"https:\/\/mastermedurgencias.umh.es\/ca\/enlaces\/","og_locale":"ca_ES","og_type":"article","og_title":"ENLLA\u00c7OS - M\u00e1ster en Medicina de Urgencias y Emergencias","og_description":"Societats cient\u00edfiques Societat Espanyola de Medicina d'Urg\u00e8ncies i Emerg\u00e8ncies Societat Espanyola d'Urg\u00e8ncies de Pediatria &nbsp; Revistas Emergencias Revista Cubana de Medicina de Emerg\u00e8ncies Emergency Medicine Journal\u00a0(EMJ) The American Journal of Emergency Medicine The Journal of Emergency Medicine The\u00a0International Journal of Emergency Medicine European Journal of Emergency &nbsp; Departaments Departament de Medicina Cl\u00ednica de la UMH [&hellip;]","og_url":"https:\/\/mastermedurgencias.umh.es\/ca\/enlaces\/","og_site_name":"M\u00e1ster en Medicina de Urgencias y Emergencias","article_modified_time":"2025-06-18T11:10:41+00:00","twitter_card":"summary","twitter_misc":{"Temps estimat de lectura":"1 minut"},"schema":{"@context":"https:\/\/schema.org","@graph":[{"@type":"WebSite","@id":"https:\/\/mastermedurgencias.umh.es\/#website","url":"https:\/\/mastermedurgencias.umh.es\/","name":"M\u00e1ster en Medicina de Urgencias y Emergencias","description":"Universidad Miguel Hern\u00e1ndez de Elche","potentialAction":[{"@type":"SearchAction","target":{"@type":"EntryPoint","urlTemplate":"https:\/\/mastermedurgencias.umh.es\/?s={search_term_string}"},"query-input":"required name=search_term_string"}],"inLanguage":"ca"},{"@type":"WebPage","@id":"https:\/\/mastermedurgencias.umh.es\/ca\/enlaces\/#webpage","url":"https:\/\/mastermedurgencias.umh.es\/ca\/enlaces\/","name":"ENLLA\u00c7OS - M\u00e1ster en Medicina de Urgencias y Emergencias","isPartOf":{"@id":"https:\/\/mastermedurgencias.umh.es\/#website"},"datePublished":"2013-06-06T08:22:36+00:00","dateModified":"2025-06-18T11:10:41+00:00","breadcrumb":{"@id":"https:\/\/mastermedurgencias.umh.es\/ca\/enlaces\/#breadcrumb"},"inLanguage":"ca","potentialAction":[{"@type":"ReadAction","target":["https:\/\/mastermedurgencias.umh.es\/ca\/enlaces\/"]}]},{"@type":"BreadcrumbList","@id":"https:\/\/mastermedurgencias.umh.es\/ca\/enlaces\/#breadcrumb","itemListElement":[{"@type":"ListItem","position":1,"name":"Inici","item":"https:\/\/mastermedurgencias.umh.es\/ca\/"},{"@type":"ListItem","position":2,"name":"ENLLA\u00c7OS"}]}]}},"_links":{"self":[{"href":"https:\/\/mastermedurgencias.umh.es\/ca\/wp-json\/wp\/v2\/pages\/10294"}],"collection":[{"href":"https:\/\/mastermedurgencias.umh.es\/ca\/wp-json\/wp\/v2\/pages"}],"about":[{"href":"https:\/\/mastermedurgencias.umh.es\/ca\/wp-json\/wp\/v2\/types\/page"}],"author":[{"embeddable":true,"href":"https:\/\/mastermedurgencias.umh.es\/ca\/wp-json\/wp\/v2\/users\/6363"}],"replies":[{"embeddable":true,"href":"https:\/\/mastermedurgencias.umh.es\/ca\/wp-json\/wp\/v2\/comments?post=10294"}],"version-history":[{"count":0,"href":"https:\/\/mastermedurgencias.umh.es\/ca\/wp-json\/wp\/v2\/pages\/10294\/revisions"}],"wp:attachment":[{"href":"https:\/\/mastermedurgencias.umh.es\/ca\/wp-json\/wp\/v2\/media?parent=10294"}],"curies":[{"name":"wp","href":"https:\/\/api.w.org\/{rel}","templated":true}]}}