{"id":10192,"date":"2013-07-26T13:06:18","date_gmt":"2013-07-26T13:06:18","guid":{"rendered":"https:\/\/mastermedurgencias.umh.es\/asignaturas\/primer-ano\/"},"modified":"2022-10-05T06:28:55","modified_gmt":"2022-10-05T06:28:55","slug":"primer-ano","status":"publish","type":"page","link":"https:\/\/mastermedurgencias.umh.es\/en\/asignaturas\/primer-ano\/","title":{"rendered":"First year"},"content":{"rendered":"<ul>\n<li>\n<h4><a title=\"You'll see it in a new window\" href=\"http:\/\/umh3645.edu.umh.es\">Areas of Action, Bioethical Bases and Emergency Medicine in Safety Patient<\/a><\/h4>\n<\/li>\n<p>Responsible: <a title=\"Visit the tab in a new window\" href=\"http:\/\/www.umh.es\/contenido\/pdi\/:persona_123621\/datos_en.html\" target=\"_blank\" rel=\"noopener\">Concepci\u00f3n Carratal\u00e1 Munuera<\/a>\n<\/ul>\n<ul>\n<li>\n<h4><a style=\"font-size: 1em;\" title=\"You'll see it in a new window\" href=\"http:\/\/umh3649.edu.umh.es\">Medical emergencies outside the hospital<\/a><\/h4>\n<\/li>\n<p>Responsible: <a title=\"Visit the tab in a new window\" href=\"http:\/\/universite.umh.es\/profesores\/fichaprofesor.asp?NP=5304\" target=\"_blank\" rel=\"noopener\">Domingo Orozco Beltr\u00e1n<\/a>\n<\/ul>\n<ul>\n<li>\n<h4><a title=\"You'll see it in a new window\" href=\"http:\/\/umh3646.edu.umh.es\">Psychological action in Emergency Medicine<\/a><\/h4>\n<\/li>\n<p>Responsible: <a title=\"Visit the tab in a new window\" href=\"http:\/\/www.departamentomedicinaclinicaumh.es\/jesus-rodriguez-marin-eng\/\" target=\"_blank\" rel=\"noopener\">Jes\u00fas Rodr\u00edguez Mar\u00edn<\/a> and <a title=\"Visit the tab in a new window\" href=\"http:\/\/www.umh.es\/contenido\/pas\/:persona_174324\/datos_en.html\" target=\"_blank\" rel=\"noopener\">Purificaci\u00f3n Bernabeu Juan<\/a>\n<\/ul>\n<ul>\n<li>\n<h4><a title=\"You'll see it in a new window\" href=\"http:\/\/umh3654.edu.umh.es\/\">Medical Emergency hospital<\/a><\/h4>\n<\/li>\n<p>Responsible: <a title=\"Visit the tab in a new window\" href=\"http:\/\/www.departamentomedicinaclinicaumh.es\/francisco-javier-fernandez-sanchez_eng\/\" target=\"_blank\" rel=\"noopener\">Francisco Javier Fern\u00e1ndez S\u00e1nchez<\/a>\n<\/ul>\n<ul>\n<li>\n<h4><a title=\"You'll see it in a new window\" href=\"http:\/\/umh3647.edu.umh.es\">Clinical Pharmacology<\/a><\/h4>\n<\/li>\n<p>Responsible: <a title=\"Visit the tab in a new window\" href=\"http:\/\/www.umh.es\/contenido\/Estudios\/:persona_5509\/datos_en.html?destino=impresora\" target=\"_blank\" rel=\"noopener\">Jos\u00e9 Horga de La Parte<\/a>\n<\/ul>\n<ul>\n<li>\n<h4><a title=\"You'll see it in a new window\" href=\"http:\/\/umh3648.edu.umh.es\">Diagnostic Image<\/a><\/h4>\n<\/li>\n<p>Responsible: <a title=\"Visit the tab in a new window\" href=\"http:\/\/www.umh.es\/contenido\/pas\/:persona_132859\/datos_en.html\" target=\"_blank\" rel=\"noopener\">Juan Jos\u00e9 Arenas Jim\u00e9nez<\/a>\n<\/ul>\n<ul>\n<li>\n<h4><a title=\"You'll see it in a new window\" href=\"http:\/\/umh3655.edu.umh.es\/\" target=\"_blank\" rel=\"noopener\">Respiratory Medical Emergencies outside the hospital<\/a><\/h4>\n<\/li>\n<p>Responsible:\u00a0<a title=\"Visit the tab in a new window\" href=\"http:\/\/www.departamentomedicinaclinicaumh.es\/luis-manuel-hernandez-blasco-eng\/\" target=\"_blank\" rel=\"noopener\">Luis Hern\u00e1ndez Blasco<\/a>\n<\/ul>\n<ul>\n<li>\n<h4><a title=\"You'll see it in a new window\" href=\"http:\/\/umh3657.edu.umh.es\/\" target=\"_blank\" rel=\"noopener\">Neurological Medical Emergencies outside the hospital<\/a><\/h4>\n<\/li>\n<p>Responsible: <a title=\"Visit the tab in a new window\" href=\"http:\/\/www.departamentomedicinaclinicaumh.es\/vicente-francisco-gil-guillen-eng\/\" target=\"_blank\" rel=\"noopener\">Vicente Gil Guill\u00e9n<\/a>\n<\/ul>\n<ul>\n<li>\n<h4><a title=\"You'll see it in a new window\" href=\"http:\/\/umh3650.edu.umh.es\/\" target=\"_blank\" rel=\"noopener\">Medical Emergency admissions I<\/a><\/h4>\n<\/li>\n<p>Responsible:\u00a0<a title=\"Visit the tab in a new window\" href=\"http:\/\/www.departamentomedicinaclinicaumh.es\/jose-manuel-ramos-rincon-eng\/\" target=\"_blank\" rel=\"noopener\">Jos\u00e9 Manuel Ramos Rinc\u00f3n<\/a>\n<\/ul>\n<ul>\n<li>\n<h4><a title=\"You'll see it in a new window\" href=\"http:\/\/umh3651.edu.umh.es\/\" target=\"_blank\" rel=\"noopener\">Medical Emergency admissions II<\/a><\/h4>\n<\/li>\n<p>Responsible: <a title=\"Visit the tab in a new window\" href=\"http:\/\/www.departamentomedicinaclinicaumh.es\/jose-manuel-ramos-rincon-eng\/\" target=\"_blank\" rel=\"noopener\">Jos\u00e9 Manuel Ramos Rinc\u00f3n<\/a>\n<\/ul>\n<ul>\n<li>\n<h4><a title=\"You'll see it in a new window\" href=\"http:\/\/umh3656.edu.umh.es\/\" target=\"_blank\" rel=\"noopener\">Cardiovascular medical emergencies outside the hospital<\/a><\/h4>\n<\/li>\n<p>Responsible: <a title=\"Visit the tab in a new window\" href=\"http:\/\/www.umh.es\/contenido\/Estudios\/:persona_5562\/datos_en.html?destino=impresora\" target=\"_blank\" rel=\"noopener\">Juan Caturla Such<\/a>\n<\/ul>\n<p>&nbsp;<\/p>\n","protected":false},"excerpt":{"rendered":"<p>Areas of Action, Bioethical Bases and Emergency Medicine in Safety Patient Responsible: Concepci\u00f3n Carratal\u00e1 Munuera Medical emergencies outside the hospital Responsible: Domingo Orozco Beltr\u00e1n Psychological action in Emergency Medicine Responsible: Jes\u00fas Rodr\u00edguez Mar\u00edn and Purificaci\u00f3n Bernabeu Juan Medical Emergency hospital Responsible: Francisco Javier Fern\u00e1ndez S\u00e1nchez Clinical Pharmacology Responsible: Jos\u00e9 Horga de La Parte Diagnostic Image [&hellip;]<\/p>\n","protected":false},"author":3804,"featured_media":0,"parent":10180,"menu_order":31,"comment_status":"closed","ping_status":"closed","template":"","meta":{"_et_pb_use_builder":"on","_et_pb_old_content":"","_et_gb_content_width":"","_links_to":"","_links_to_target":""},"yoast_head":"<!-- This site is optimized with the Yoast SEO plugin v17.5 - https:\/\/yoast.com\/wordpress\/plugins\/seo\/ -->\n<title>First year - M\u00e1ster en Medicina de Urgencias y Emergencias<\/title>\n<meta name=\"robots\" content=\"index, follow, max-snippet:-1, max-image-preview:large, max-video-preview:-1\" \/>\n<link rel=\"canonical\" href=\"https:\/\/mastermedurgencias.umh.es\/en\/asignaturas\/primer-ano\/\" \/>\n<meta property=\"og:locale\" content=\"en_US\" \/>\n<meta property=\"og:type\" content=\"article\" \/>\n<meta property=\"og:title\" content=\"First year - M\u00e1ster en Medicina de Urgencias y Emergencias\" \/>\n<meta property=\"og:description\" content=\"Areas of Action, Bioethical Bases and Emergency Medicine in Safety Patient Responsible: Concepci\u00f3n Carratal\u00e1 Munuera Medical emergencies outside the hospital Responsible: Domingo Orozco Beltr\u00e1n Psychological action in Emergency Medicine Responsible: Jes\u00fas Rodr\u00edguez Mar\u00edn and Purificaci\u00f3n Bernabeu Juan Medical Emergency hospital Responsible: Francisco Javier Fern\u00e1ndez S\u00e1nchez Clinical Pharmacology Responsible: Jos\u00e9 Horga de La Parte Diagnostic Image [&hellip;]\" \/>\n<meta property=\"og:url\" content=\"https:\/\/mastermedurgencias.umh.es\/en\/asignaturas\/primer-ano\/\" \/>\n<meta property=\"og:site_name\" content=\"M\u00e1ster en Medicina de Urgencias y Emergencias\" \/>\n<meta property=\"article:modified_time\" content=\"2022-10-05T06:28:55+00:00\" \/>\n<meta name=\"twitter:card\" content=\"summary\" \/>\n<meta name=\"twitter:label1\" content=\"Est. reading time\" \/>\n\t<meta name=\"twitter:data1\" content=\"1 minute\" \/>\n<script type=\"application\/ld+json\" class=\"yoast-schema-graph\">{\"@context\":\"https:\/\/schema.org\",\"@graph\":[{\"@type\":\"WebSite\",\"@id\":\"https:\/\/mastermedurgencias.umh.es\/#website\",\"url\":\"https:\/\/mastermedurgencias.umh.es\/\",\"name\":\"M\\u00e1ster en Medicina de Urgencias y Emergencias\",\"description\":\"Universidad Miguel Hern\\u00e1ndez de Elche\",\"potentialAction\":[{\"@type\":\"SearchAction\",\"target\":{\"@type\":\"EntryPoint\",\"urlTemplate\":\"https:\/\/mastermedurgencias.umh.es\/?s={search_term_string}\"},\"query-input\":\"required name=search_term_string\"}],\"inLanguage\":\"en-US\"},{\"@type\":\"WebPage\",\"@id\":\"https:\/\/mastermedurgencias.umh.es\/en\/asignaturas\/primer-ano\/#webpage\",\"url\":\"https:\/\/mastermedurgencias.umh.es\/en\/asignaturas\/primer-ano\/\",\"name\":\"First year - M\\u00e1ster en Medicina de Urgencias y Emergencias\",\"isPartOf\":{\"@id\":\"https:\/\/mastermedurgencias.umh.es\/#website\"},\"datePublished\":\"2013-07-26T13:06:18+00:00\",\"dateModified\":\"2022-10-05T06:28:55+00:00\",\"breadcrumb\":{\"@id\":\"https:\/\/mastermedurgencias.umh.es\/en\/asignaturas\/primer-ano\/#breadcrumb\"},\"inLanguage\":\"en-US\",\"potentialAction\":[{\"@type\":\"ReadAction\",\"target\":[\"https:\/\/mastermedurgencias.umh.es\/en\/asignaturas\/primer-ano\/\"]}]},{\"@type\":\"BreadcrumbList\",\"@id\":\"https:\/\/mastermedurgencias.umh.es\/en\/asignaturas\/primer-ano\/#breadcrumb\",\"itemListElement\":[{\"@type\":\"ListItem\",\"position\":1,\"name\":\"Home\",\"item\":\"https:\/\/mastermedurgencias.umh.es\/en\/\"},{\"@type\":\"ListItem\",\"position\":2,\"name\":\"SUBJECTS\",\"item\":\"https:\/\/mastermedurgencias.umh.es\/en\/asignaturas\/\"},{\"@type\":\"ListItem\",\"position\":3,\"name\":\"First year\"}]}]}<\/script>\n<!-- \/ Yoast SEO plugin. -->","yoast_head_json":{"title":"First year - M\u00e1ster en Medicina de Urgencias y Emergencias","robots":{"index":"index","follow":"follow","max-snippet":"max-snippet:-1","max-image-preview":"max-image-preview:large","max-video-preview":"max-video-preview:-1"},"canonical":"https:\/\/mastermedurgencias.umh.es\/en\/asignaturas\/primer-ano\/","og_locale":"en_US","og_type":"article","og_title":"First year - M\u00e1ster en Medicina de Urgencias y Emergencias","og_description":"Areas of Action, Bioethical Bases and Emergency Medicine in Safety Patient Responsible: Concepci\u00f3n Carratal\u00e1 Munuera Medical emergencies outside the hospital Responsible: Domingo Orozco Beltr\u00e1n Psychological action in Emergency Medicine Responsible: Jes\u00fas Rodr\u00edguez Mar\u00edn and Purificaci\u00f3n Bernabeu Juan Medical Emergency hospital Responsible: Francisco Javier Fern\u00e1ndez S\u00e1nchez Clinical Pharmacology Responsible: Jos\u00e9 Horga de La Parte Diagnostic Image [&hellip;]","og_url":"https:\/\/mastermedurgencias.umh.es\/en\/asignaturas\/primer-ano\/","og_site_name":"M\u00e1ster en Medicina de Urgencias y Emergencias","article_modified_time":"2022-10-05T06:28:55+00:00","twitter_card":"summary","twitter_misc":{"Est. reading time":"1 minute"},"schema":{"@context":"https:\/\/schema.org","@graph":[{"@type":"WebSite","@id":"https:\/\/mastermedurgencias.umh.es\/#website","url":"https:\/\/mastermedurgencias.umh.es\/","name":"M\u00e1ster en Medicina de Urgencias y Emergencias","description":"Universidad Miguel Hern\u00e1ndez de Elche","potentialAction":[{"@type":"SearchAction","target":{"@type":"EntryPoint","urlTemplate":"https:\/\/mastermedurgencias.umh.es\/?s={search_term_string}"},"query-input":"required name=search_term_string"}],"inLanguage":"en-US"},{"@type":"WebPage","@id":"https:\/\/mastermedurgencias.umh.es\/en\/asignaturas\/primer-ano\/#webpage","url":"https:\/\/mastermedurgencias.umh.es\/en\/asignaturas\/primer-ano\/","name":"First year - M\u00e1ster en Medicina de Urgencias y Emergencias","isPartOf":{"@id":"https:\/\/mastermedurgencias.umh.es\/#website"},"datePublished":"2013-07-26T13:06:18+00:00","dateModified":"2022-10-05T06:28:55+00:00","breadcrumb":{"@id":"https:\/\/mastermedurgencias.umh.es\/en\/asignaturas\/primer-ano\/#breadcrumb"},"inLanguage":"en-US","potentialAction":[{"@type":"ReadAction","target":["https:\/\/mastermedurgencias.umh.es\/en\/asignaturas\/primer-ano\/"]}]},{"@type":"BreadcrumbList","@id":"https:\/\/mastermedurgencias.umh.es\/en\/asignaturas\/primer-ano\/#breadcrumb","itemListElement":[{"@type":"ListItem","position":1,"name":"Home","item":"https:\/\/mastermedurgencias.umh.es\/en\/"},{"@type":"ListItem","position":2,"name":"SUBJECTS","item":"https:\/\/mastermedurgencias.umh.es\/en\/asignaturas\/"},{"@type":"ListItem","position":3,"name":"First year"}]}]}},"_links":{"self":[{"href":"https:\/\/mastermedurgencias.umh.es\/en\/wp-json\/wp\/v2\/pages\/10192"}],"collection":[{"href":"https:\/\/mastermedurgencias.umh.es\/en\/wp-json\/wp\/v2\/pages"}],"about":[{"href":"https:\/\/mastermedurgencias.umh.es\/en\/wp-json\/wp\/v2\/types\/page"}],"author":[{"embeddable":true,"href":"https:\/\/mastermedurgencias.umh.es\/en\/wp-json\/wp\/v2\/users\/3804"}],"replies":[{"embeddable":true,"href":"https:\/\/mastermedurgencias.umh.es\/en\/wp-json\/wp\/v2\/comments?post=10192"}],"version-history":[{"count":0,"href":"https:\/\/mastermedurgencias.umh.es\/en\/wp-json\/wp\/v2\/pages\/10192\/revisions"}],"up":[{"embeddable":true,"href":"https:\/\/mastermedurgencias.umh.es\/en\/wp-json\/wp\/v2\/pages\/10180"}],"wp:attachment":[{"href":"https:\/\/mastermedurgencias.umh.es\/en\/wp-json\/wp\/v2\/media?parent=10192"}],"curies":[{"name":"wp","href":"https:\/\/api.w.org\/{rel}","templated":true}]}}