{"id":10207,"date":"2013-07-26T13:06:49","date_gmt":"2013-07-26T13:06:49","guid":{"rendered":"https:\/\/mastermedurgencias.umh.es\/asignaturas\/segundo-ano\/"},"modified":"2022-10-05T06:43:04","modified_gmt":"2022-10-05T06:43:04","slug":"segundo-ano","status":"publish","type":"page","link":"https:\/\/mastermedurgencias.umh.es\/en\/asignaturas\/segundo-ano\/","title":{"rendered":"Second year"},"content":{"rendered":"<h4><a title=\"You'll see it in a new window\" href=\"http:\/\/umh3658.edu.umh.es\" target=\"_blank\" rel=\"noopener\">Accident and Emergency in Locomotor System<\/a><\/h4>\n<p>Coordinator: <a title=\"Accede a su ficha UMH en una nueva ventana\" href=\"http:\/\/www.umh.es\/contenido\/Visitantes\/:persona_4249\/datos_en.html\" target=\"_blank\" rel=\"noopener\">Fernando L\u00f3pez Prats<\/a><br \/>\n&nbsp;<br \/>\n&nbsp;<\/p>\n<h4><a title=\"You'll see it in a new window\" href=\"http:\/\/umh3659.edu.umh.es\" target=\"_blank\" rel=\"noopener\">Accident and Emergency musculoskeletal<\/a><\/h4>\n<p>Coordinator: <a title=\"Accede a su ficha UMH en una nueva ventana\" href=\"http:\/\/www.umh.es\/contenido\/Estudios\/:persona_109288\/datos_en.html\" target=\"_blank\" rel=\"noopener\">Eliseo Pascual G\u00f3mez<\/a><br \/>\n&nbsp;<br \/>\n&nbsp;<\/p>\n<h4><a title=\"You'll see it in a new window\" href=\"http:\/\/umh3660.edu.umh.es\" target=\"_blank\" rel=\"noopener\">Medicine in the Adult Critical Patient I<\/a><\/h4>\n<p>Coordinator: <a title=\"Accede a su ficha UMH en una nueva ventana\" href=\"http:\/\/www.umh.es\/contenido\/Estudios\/:persona_5562\/datos_en.html?destino=impresora\" target=\"_blank\" rel=\"noopener\">Juan Caturla Such<\/a><br \/>\n&nbsp;<br \/>\n&nbsp;<\/p>\n<h4><a title=\"You'll see it in a new window\" href=\"http:\/\/umh3662.edu.umh.es\" target=\"_blank\" rel=\"noopener\">Emergency and Psychiatric Emergencies<\/a><\/h4>\n<p>Coordinator: <a title=\"Accede a su ficha UMH en una nueva ventana\" href=\"http:\/\/www.umh.es\/contenido\/Alumni\/:persona_144842\/datos_en.html\" target=\"_blank\" rel=\"noopener\">Bartolom\u00e9 P\u00e9rez G\u00e1lvez<\/a><br \/>\n&nbsp;<br \/>\n&nbsp;<\/p>\n<h4><a title=\"You'll see it in a new window\" href=\"http:\/\/umh3663.edu.umh.es\" target=\"_blank\" rel=\"noopener\">Emergency Medicine and Pediatric Emergencies<\/a><\/h4>\n<p>Coordinator: <a title=\"Accede a su ficha UMH en una nueva ventana\" href=\"http:\/\/www.umh.es\/contenido\/PDI\/:persona_5678\/datos_en.html\" target=\"_blank\" rel=\"noopener\">Mercedes Juste Ruiz<\/a><br \/>\n&nbsp;<br \/>\n&nbsp;<\/p>\n<h4><a title=\"You'll see it in a new window\" href=\"http:\/\/umh3652.edu.umh.es\" target=\"_blank\" rel=\"noopener\">Surgery in Emergency and Medical Emergencies I<\/a><\/h4>\n<p>Coordinator: <a title=\"Accede a su ficha UMH en una nueva ventana\" href=\"http:\/\/www.umh.es\/contenido\/Estudiantes\/:persona_5319\/datos_en.html\" target=\"_blank\" rel=\"noopener\">Antonio Compa\u00f1 Rosique<\/a><br \/>\n&nbsp;<br \/>\n&nbsp;<\/p>\n<h4><a title=\"You'll see it in a new window\" href=\"http:\/\/umh3653.edu.umh.es\" target=\"_blank\" rel=\"noopener\">Surgery in Emergency and Medical Emergencies II<\/a><\/h4>\n<p>Coordinator: <a title=\"Accede a su ficha UMH en una nueva ventana\" href=\"http:\/\/www.umh.es\/contenido\/Estudiantes\/:persona_5319\/datos_en.html\" target=\"_blank\" rel=\"noopener\">Antonio Compa\u00f1 Rosique<\/a><br \/>\n&nbsp;<br \/>\n&nbsp;<\/p>\n<h4><a title=\"You'll see it in a new window\" href=\"http:\/\/www.umh.es\/contenido\/Estudios\/:asi_m_3661\/datos_en.html\" target=\"_blank\" rel=\"noopener\">Medicine in the Adult Critical Patient II<\/a><\/h4>\n<p>Coordinator: <a title=\"Accede a su ficha UMH en una nueva ventana\" href=\"http:\/\/www.umh.es\/contenido\/pas\/:persona_127492\/datos_en.html\" target=\"_blank\" rel=\"noopener\">Francisca L\u00f3pez S\u00e1nchez<\/a><br \/>\n&nbsp;<br \/>\n&nbsp;<\/p>\n<h4><a title=\"You'll see it in a new window\" href=\"http:\/\/www.umh.es\/contenido\/Estudios\/:asi_m_3664\/datos_en.html\" target=\"_blank\" rel=\"noopener\">Pediatric Critical Patient<\/a><\/h4>\n<p>Coordinator: <a title=\"Accede a su ficha UMH en una nueva ventana\" href=\"http:\/\/www.umh.es\/contenido\/Estudios\/:persona_132199\/datos_en.html\" target=\"_blank\" rel=\"noopener\">Ricardo Serrano Garc\u00eda<\/a><br \/>\n&nbsp;<br \/>\n&nbsp;<\/p>\n<h4><a title=\"You'll see it in a new window\" href=\"http:\/\/www.umh.es\/contenido\/Estudios\/:asi_m_3665\/datos_en.html\" target=\"_blank\" rel=\"noopener\">Medical Emergencies in Palliative Care<\/a><\/h4>\n<p>Coordinator: <a title=\"Accede a su ficha UMH en una nueva ventana\" href=\"http:\/\/www.departamentomedicinaclinicaumh.es\/jose-manuel-ramos-rincon\/\" target=\"_blank\" rel=\"noopener\">Jos\u00e9 Manuel Ramos Rinc\u00f3n<\/a><br \/>\n&nbsp;<br \/>\n&nbsp;<\/p>\n<h4><a title=\"You'll see it in a new window\" href=\"http:\/\/umh3666.edu.umh.es\/\" target=\"_blank\" rel=\"noopener\">Final Master&#8217;s Degree Thesis<\/a><\/h4>\n<p>Coordinator: <a title=\"Accede a su ficha UMH en una nueva ventana\" href=\"http:\/\/www.departamentomedicinaclinicaumh.es\/francisco-javier-fernandez-sanchez_eng\/\" target=\"_blank\" rel=\"noopener\">Francisco Javier Fern\u00e1ndez S\u00e1nchez<\/a><br \/>\n&nbsp;<br \/>\n&nbsp;<\/p>\n","protected":false},"excerpt":{"rendered":"<p>Accident and Emergency in Locomotor System Coordinator: Fernando L\u00f3pez Prats &nbsp; &nbsp; Accident and Emergency musculoskeletal Coordinator: Eliseo Pascual G\u00f3mez &nbsp; &nbsp; Medicine in the Adult Critical Patient I Coordinator: Juan Caturla Such &nbsp; &nbsp; Emergency and Psychiatric Emergencies Coordinator: Bartolom\u00e9 P\u00e9rez G\u00e1lvez &nbsp; &nbsp; Emergency Medicine and Pediatric Emergencies Coordinator: Mercedes Juste Ruiz &nbsp; [&hellip;]<\/p>\n","protected":false},"author":3804,"featured_media":0,"parent":10180,"menu_order":33,"comment_status":"closed","ping_status":"closed","template":"","meta":{"_et_pb_use_builder":"on","_et_pb_old_content":"","_et_gb_content_width":"","_links_to":"","_links_to_target":""},"yoast_head":"<!-- This site is optimized with the Yoast SEO plugin v17.5 - https:\/\/yoast.com\/wordpress\/plugins\/seo\/ -->\n<title>Second year - M\u00e1ster en Medicina de Urgencias y Emergencias<\/title>\n<meta name=\"robots\" content=\"index, follow, max-snippet:-1, max-image-preview:large, max-video-preview:-1\" \/>\n<link rel=\"canonical\" href=\"https:\/\/mastermedurgencias.umh.es\/en\/asignaturas\/segundo-ano\/\" \/>\n<meta property=\"og:locale\" content=\"en_US\" \/>\n<meta property=\"og:type\" content=\"article\" \/>\n<meta property=\"og:title\" content=\"Second year - M\u00e1ster en Medicina de Urgencias y Emergencias\" \/>\n<meta property=\"og:description\" content=\"Accident and Emergency in Locomotor System Coordinator: Fernando L\u00f3pez Prats &nbsp; &nbsp; Accident and Emergency musculoskeletal Coordinator: Eliseo Pascual G\u00f3mez &nbsp; &nbsp; Medicine in the Adult Critical Patient I Coordinator: Juan Caturla Such &nbsp; &nbsp; Emergency and Psychiatric Emergencies Coordinator: Bartolom\u00e9 P\u00e9rez G\u00e1lvez &nbsp; &nbsp; Emergency Medicine and Pediatric Emergencies Coordinator: Mercedes Juste Ruiz &nbsp; [&hellip;]\" \/>\n<meta property=\"og:url\" content=\"https:\/\/mastermedurgencias.umh.es\/en\/asignaturas\/segundo-ano\/\" \/>\n<meta property=\"og:site_name\" content=\"M\u00e1ster en Medicina de Urgencias y Emergencias\" \/>\n<meta property=\"article:modified_time\" content=\"2022-10-05T06:43:04+00:00\" \/>\n<meta name=\"twitter:card\" content=\"summary\" \/>\n<meta name=\"twitter:label1\" content=\"Est. reading time\" \/>\n\t<meta name=\"twitter:data1\" content=\"1 minute\" \/>\n<script type=\"application\/ld+json\" class=\"yoast-schema-graph\">{\"@context\":\"https:\/\/schema.org\",\"@graph\":[{\"@type\":\"WebSite\",\"@id\":\"https:\/\/mastermedurgencias.umh.es\/#website\",\"url\":\"https:\/\/mastermedurgencias.umh.es\/\",\"name\":\"M\\u00e1ster en Medicina de Urgencias y Emergencias\",\"description\":\"Universidad Miguel Hern\\u00e1ndez de Elche\",\"potentialAction\":[{\"@type\":\"SearchAction\",\"target\":{\"@type\":\"EntryPoint\",\"urlTemplate\":\"https:\/\/mastermedurgencias.umh.es\/?s={search_term_string}\"},\"query-input\":\"required name=search_term_string\"}],\"inLanguage\":\"en-US\"},{\"@type\":\"WebPage\",\"@id\":\"https:\/\/mastermedurgencias.umh.es\/en\/asignaturas\/segundo-ano\/#webpage\",\"url\":\"https:\/\/mastermedurgencias.umh.es\/en\/asignaturas\/segundo-ano\/\",\"name\":\"Second year - M\\u00e1ster en Medicina de Urgencias y Emergencias\",\"isPartOf\":{\"@id\":\"https:\/\/mastermedurgencias.umh.es\/#website\"},\"datePublished\":\"2013-07-26T13:06:49+00:00\",\"dateModified\":\"2022-10-05T06:43:04+00:00\",\"breadcrumb\":{\"@id\":\"https:\/\/mastermedurgencias.umh.es\/en\/asignaturas\/segundo-ano\/#breadcrumb\"},\"inLanguage\":\"en-US\",\"potentialAction\":[{\"@type\":\"ReadAction\",\"target\":[\"https:\/\/mastermedurgencias.umh.es\/en\/asignaturas\/segundo-ano\/\"]}]},{\"@type\":\"BreadcrumbList\",\"@id\":\"https:\/\/mastermedurgencias.umh.es\/en\/asignaturas\/segundo-ano\/#breadcrumb\",\"itemListElement\":[{\"@type\":\"ListItem\",\"position\":1,\"name\":\"Home\",\"item\":\"https:\/\/mastermedurgencias.umh.es\/en\/\"},{\"@type\":\"ListItem\",\"position\":2,\"name\":\"SUBJECTS\",\"item\":\"https:\/\/mastermedurgencias.umh.es\/en\/asignaturas\/\"},{\"@type\":\"ListItem\",\"position\":3,\"name\":\"Second year\"}]}]}<\/script>\n<!-- \/ Yoast SEO plugin. -->","yoast_head_json":{"title":"Second year - M\u00e1ster en Medicina de Urgencias y Emergencias","robots":{"index":"index","follow":"follow","max-snippet":"max-snippet:-1","max-image-preview":"max-image-preview:large","max-video-preview":"max-video-preview:-1"},"canonical":"https:\/\/mastermedurgencias.umh.es\/en\/asignaturas\/segundo-ano\/","og_locale":"en_US","og_type":"article","og_title":"Second year - M\u00e1ster en Medicina de Urgencias y Emergencias","og_description":"Accident and Emergency in Locomotor System Coordinator: Fernando L\u00f3pez Prats &nbsp; &nbsp; Accident and Emergency musculoskeletal Coordinator: Eliseo Pascual G\u00f3mez &nbsp; &nbsp; Medicine in the Adult Critical Patient I Coordinator: Juan Caturla Such &nbsp; &nbsp; Emergency and Psychiatric Emergencies Coordinator: Bartolom\u00e9 P\u00e9rez G\u00e1lvez &nbsp; &nbsp; Emergency Medicine and Pediatric Emergencies Coordinator: Mercedes Juste Ruiz &nbsp; [&hellip;]","og_url":"https:\/\/mastermedurgencias.umh.es\/en\/asignaturas\/segundo-ano\/","og_site_name":"M\u00e1ster en Medicina de Urgencias y Emergencias","article_modified_time":"2022-10-05T06:43:04+00:00","twitter_card":"summary","twitter_misc":{"Est. reading time":"1 minute"},"schema":{"@context":"https:\/\/schema.org","@graph":[{"@type":"WebSite","@id":"https:\/\/mastermedurgencias.umh.es\/#website","url":"https:\/\/mastermedurgencias.umh.es\/","name":"M\u00e1ster en Medicina de Urgencias y Emergencias","description":"Universidad Miguel Hern\u00e1ndez de Elche","potentialAction":[{"@type":"SearchAction","target":{"@type":"EntryPoint","urlTemplate":"https:\/\/mastermedurgencias.umh.es\/?s={search_term_string}"},"query-input":"required name=search_term_string"}],"inLanguage":"en-US"},{"@type":"WebPage","@id":"https:\/\/mastermedurgencias.umh.es\/en\/asignaturas\/segundo-ano\/#webpage","url":"https:\/\/mastermedurgencias.umh.es\/en\/asignaturas\/segundo-ano\/","name":"Second year - M\u00e1ster en Medicina de Urgencias y Emergencias","isPartOf":{"@id":"https:\/\/mastermedurgencias.umh.es\/#website"},"datePublished":"2013-07-26T13:06:49+00:00","dateModified":"2022-10-05T06:43:04+00:00","breadcrumb":{"@id":"https:\/\/mastermedurgencias.umh.es\/en\/asignaturas\/segundo-ano\/#breadcrumb"},"inLanguage":"en-US","potentialAction":[{"@type":"ReadAction","target":["https:\/\/mastermedurgencias.umh.es\/en\/asignaturas\/segundo-ano\/"]}]},{"@type":"BreadcrumbList","@id":"https:\/\/mastermedurgencias.umh.es\/en\/asignaturas\/segundo-ano\/#breadcrumb","itemListElement":[{"@type":"ListItem","position":1,"name":"Home","item":"https:\/\/mastermedurgencias.umh.es\/en\/"},{"@type":"ListItem","position":2,"name":"SUBJECTS","item":"https:\/\/mastermedurgencias.umh.es\/en\/asignaturas\/"},{"@type":"ListItem","position":3,"name":"Second year"}]}]}},"_links":{"self":[{"href":"https:\/\/mastermedurgencias.umh.es\/en\/wp-json\/wp\/v2\/pages\/10207"}],"collection":[{"href":"https:\/\/mastermedurgencias.umh.es\/en\/wp-json\/wp\/v2\/pages"}],"about":[{"href":"https:\/\/mastermedurgencias.umh.es\/en\/wp-json\/wp\/v2\/types\/page"}],"author":[{"embeddable":true,"href":"https:\/\/mastermedurgencias.umh.es\/en\/wp-json\/wp\/v2\/users\/3804"}],"replies":[{"embeddable":true,"href":"https:\/\/mastermedurgencias.umh.es\/en\/wp-json\/wp\/v2\/comments?post=10207"}],"version-history":[{"count":0,"href":"https:\/\/mastermedurgencias.umh.es\/en\/wp-json\/wp\/v2\/pages\/10207\/revisions"}],"up":[{"embeddable":true,"href":"https:\/\/mastermedurgencias.umh.es\/en\/wp-json\/wp\/v2\/pages\/10180"}],"wp:attachment":[{"href":"https:\/\/mastermedurgencias.umh.es\/en\/wp-json\/wp\/v2\/media?parent=10207"}],"curies":[{"name":"wp","href":"https:\/\/api.w.org\/{rel}","templated":true}]}}