{"id":10234,"date":"2021-07-17T06:23:13","date_gmt":"2021-07-17T06:23:13","guid":{"rendered":"https:\/\/mastermedurgencias.umh.es\/calendario-curso-2022-2023\/calendario-academico-umh-2022-2023\/"},"modified":"2022-10-05T07:03:00","modified_gmt":"2022-10-05T07:03:00","slug":"calendario-academico-umh-2022-2023","status":"publish","type":"page","link":"https:\/\/mastermedurgencias.umh.es\/en\/calendario-curso-2022-2023\/calendario-academico-umh-2022-2023\/","title":{"rendered":"Calendario acad\u00e9mico UMH 2022-2023"},"content":{"rendered":"<p>[et_pb_section fb_built=&#8221;1&#8243; admin_label=&#8221;section&#8221; _builder_version=&#8221;4.16&#8243; global_colors_info=&#8221;{}&#8221;][et_pb_row admin_label=&#8221;row&#8221; _builder_version=&#8221;4.16&#8243; background_size=&#8221;initial&#8221; background_position=&#8221;top_left&#8221; background_repeat=&#8221;repeat&#8221; global_colors_info=&#8221;{}&#8221;][et_pb_column type=&#8221;4_4&#8243; _builder_version=&#8221;4.16&#8243; custom_padding=&#8221;|||&#8221; global_colors_info=&#8221;{}&#8221; custom_padding__hover=&#8221;|||&#8221;][et_pb_text admin_label=&#8221;Text&#8221; _builder_version=&#8221;4.17.4&#8243; background_size=&#8221;initial&#8221; background_position=&#8221;top_left&#8221; background_repeat=&#8221;repeat&#8221; hover_enabled=&#8221;0&#8243; global_colors_info=&#8221;{}&#8221; sticky_enabled=&#8221;0&#8243;]The academic calendar of the University Miguel Hern\u00e1ndez of Elche 2019-20, approved by Consejo de Gobierno on April 10, 2019, responds to numerous doubts about deadlines, academic and non-academic periods, normative, pre-registration and registration.<\/p>\n<p><strong><a href=\"http:\/\/mastermedurgencias.umh.es\/files\/2020\/09\/Calendario-acad\u00e9mico-UMH-2020-2021.pdf\">&gt;&gt; Download the academic calendar UMH 2019-2020 on pdf right now<\/a><\/strong><br \/>\n[\/et_pb_text][\/et_pb_column][\/et_pb_row][\/et_pb_section]<\/p>\n","protected":false},"excerpt":{"rendered":"<p>The academic calendar of the University Miguel Hern\u00e1ndez of Elche 2019-20, approved by Consejo de Gobierno on April 10, 2019, responds to numerous doubts about deadlines, academic and non-academic periods, normative, pre-registration and registration. &gt;&gt; Download the academic calendar UMH 2019-2020 on pdf right now<\/p>\n","protected":false},"author":6375,"featured_media":0,"parent":10216,"menu_order":0,"comment_status":"closed","ping_status":"closed","template":"","meta":{"_et_pb_use_builder":"on","_et_pb_old_content":"[:es]El calendario acad\u00e9mico de la Universidad Miguel Hern\u00e1ndez de Elche 2022-2023, aprobado por Consejo de Gobierno de la Universidad Miguel Hern\u00e1ndez de Elche, responde a numerosas dudas respecto a plazos, periodos lectivos y no lectivos, normativas, preinscripci\u00f3n y matr\u00edcula.\r\n\r\n<a href=\"https:\/\/mastermedurgencias.umh.es\/files\/2022\/07\/Calendario-Acade\u0301mico_22_23.pdf\">Calendario-Acade\u0301mico_22_23<\/a>>>> Descarga ahora el Calendario acad\u00e9mico UMH 2022-2023 en pdf\r\n<a href=\"https:\/\/mastermedurgencias.umh.es\/files\/2022\/07\/Calendario-Acade\u0301mico_22_23_page-0001.jpg\"><img class=\"alignnone wp-image-6811 size-full\" src=\"https:\/\/mastermedurgencias.umh.es\/files\/2022\/07\/Calendario-Acade\u0301mico_22_23_page-0001.jpg\" alt=\"\" width=\"1241\" height=\"1755\" \/><\/a>\r\n\r\n<a href=\"https:\/\/mastermedurgencias.umh.es\/files\/2022\/07\/Calendario-Acade\u0301mico_22_23_page-0002.jpg\"><img class=\"alignnone wp-image-6814 size-full\" src=\"https:\/\/mastermedurgencias.umh.es\/files\/2022\/07\/Calendario-Acade\u0301mico_22_23_page-0002.jpg\" alt=\"\" width=\"1241\" height=\"1755\" \/><\/a>\r\n\r\n<a href=\"https:\/\/mastermedurgencias.umh.es\/files\/2022\/07\/Calendario-Acade\u0301mico_22_23_page-0003.jpg\"><img class=\"alignnone wp-image-6817 size-full\" src=\"https:\/\/mastermedurgencias.umh.es\/files\/2022\/07\/Calendario-Acade\u0301mico_22_23_page-0003.jpg\" alt=\"\" width=\"1241\" height=\"1755\" \/><\/a>\r\n\r\n<a href=\"https:\/\/mastermedurgencias.umh.es\/files\/2022\/07\/Calendario-Acade\u0301mico_22_23_page-0004.jpg\"><img class=\"alignnone wp-image-6820 size-full\" src=\"https:\/\/mastermedurgencias.umh.es\/files\/2022\/07\/Calendario-Acade\u0301mico_22_23_page-0004.jpg\" alt=\"\" width=\"1241\" height=\"1755\" \/><\/a>\r\n\r\n<a href=\"https:\/\/mastermedurgencias.umh.es\/files\/2022\/07\/Calendario-Acade\u0301mico_22_23_page-0005.jpg\"><img class=\"alignnone wp-image-6823 size-full\" src=\"https:\/\/mastermedurgencias.umh.es\/files\/2022\/07\/Calendario-Acade\u0301mico_22_23_page-0005.jpg\" alt=\"\" width=\"1241\" height=\"1755\" \/><\/a>\r\n\r\n<a href=\"https:\/\/mastermedurgencias.umh.es\/files\/2022\/07\/Calendario-Acade\u0301mico_22_23_page-0006.jpg\"><img class=\"alignnone wp-image-6826 size-full\" src=\"https:\/\/mastermedurgencias.umh.es\/files\/2022\/07\/Calendario-Acade\u0301mico_22_23_page-0006.jpg\" alt=\"\" width=\"1241\" height=\"1755\" \/><\/a>\r\n\r\n<a href=\"https:\/\/mastermedurgencias.umh.es\/files\/2022\/07\/Calendario-Acade\u0301mico_22_23_page-0007.jpg\"><img class=\"alignnone wp-image-6829 size-full\" src=\"https:\/\/mastermedurgencias.umh.es\/files\/2022\/07\/Calendario-Acade\u0301mico_22_23_page-0007.jpg\" alt=\"\" width=\"1241\" height=\"1755\" \/><\/a>\r\n\r\n<a href=\"https:\/\/mastermedurgencias.umh.es\/files\/2022\/07\/Calendario-Acade\u0301mico_22_23_page-0008.jpg\"><img class=\"alignnone wp-image-6832 size-full\" src=\"https:\/\/mastermedurgencias.umh.es\/files\/2022\/07\/Calendario-Acade\u0301mico_22_23_page-0008.jpg\" alt=\"\" width=\"1241\" height=\"1755\" \/><\/a>\r\n\r\n<a href=\"https:\/\/mastermedurgencias.umh.es\/files\/2022\/07\/Calendario-Acade\u0301mico_22_23_page-0009.jpg\"><img class=\"alignnone wp-image-6835 size-full\" src=\"https:\/\/mastermedurgencias.umh.es\/files\/2022\/07\/Calendario-Acade\u0301mico_22_23_page-0009.jpg\" alt=\"\" width=\"1241\" height=\"1755\" \/><\/a>\r\n\r\n<a href=\"https:\/\/mastermedurgencias.umh.es\/files\/2022\/07\/Calendario-Acade\u0301mico_22_23_page-0010.jpg\"><img class=\"alignnone wp-image-6838 size-full\" src=\"https:\/\/mastermedurgencias.umh.es\/files\/2022\/07\/Calendario-Acade\u0301mico_22_23_page-0010.jpg\" alt=\"\" width=\"1241\" height=\"1755\" \/><\/a>\r\n\r\n\u00a0\r\n\r\n\u00a0\r\n\r\n\u00a0\r\n\r\n\u00a0\r\n\r\n\u00a0\r\n\r\n\u00a0\r\n\r\n\u00a0\r\n\r\n\u00a0\r\n\r\n\u00a0[:en]The academic calendar of the University Miguel Hern\u00e1ndez of Elche 2019-20, approved by Consejo de Gobierno on April 10, 2019, responds to numerous doubts about deadlines, academic and non-academic periods, normative, pre-registration and registration.\r\n\r\n<strong><a href=\"http:\/\/mastermedurgencias.umh.es\/files\/2020\/09\/Calendario-acad\u00e9mico-UMH-2020-2021.pdf\">>> Download the academic calendar UMH 2019-2020 on pdf right now<\/a><\/strong>\r\n\u00a0\r\n\r\n    \r\n    \r\n\u00a0[:ca]El calendari acad\u00e8mic de la Universitat Miguel Hern\u00e1ndez d'Elx 2019-20, aprovat per Consell de Govern en la seua sessi\u00f3 de 10 d'abril de 2019, respon a nombrosos dubtes respecte a terminis, per\u00edodes lectius i no lectius, normatives, preinscripci\u00f3 i matr\u00edcula.\r\n\r\n<strong><a href=\"http:\/\/mastermedurgencias.umh.es\/files\/2020\/09\/Calendario-acad\u00e9mico-UMH-2020-2021.pdf\">>> Desc\u00e0rrega ara el Calendari acad\u00e8mic UMH 2019 2020 en pdf<\/a><\/strong>\r\n\u00a0\r\n\r\n    \r\n    \r\n\u00a0[:]","_et_gb_content_width":"","_links_to":"","_links_to_target":""},"yoast_head":"<!-- This site is optimized with the Yoast SEO plugin v17.5 - https:\/\/yoast.com\/wordpress\/plugins\/seo\/ -->\n<title>Calendario acad\u00e9mico UMH 2022-2023 - M\u00e1ster en Medicina de Urgencias y Emergencias<\/title>\n<meta name=\"robots\" content=\"index, follow, max-snippet:-1, max-image-preview:large, max-video-preview:-1\" \/>\n<link rel=\"canonical\" href=\"https:\/\/mastermedurgencias.umh.es\/en\/calendario-curso-2022-2023\/calendario-academico-umh-2022-2023\/\" \/>\n<meta property=\"og:locale\" content=\"en_US\" \/>\n<meta property=\"og:type\" content=\"article\" \/>\n<meta property=\"og:title\" content=\"Calendario acad\u00e9mico UMH 2022-2023 - M\u00e1ster en Medicina de Urgencias y Emergencias\" \/>\n<meta property=\"og:description\" content=\"The academic calendar of the University Miguel Hern\u00e1ndez of Elche 2019-20, approved by Consejo de Gobierno on April 10, 2019, responds to numerous doubts about deadlines, academic and non-academic periods, normative, pre-registration and registration. &gt;&gt; Download the academic calendar UMH 2019-2020 on pdf right now\" \/>\n<meta property=\"og:url\" content=\"https:\/\/mastermedurgencias.umh.es\/en\/calendario-curso-2022-2023\/calendario-academico-umh-2022-2023\/\" \/>\n<meta property=\"og:site_name\" content=\"M\u00e1ster en Medicina de Urgencias y Emergencias\" \/>\n<meta property=\"article:modified_time\" content=\"2022-10-05T07:03:00+00:00\" \/>\n<meta name=\"twitter:card\" content=\"summary\" \/>\n<meta name=\"twitter:label1\" content=\"Est. reading time\" \/>\n\t<meta name=\"twitter:data1\" content=\"1 minute\" \/>\n<script type=\"application\/ld+json\" class=\"yoast-schema-graph\">{\"@context\":\"https:\/\/schema.org\",\"@graph\":[{\"@type\":\"WebSite\",\"@id\":\"https:\/\/mastermedurgencias.umh.es\/#website\",\"url\":\"https:\/\/mastermedurgencias.umh.es\/\",\"name\":\"M\\u00e1ster en Medicina de Urgencias y Emergencias\",\"description\":\"Universidad Miguel Hern\\u00e1ndez de Elche\",\"potentialAction\":[{\"@type\":\"SearchAction\",\"target\":{\"@type\":\"EntryPoint\",\"urlTemplate\":\"https:\/\/mastermedurgencias.umh.es\/?s={search_term_string}\"},\"query-input\":\"required name=search_term_string\"}],\"inLanguage\":\"en-US\"},{\"@type\":\"WebPage\",\"@id\":\"https:\/\/mastermedurgencias.umh.es\/en\/calendario-curso-2022-2023\/calendario-academico-umh-2022-2023\/#webpage\",\"url\":\"https:\/\/mastermedurgencias.umh.es\/en\/calendario-curso-2022-2023\/calendario-academico-umh-2022-2023\/\",\"name\":\"Calendario acad\\u00e9mico UMH 2022-2023 - M\\u00e1ster en Medicina de Urgencias y Emergencias\",\"isPartOf\":{\"@id\":\"https:\/\/mastermedurgencias.umh.es\/#website\"},\"datePublished\":\"2021-07-17T06:23:13+00:00\",\"dateModified\":\"2022-10-05T07:03:00+00:00\",\"breadcrumb\":{\"@id\":\"https:\/\/mastermedurgencias.umh.es\/en\/calendario-curso-2022-2023\/calendario-academico-umh-2022-2023\/#breadcrumb\"},\"inLanguage\":\"en-US\",\"potentialAction\":[{\"@type\":\"ReadAction\",\"target\":[\"https:\/\/mastermedurgencias.umh.es\/en\/calendario-curso-2022-2023\/calendario-academico-umh-2022-2023\/\"]}]},{\"@type\":\"BreadcrumbList\",\"@id\":\"https:\/\/mastermedurgencias.umh.es\/en\/calendario-curso-2022-2023\/calendario-academico-umh-2022-2023\/#breadcrumb\",\"itemListElement\":[{\"@type\":\"ListItem\",\"position\":1,\"name\":\"Home\",\"item\":\"https:\/\/mastermedurgencias.umh.es\/en\/\"},{\"@type\":\"ListItem\",\"position\":2,\"name\":\"CALENDARIO CURSO 2021-2022\",\"item\":\"https:\/\/mastermedurgencias.umh.es\/en\/calendario-curso-2022-2023\/\"},{\"@type\":\"ListItem\",\"position\":3,\"name\":\"Calendario acad\\u00e9mico UMH 2022-2023\"}]}]}<\/script>\n<!-- \/ Yoast SEO plugin. -->","yoast_head_json":{"title":"Calendario acad\u00e9mico UMH 2022-2023 - M\u00e1ster en Medicina de Urgencias y Emergencias","robots":{"index":"index","follow":"follow","max-snippet":"max-snippet:-1","max-image-preview":"max-image-preview:large","max-video-preview":"max-video-preview:-1"},"canonical":"https:\/\/mastermedurgencias.umh.es\/en\/calendario-curso-2022-2023\/calendario-academico-umh-2022-2023\/","og_locale":"en_US","og_type":"article","og_title":"Calendario acad\u00e9mico UMH 2022-2023 - M\u00e1ster en Medicina de Urgencias y Emergencias","og_description":"The academic calendar of the University Miguel Hern\u00e1ndez of Elche 2019-20, approved by Consejo de Gobierno on April 10, 2019, responds to numerous doubts about deadlines, academic and non-academic periods, normative, pre-registration and registration. &gt;&gt; Download the academic calendar UMH 2019-2020 on pdf right now","og_url":"https:\/\/mastermedurgencias.umh.es\/en\/calendario-curso-2022-2023\/calendario-academico-umh-2022-2023\/","og_site_name":"M\u00e1ster en Medicina de Urgencias y Emergencias","article_modified_time":"2022-10-05T07:03:00+00:00","twitter_card":"summary","twitter_misc":{"Est. reading time":"1 minute"},"schema":{"@context":"https:\/\/schema.org","@graph":[{"@type":"WebSite","@id":"https:\/\/mastermedurgencias.umh.es\/#website","url":"https:\/\/mastermedurgencias.umh.es\/","name":"M\u00e1ster en Medicina de Urgencias y Emergencias","description":"Universidad Miguel Hern\u00e1ndez de Elche","potentialAction":[{"@type":"SearchAction","target":{"@type":"EntryPoint","urlTemplate":"https:\/\/mastermedurgencias.umh.es\/?s={search_term_string}"},"query-input":"required name=search_term_string"}],"inLanguage":"en-US"},{"@type":"WebPage","@id":"https:\/\/mastermedurgencias.umh.es\/en\/calendario-curso-2022-2023\/calendario-academico-umh-2022-2023\/#webpage","url":"https:\/\/mastermedurgencias.umh.es\/en\/calendario-curso-2022-2023\/calendario-academico-umh-2022-2023\/","name":"Calendario acad\u00e9mico UMH 2022-2023 - M\u00e1ster en Medicina de Urgencias y Emergencias","isPartOf":{"@id":"https:\/\/mastermedurgencias.umh.es\/#website"},"datePublished":"2021-07-17T06:23:13+00:00","dateModified":"2022-10-05T07:03:00+00:00","breadcrumb":{"@id":"https:\/\/mastermedurgencias.umh.es\/en\/calendario-curso-2022-2023\/calendario-academico-umh-2022-2023\/#breadcrumb"},"inLanguage":"en-US","potentialAction":[{"@type":"ReadAction","target":["https:\/\/mastermedurgencias.umh.es\/en\/calendario-curso-2022-2023\/calendario-academico-umh-2022-2023\/"]}]},{"@type":"BreadcrumbList","@id":"https:\/\/mastermedurgencias.umh.es\/en\/calendario-curso-2022-2023\/calendario-academico-umh-2022-2023\/#breadcrumb","itemListElement":[{"@type":"ListItem","position":1,"name":"Home","item":"https:\/\/mastermedurgencias.umh.es\/en\/"},{"@type":"ListItem","position":2,"name":"CALENDARIO CURSO 2021-2022","item":"https:\/\/mastermedurgencias.umh.es\/en\/calendario-curso-2022-2023\/"},{"@type":"ListItem","position":3,"name":"Calendario acad\u00e9mico UMH 2022-2023"}]}]}},"_links":{"self":[{"href":"https:\/\/mastermedurgencias.umh.es\/en\/wp-json\/wp\/v2\/pages\/10234"}],"collection":[{"href":"https:\/\/mastermedurgencias.umh.es\/en\/wp-json\/wp\/v2\/pages"}],"about":[{"href":"https:\/\/mastermedurgencias.umh.es\/en\/wp-json\/wp\/v2\/types\/page"}],"author":[{"embeddable":true,"href":"https:\/\/mastermedurgencias.umh.es\/en\/wp-json\/wp\/v2\/users\/6375"}],"replies":[{"embeddable":true,"href":"https:\/\/mastermedurgencias.umh.es\/en\/wp-json\/wp\/v2\/comments?post=10234"}],"version-history":[{"count":0,"href":"https:\/\/mastermedurgencias.umh.es\/en\/wp-json\/wp\/v2\/pages\/10234\/revisions"}],"up":[{"embeddable":true,"href":"https:\/\/mastermedurgencias.umh.es\/en\/wp-json\/wp\/v2\/pages\/10216"}],"wp:attachment":[{"href":"https:\/\/mastermedurgencias.umh.es\/en\/wp-json\/wp\/v2\/media?parent=10234"}],"curies":[{"name":"wp","href":"https:\/\/api.w.org\/{rel}","templated":true}]}}