{"id":10318,"date":"2013-06-06T08:21:57","date_gmt":"2013-06-06T08:21:57","guid":{"rendered":"https:\/\/mastermedurgencias.umh.es\/contacte\/"},"modified":"2022-10-05T07:47:46","modified_gmt":"2022-10-05T07:47:46","slug":"contacte","status":"publish","type":"page","link":"https:\/\/mastermedurgencias.umh.es\/en\/contacte\/","title":{"rendered":"CONTACT"},"content":{"rendered":"<p><strong>Secretary of the Master&#8217;s Degree<\/strong><\/p>\n<p><strong>Juan Jos\u00e9 Torres Gonz\u00e1lez<\/strong><br \/>\n<b id=\"yui_3_16_0_1_1409644873952_64275\">Ver\u00f3nica Garc\u00eda Yago<\/b><br \/>\nMethodological advice and New technologies.<br \/>\n&nbsp;<br \/>\n&nbsp;<br \/>\n<strong><a title=\"You'll see it in a new window\" href=\"http:\/\/universite.umh.es\/localizaciones\/\" target=\"_blank\" rel=\"noopener\">LOCATION:<\/a><\/strong><br \/>\n&nbsp;<br \/>\nDepartment of Clinical Medicine of the UMH.<br \/>\n&nbsp;<br \/>\nSecretary of Department. 1st floor.<br \/>\nCrta. Nacional, N-332 s\/n,<br \/>\n03550 Sant Joan d&#8217;Alacant (Spain) (Spain)<br \/>\n&nbsp;<br \/>\n&nbsp;<br \/>\n<strong>Phone assistance:<\/strong><br \/>\n&nbsp;<br \/>\n<strong>Monday to Friday<\/strong> from <strong>8.00 am. to 3:00 pm.<\/strong><br \/>\n&nbsp;\u00a0<br \/>\nTel. <strong>965 91 93 61<\/strong><\/p>\n<p><a title=\"You'll see it in a new window\" href=\"http:\/\/departamentomedicinaclinica.edu.umh.es\/en\/\" target=\"_blank\" rel=\"noopener\">departamentomedicinaclinica.edu.umh.es<\/a><br \/>\n<a href=\"http:\/\/mastermedurgencias.umh.es\">mastermedurgencias.umh.es<\/a><br \/>\n<a title=\"You'll see it in a new window\" href=\"mailto:secretaria_master_medurgencias@goumh.umh.es\">secretaria_master_medurgencias@goumh.umh.es<\/a><\/p>\n<p>\u00a0<\/p>\n","protected":false},"excerpt":{"rendered":"<p>Secretary of the Master&#8217;s Degree Juan Jos\u00e9 Torres Gonz\u00e1lez Ver\u00f3nica Garc\u00eda Yago Methodological advice and New technologies. &nbsp; &nbsp; LOCATION: &nbsp; Department of Clinical Medicine of the UMH. &nbsp; Secretary of Department. 1st floor. Crta. Nacional, N-332 s\/n, 03550 Sant Joan d&#8217;Alacant (Spain) (Spain) &nbsp; &nbsp; Phone assistance: &nbsp; Monday to Friday from 8.00 am. [&hellip;]<\/p>\n","protected":false},"author":6363,"featured_media":0,"parent":0,"menu_order":60,"comment_status":"closed","ping_status":"closed","template":"","meta":{"_et_pb_use_builder":"","_et_pb_old_content":"","_et_gb_content_width":"","_links_to":"","_links_to_target":""},"yoast_head":"<!-- This site is optimized with the Yoast SEO plugin v17.5 - https:\/\/yoast.com\/wordpress\/plugins\/seo\/ -->\n<title>CONTACT - M\u00e1ster en Medicina de Urgencias y Emergencias<\/title>\n<meta name=\"robots\" content=\"index, follow, max-snippet:-1, max-image-preview:large, max-video-preview:-1\" \/>\n<link rel=\"canonical\" href=\"https:\/\/mastermedurgencias.umh.es\/en\/contacte\/\" \/>\n<meta property=\"og:locale\" content=\"en_US\" \/>\n<meta property=\"og:type\" content=\"article\" \/>\n<meta property=\"og:title\" content=\"CONTACT - M\u00e1ster en Medicina de Urgencias y Emergencias\" \/>\n<meta property=\"og:description\" content=\"Secretary of the Master&#8217;s Degree Juan Jos\u00e9 Torres Gonz\u00e1lez Ver\u00f3nica Garc\u00eda Yago Methodological advice and New technologies. &nbsp; &nbsp; LOCATION: &nbsp; Department of Clinical Medicine of the UMH. &nbsp; Secretary of Department. 1st floor. Crta. Nacional, N-332 s\/n, 03550 Sant Joan d&#8217;Alacant (Spain) (Spain) &nbsp; &nbsp; Phone assistance: &nbsp; Monday to Friday from 8.00 am. [&hellip;]\" \/>\n<meta property=\"og:url\" content=\"https:\/\/mastermedurgencias.umh.es\/en\/contacte\/\" \/>\n<meta property=\"og:site_name\" content=\"M\u00e1ster en Medicina de Urgencias y Emergencias\" \/>\n<meta property=\"article:modified_time\" content=\"2022-10-05T07:47:46+00:00\" \/>\n<meta name=\"twitter:card\" content=\"summary\" \/>\n<script type=\"application\/ld+json\" class=\"yoast-schema-graph\">{\"@context\":\"https:\/\/schema.org\",\"@graph\":[{\"@type\":\"WebSite\",\"@id\":\"https:\/\/mastermedurgencias.umh.es\/#website\",\"url\":\"https:\/\/mastermedurgencias.umh.es\/\",\"name\":\"M\\u00e1ster en Medicina de Urgencias y Emergencias\",\"description\":\"Universidad Miguel Hern\\u00e1ndez de Elche\",\"potentialAction\":[{\"@type\":\"SearchAction\",\"target\":{\"@type\":\"EntryPoint\",\"urlTemplate\":\"https:\/\/mastermedurgencias.umh.es\/?s={search_term_string}\"},\"query-input\":\"required name=search_term_string\"}],\"inLanguage\":\"en-US\"},{\"@type\":\"WebPage\",\"@id\":\"https:\/\/mastermedurgencias.umh.es\/en\/contacte\/#webpage\",\"url\":\"https:\/\/mastermedurgencias.umh.es\/en\/contacte\/\",\"name\":\"CONTACT - M\\u00e1ster en Medicina de Urgencias y Emergencias\",\"isPartOf\":{\"@id\":\"https:\/\/mastermedurgencias.umh.es\/#website\"},\"datePublished\":\"2013-06-06T08:21:57+00:00\",\"dateModified\":\"2022-10-05T07:47:46+00:00\",\"breadcrumb\":{\"@id\":\"https:\/\/mastermedurgencias.umh.es\/en\/contacte\/#breadcrumb\"},\"inLanguage\":\"en-US\",\"potentialAction\":[{\"@type\":\"ReadAction\",\"target\":[\"https:\/\/mastermedurgencias.umh.es\/en\/contacte\/\"]}]},{\"@type\":\"BreadcrumbList\",\"@id\":\"https:\/\/mastermedurgencias.umh.es\/en\/contacte\/#breadcrumb\",\"itemListElement\":[{\"@type\":\"ListItem\",\"position\":1,\"name\":\"Home\",\"item\":\"https:\/\/mastermedurgencias.umh.es\/en\/\"},{\"@type\":\"ListItem\",\"position\":2,\"name\":\"CONTACT\"}]}]}<\/script>\n<!-- \/ Yoast SEO plugin. -->","yoast_head_json":{"title":"CONTACT - M\u00e1ster en Medicina de Urgencias y Emergencias","robots":{"index":"index","follow":"follow","max-snippet":"max-snippet:-1","max-image-preview":"max-image-preview:large","max-video-preview":"max-video-preview:-1"},"canonical":"https:\/\/mastermedurgencias.umh.es\/en\/contacte\/","og_locale":"en_US","og_type":"article","og_title":"CONTACT - M\u00e1ster en Medicina de Urgencias y Emergencias","og_description":"Secretary of the Master&#8217;s Degree Juan Jos\u00e9 Torres Gonz\u00e1lez Ver\u00f3nica Garc\u00eda Yago Methodological advice and New technologies. &nbsp; &nbsp; LOCATION: &nbsp; Department of Clinical Medicine of the UMH. &nbsp; Secretary of Department. 1st floor. Crta. Nacional, N-332 s\/n, 03550 Sant Joan d&#8217;Alacant (Spain) (Spain) &nbsp; &nbsp; Phone assistance: &nbsp; Monday to Friday from 8.00 am. [&hellip;]","og_url":"https:\/\/mastermedurgencias.umh.es\/en\/contacte\/","og_site_name":"M\u00e1ster en Medicina de Urgencias y Emergencias","article_modified_time":"2022-10-05T07:47:46+00:00","twitter_card":"summary","schema":{"@context":"https:\/\/schema.org","@graph":[{"@type":"WebSite","@id":"https:\/\/mastermedurgencias.umh.es\/#website","url":"https:\/\/mastermedurgencias.umh.es\/","name":"M\u00e1ster en Medicina de Urgencias y Emergencias","description":"Universidad Miguel Hern\u00e1ndez de Elche","potentialAction":[{"@type":"SearchAction","target":{"@type":"EntryPoint","urlTemplate":"https:\/\/mastermedurgencias.umh.es\/?s={search_term_string}"},"query-input":"required name=search_term_string"}],"inLanguage":"en-US"},{"@type":"WebPage","@id":"https:\/\/mastermedurgencias.umh.es\/en\/contacte\/#webpage","url":"https:\/\/mastermedurgencias.umh.es\/en\/contacte\/","name":"CONTACT - M\u00e1ster en Medicina de Urgencias y Emergencias","isPartOf":{"@id":"https:\/\/mastermedurgencias.umh.es\/#website"},"datePublished":"2013-06-06T08:21:57+00:00","dateModified":"2022-10-05T07:47:46+00:00","breadcrumb":{"@id":"https:\/\/mastermedurgencias.umh.es\/en\/contacte\/#breadcrumb"},"inLanguage":"en-US","potentialAction":[{"@type":"ReadAction","target":["https:\/\/mastermedurgencias.umh.es\/en\/contacte\/"]}]},{"@type":"BreadcrumbList","@id":"https:\/\/mastermedurgencias.umh.es\/en\/contacte\/#breadcrumb","itemListElement":[{"@type":"ListItem","position":1,"name":"Home","item":"https:\/\/mastermedurgencias.umh.es\/en\/"},{"@type":"ListItem","position":2,"name":"CONTACT"}]}]}},"_links":{"self":[{"href":"https:\/\/mastermedurgencias.umh.es\/en\/wp-json\/wp\/v2\/pages\/10318"}],"collection":[{"href":"https:\/\/mastermedurgencias.umh.es\/en\/wp-json\/wp\/v2\/pages"}],"about":[{"href":"https:\/\/mastermedurgencias.umh.es\/en\/wp-json\/wp\/v2\/types\/page"}],"author":[{"embeddable":true,"href":"https:\/\/mastermedurgencias.umh.es\/en\/wp-json\/wp\/v2\/users\/6363"}],"replies":[{"embeddable":true,"href":"https:\/\/mastermedurgencias.umh.es\/en\/wp-json\/wp\/v2\/comments?post=10318"}],"version-history":[{"count":0,"href":"https:\/\/mastermedurgencias.umh.es\/en\/wp-json\/wp\/v2\/pages\/10318\/revisions"}],"wp:attachment":[{"href":"https:\/\/mastermedurgencias.umh.es\/en\/wp-json\/wp\/v2\/media?parent=10318"}],"curies":[{"name":"wp","href":"https:\/\/api.w.org\/{rel}","templated":true}]}}